{"id":10890,"date":"2025-03-12T14:39:05","date_gmt":"2025-03-12T17:39:05","guid":{"rendered":"https:\/\/isfd112-bue.infd.edu.ar\/sitio\/?page_id=10890"},"modified":"2026-03-07T23:35:48","modified_gmt":"2026-03-08T02:35:48","slug":"cambio-de-turno-primaria-o-unidad-curricular-de-todas-las-carreras","status":"publish","type":"page","link":"https:\/\/isfd112-bue.infd.edu.ar\/sitio\/cambio-de-turno-primaria-o-unidad-curricular-de-todas-las-carreras\/","title":{"rendered":"Solicitud de Cambio de Turno \/ Comisi\u00f3n en el Profesorado de Educaci\u00f3n Primaria"},"content":{"rendered":"\n<p>Para solicitar Cambio de turno \/ Comisi\u00f3n en el Profesorado de Educaci\u00f3n Primaria debe completar el siguiente formulario:<\/p>\n\n\n\n<p><a href=\"https:\/\/docs.google.com\/forms\/d\/e\/1FAIpQLSf7g5nC4lxNkar_evL0TlpTWXCoLyHMmn2ntUfSBL6P-v9Hcg\/viewform?usp=sharing&amp;ouid=108280219114628703778\">https:\/\/docs.google.com\/forms\/d\/e\/1FAIpQLSf7g5nC4lxNkar_evL0TlpTWXCoLyHMmn2ntUfSBL6P-v9Hcg\/viewform?usp=sharing&amp;ouid=108280219114628703778<\/a><\/p>\n\n\n\n<p>Una vez realizado el pedido recibir\u00e1 la respuesta por correo electr\u00f3nico en el plazo de 15 d\u00edas h\u00e1biles. <\/p>\n\n\n\n<p><strong>IMPORTANTE<\/strong>: el otorgamiento del cambio solicitado queda sujeto a la disponibilidad de vacantes en el turno\/comisi\u00f3n.<\/p>\n","protected":false},"excerpt":{"rendered":"<p>Para solicitar Cambio de turno \/ Comisi\u00f3n en el Profesorado de Educaci\u00f3n Primaria debe completar el siguiente formulario: https:\/\/docs.google.com\/forms\/d\/e\/1FAIpQLSf7g5nC4lxNkar_evL0TlpTWXCoLyHMmn2ntUfSBL6P-v9Hcg\/viewform?usp=sharing&amp;ouid=108280219114628703778 Una vez realizado el pedido recibir\u00e1 la respuesta por correo electr\u00f3nico en el plazo de 15 d\u00edas h\u00e1biles. IMPORTANTE: el otorgamiento del cambio solicitado queda sujeto a la disponibilidad de vacantes en el turno\/comisi\u00f3n.<\/p>\n","protected":false},"author":5172,"featured_media":0,"parent":0,"menu_order":0,"comment_status":"closed","ping_status":"closed","template":"","meta":[],"acf":[],"_links":{"self":[{"href":"https:\/\/isfd112-bue.infd.edu.ar\/sitio\/wp-json\/wp\/v2\/pages\/10890"}],"collection":[{"href":"https:\/\/isfd112-bue.infd.edu.ar\/sitio\/wp-json\/wp\/v2\/pages"}],"about":[{"href":"https:\/\/isfd112-bue.infd.edu.ar\/sitio\/wp-json\/wp\/v2\/types\/page"}],"author":[{"embeddable":true,"href":"https:\/\/isfd112-bue.infd.edu.ar\/sitio\/wp-json\/wp\/v2\/users\/5172"}],"replies":[{"embeddable":true,"href":"https:\/\/isfd112-bue.infd.edu.ar\/sitio\/wp-json\/wp\/v2\/comments?post=10890"}],"version-history":[{"count":5,"href":"https:\/\/isfd112-bue.infd.edu.ar\/sitio\/wp-json\/wp\/v2\/pages\/10890\/revisions"}],"predecessor-version":[{"id":12276,"href":"https:\/\/isfd112-bue.infd.edu.ar\/sitio\/wp-json\/wp\/v2\/pages\/10890\/revisions\/12276"}],"wp:attachment":[{"href":"https:\/\/isfd112-bue.infd.edu.ar\/sitio\/wp-json\/wp\/v2\/media?parent=10890"}],"curies":[{"name":"wp","href":"https:\/\/api.w.org\/{rel}","templated":true}]}}