{"id":11769,"date":"2025-12-30T09:16:29","date_gmt":"2025-12-30T12:16:29","guid":{"rendered":"https:\/\/isfd112-bue.infd.edu.ar\/sitio\/?page_id=11769"},"modified":"2025-12-30T09:35:42","modified_gmt":"2025-12-30T12:35:42","slug":"articulacion-con-unpaz","status":"publish","type":"page","link":"https:\/\/isfd112-bue.infd.edu.ar\/sitio\/articulacion-con-unpaz\/","title":{"rendered":"Articulaci\u00f3n con UNPAZ"},"content":{"rendered":"\n<p>Desde el a\u00f1o 2021 el ISFD 112 y la Universidad de Jos\u00e9 C. Paz (UNPAZ) llevan adelante un proyecto conjunto de articulaci\u00f3n para fortalecer y mejorar la formaci\u00f3n docente en Educaci\u00f3n Especial a trav\u00e9s del Post\u00edtulo \u00abDiplomatura Superior en la ense\u00f1anza de estudiantes con Sordoceguera\u00bb (Res 2567\/2022 de la DGCYE)<\/p>\n","protected":false},"excerpt":{"rendered":"<p>Desde el a\u00f1o 2021 el ISFD 112 y la Universidad de Jos\u00e9 C. Paz (UNPAZ) llevan adelante un proyecto conjunto de articulaci\u00f3n para fortalecer y mejorar la formaci\u00f3n docente en Educaci\u00f3n Especial a trav\u00e9s del Post\u00edtulo \u00abDiplomatura Superior en la ense\u00f1anza de estudiantes con Sordoceguera\u00bb (Res 2567\/2022 de la DGCYE)<\/p>\n","protected":false},"author":2232,"featured_media":0,"parent":0,"menu_order":0,"comment_status":"closed","ping_status":"closed","template":"","meta":[],"acf":[],"_links":{"self":[{"href":"https:\/\/isfd112-bue.infd.edu.ar\/sitio\/wp-json\/wp\/v2\/pages\/11769"}],"collection":[{"href":"https:\/\/isfd112-bue.infd.edu.ar\/sitio\/wp-json\/wp\/v2\/pages"}],"about":[{"href":"https:\/\/isfd112-bue.infd.edu.ar\/sitio\/wp-json\/wp\/v2\/types\/page"}],"author":[{"embeddable":true,"href":"https:\/\/isfd112-bue.infd.edu.ar\/sitio\/wp-json\/wp\/v2\/users\/2232"}],"replies":[{"embeddable":true,"href":"https:\/\/isfd112-bue.infd.edu.ar\/sitio\/wp-json\/wp\/v2\/comments?post=11769"}],"version-history":[{"count":2,"href":"https:\/\/isfd112-bue.infd.edu.ar\/sitio\/wp-json\/wp\/v2\/pages\/11769\/revisions"}],"predecessor-version":[{"id":11773,"href":"https:\/\/isfd112-bue.infd.edu.ar\/sitio\/wp-json\/wp\/v2\/pages\/11769\/revisions\/11773"}],"wp:attachment":[{"href":"https:\/\/isfd112-bue.infd.edu.ar\/sitio\/wp-json\/wp\/v2\/media?parent=11769"}],"curies":[{"name":"wp","href":"https:\/\/api.w.org\/{rel}","templated":true}]}}