{"id":11774,"date":"2025-12-30T09:42:03","date_gmt":"2025-12-30T12:42:03","guid":{"rendered":"https:\/\/isfd112-bue.infd.edu.ar\/sitio\/?page_id=11774"},"modified":"2025-12-31T18:10:31","modified_gmt":"2025-12-31T21:10:31","slug":"resolucion-de-creacion-de-la-diplomatura-en-la-ensenanza-de-estudiantes-con-sordoceguera","status":"publish","type":"page","link":"https:\/\/isfd112-bue.infd.edu.ar\/sitio\/resolucion-de-creacion-de-la-diplomatura-en-la-ensenanza-de-estudiantes-con-sordoceguera\/","title":{"rendered":"Resoluci\u00f3n de creaci\u00f3n del Post\u00edtulo \u00abDiplomatura en la ense\u00f1anza de estudiantes con Sordoceguera\u00bb"},"content":{"rendered":"\n<p><a href=\"https:\/\/isfd112-bue.infd.edu.ar\/sitio\/wp-content\/uploads\/2025\/12\/Unpaz-112-POSTITULO-RESOLUCION-Y-FIRMA-CONJUNTA.pdf\">https:\/\/isfd112-bue.infd.edu.ar\/sitio\/wp-content\/uploads\/2025\/12\/Unpaz-112-POSTITULO-RESOLUCION-Y-FIRMA-CONJUNTA.pdf<\/a><\/p>\n","protected":false},"excerpt":{"rendered":"<p>https:\/\/isfd112-bue.infd.edu.ar\/sitio\/wp-content\/uploads\/2025\/12\/Unpaz-112-POSTITULO-RESOLUCION-Y-FIRMA-CONJUNTA.pdf<\/p>\n","protected":false},"author":2232,"featured_media":0,"parent":0,"menu_order":0,"comment_status":"closed","ping_status":"closed","template":"","meta":[],"acf":[],"_links":{"self":[{"href":"https:\/\/isfd112-bue.infd.edu.ar\/sitio\/wp-json\/wp\/v2\/pages\/11774"}],"collection":[{"href":"https:\/\/isfd112-bue.infd.edu.ar\/sitio\/wp-json\/wp\/v2\/pages"}],"about":[{"href":"https:\/\/isfd112-bue.infd.edu.ar\/sitio\/wp-json\/wp\/v2\/types\/page"}],"author":[{"embeddable":true,"href":"https:\/\/isfd112-bue.infd.edu.ar\/sitio\/wp-json\/wp\/v2\/users\/2232"}],"replies":[{"embeddable":true,"href":"https:\/\/isfd112-bue.infd.edu.ar\/sitio\/wp-json\/wp\/v2\/comments?post=11774"}],"version-history":[{"count":2,"href":"https:\/\/isfd112-bue.infd.edu.ar\/sitio\/wp-json\/wp\/v2\/pages\/11774\/revisions"}],"predecessor-version":[{"id":11847,"href":"https:\/\/isfd112-bue.infd.edu.ar\/sitio\/wp-json\/wp\/v2\/pages\/11774\/revisions\/11847"}],"wp:attachment":[{"href":"https:\/\/isfd112-bue.infd.edu.ar\/sitio\/wp-json\/wp\/v2\/media?parent=11774"}],"curies":[{"name":"wp","href":"https:\/\/api.w.org\/{rel}","templated":true}]}}