{"id":12023,"date":"2026-02-10T12:19:58","date_gmt":"2026-02-10T15:19:58","guid":{"rendered":"https:\/\/isfd112-bue.infd.edu.ar\/sitio\/?page_id=12023"},"modified":"2026-02-10T12:19:59","modified_gmt":"2026-02-10T15:19:59","slug":"coleccion-didactica","status":"publish","type":"page","link":"https:\/\/isfd112-bue.infd.edu.ar\/sitio\/coleccion-didactica\/","title":{"rendered":"Colecci\u00f3n Did\u00e1ctica"},"content":{"rendered":"\n<p>1.<img decoding=\"async\" src=\"https:\/\/isfd112-bue.infd.edu.ar\/sitio\/wp-content\/uploads\/2018\/08\/lapiz_verde.gif\" alt=\"Vi\u00f1eta l\u00e1piz verde\">&nbsp;Arena, Marta y Torres, Susana (Compiladoras).&nbsp;SECUENCIAS DID\u00c1CTICAS PARA LA EPB.&nbsp;San Miguel. 2005<\/p>\n\n\n\n<p>2.<img decoding=\"async\" src=\"https:\/\/isfd112-bue.infd.edu.ar\/sitio\/wp-content\/uploads\/2018\/08\/lapiz_verde.gif\" alt=\"Vi\u00f1eta l\u00e1piz verde\">&nbsp;Arena, Marta; Gori, Marisa y Torres, Susana.&nbsp;DISE\u00d1O DEL PROYECTO CURRICULAR INSTITUCIONAL EN LA ESCUELA. San Miguel. 2005<\/p>\n\n\n\n<h6 class=\"wp-block-heading\">3.\u00a0\u00a0<img decoding=\"async\" src=\"https:\/\/isfd112-bue.infd.edu.ar\/sitio\/wp-content\/uploads\/2018\/08\/lapiz_verde.gif\" alt=\"Vi\u00f1eta l\u00e1piz verde\">\u00a0Arena, Marta y Torres, Susana (Compiladoras).\u00a0PROYECTOS DE ENSE\u00d1ANZA PARA LA EPB<\/h6>\n\n\n\n<p>4.&nbsp;<img decoding=\"async\" src=\"https:\/\/isfd112-bue.infd.edu.ar\/sitio\/wp-content\/uploads\/2018\/08\/lapiz_verde.gif\" alt=\"Vi\u00f1eta l\u00e1piz verde\">&nbsp;Arena, Marta.&nbsp;LA CLASE Y SUS MOMENTOS.&nbsp;San Miguel. 2006<\/p>\n\n\n\n<p>5.&nbsp;<img decoding=\"async\" src=\"https:\/\/isfd112-bue.infd.edu.ar\/sitio\/wp-content\/uploads\/2018\/08\/lapiz_verde.gif\" alt=\"Vi\u00f1eta l\u00e1piz verde\">&nbsp;Arena, Marta y Torres, Susana&nbsp;&nbsp;LAS VARIABLES DE LA PLANIFICACI\u00d3N. San Miguel. 2007.<\/p>\n\n\n\n<p>6. Arena, Marta; La Vita, Mar\u00eda Cristina; Torres, Susana.&nbsp;PROPUESTAS DE ENSE\u00d1ANZA PARA LAS CIENCIAS SOCIALES Educaci\u00f3n Primaria B\u00e1sica<\/p>\n","protected":false},"excerpt":{"rendered":"<p>1.&nbsp;Arena, Marta y Torres, Susana (Compiladoras).&nbsp;SECUENCIAS DID\u00c1CTICAS PARA LA EPB.&nbsp;San Miguel. 2005 2.&nbsp;Arena, Marta; Gori, Marisa y Torres, Susana.&nbsp;DISE\u00d1O DEL PROYECTO CURRICULAR INSTITUCIONAL EN LA ESCUELA. San Miguel. 2005 3.\u00a0\u00a0\u00a0Arena, Marta y Torres, Susana (Compiladoras).\u00a0PROYECTOS DE ENSE\u00d1ANZA PARA LA EPB 4.&nbsp;&nbsp;Arena, Marta.&nbsp;LA CLASE Y SUS MOMENTOS.&nbsp;San Miguel. 2006 5.&nbsp;&nbsp;Arena, Marta y Torres, Susana&nbsp;&nbsp;LAS VARIABLES DE &#8230; <a title=\"Colecci\u00f3n Did\u00e1ctica\" class=\"read-more\" href=\"https:\/\/isfd112-bue.infd.edu.ar\/sitio\/coleccion-didactica\/\" aria-label=\"More on Colecci\u00f3n Did\u00e1ctica\">[+]<\/a><\/p>\n","protected":false},"author":2232,"featured_media":0,"parent":0,"menu_order":0,"comment_status":"closed","ping_status":"closed","template":"","meta":[],"acf":[],"_links":{"self":[{"href":"https:\/\/isfd112-bue.infd.edu.ar\/sitio\/wp-json\/wp\/v2\/pages\/12023"}],"collection":[{"href":"https:\/\/isfd112-bue.infd.edu.ar\/sitio\/wp-json\/wp\/v2\/pages"}],"about":[{"href":"https:\/\/isfd112-bue.infd.edu.ar\/sitio\/wp-json\/wp\/v2\/types\/page"}],"author":[{"embeddable":true,"href":"https:\/\/isfd112-bue.infd.edu.ar\/sitio\/wp-json\/wp\/v2\/users\/2232"}],"replies":[{"embeddable":true,"href":"https:\/\/isfd112-bue.infd.edu.ar\/sitio\/wp-json\/wp\/v2\/comments?post=12023"}],"version-history":[{"count":1,"href":"https:\/\/isfd112-bue.infd.edu.ar\/sitio\/wp-json\/wp\/v2\/pages\/12023\/revisions"}],"predecessor-version":[{"id":12025,"href":"https:\/\/isfd112-bue.infd.edu.ar\/sitio\/wp-json\/wp\/v2\/pages\/12023\/revisions\/12025"}],"wp:attachment":[{"href":"https:\/\/isfd112-bue.infd.edu.ar\/sitio\/wp-json\/wp\/v2\/media?parent=12023"}],"curies":[{"name":"wp","href":"https:\/\/api.w.org\/{rel}","templated":true}]}}