{"id":12026,"date":"2026-02-10T12:20:28","date_gmt":"2026-02-10T15:20:28","guid":{"rendered":"https:\/\/isfd112-bue.infd.edu.ar\/sitio\/?page_id=12026"},"modified":"2026-02-10T12:27:03","modified_gmt":"2026-02-10T15:27:03","slug":"coleccion-indagaciones","status":"publish","type":"page","link":"https:\/\/isfd112-bue.infd.edu.ar\/sitio\/coleccion-indagaciones\/","title":{"rendered":"Colecci\u00f3n Indagaciones"},"content":{"rendered":"\n<p><strong>EDITORIAL ESCUELA NORMAL DOMINGO FAUSTINO SARMIENTO<\/strong><br>1.\u00a0<img decoding=\"async\" src=\"https:\/\/isfd112-bue.infd.edu.ar\/sitio\/wp-content\/uploads\/2018\/08\/lapiz_verde.gif\" alt=\"Vi\u00f1eta l\u00e1piz verde\">Torres, Susana Beatriz.\u00a0PROYECTO DE MEJORA DE LAS CONDICIONES DE DESARROLLO DE LA RESIDENCIA EN PROFESORADOS DE EGB 2. \u2013 1a ed. \u2013 Buenos Aires : el autor, 2005. 170 p. ; 21\u00d715 cm. ISBN 987-43-9257-6<\/p>\n\n\n\n<p>2.&nbsp;<img decoding=\"async\" src=\"https:\/\/isfd112-bue.infd.edu.ar\/sitio\/wp-content\/uploads\/2018\/08\/lapiz_verde.gif\" alt=\"Vi\u00f1eta l\u00e1piz verde\">Torres, Susana Beatriz.&nbsp;EL PROYECTO CURRICULAR INSTITUCIONAL EN ESCUELAS DE EGB 1 Y 2 DE SAN MIGUEL.&nbsp;\u2013 1a ed. \u2013 Buenos Aires : el autor, 2005. 85 p. ; 21\u00d715 cm. ISBN 987-43-9256-8<\/p>\n\n\n\n<p>3.<img decoding=\"async\" src=\"https:\/\/isfd112-bue.infd.edu.ar\/sitio\/wp-content\/uploads\/2018\/08\/lapiz_verde.gif\" alt=\"Vi\u00f1eta l\u00e1piz verde\">&nbsp;Arena, Marta Beatriz.&nbsp;SEGUIMIENTO Y ACTUALIZACI\u00d3N DE EGRESADOS. INSERCI\u00d3N LABORAL.&nbsp;San Miguel. 2005<\/p>\n\n\n\n<p>4.<img decoding=\"async\" src=\"https:\/\/isfd112-bue.infd.edu.ar\/sitio\/wp-content\/uploads\/2018\/08\/lapiz_verde.gif\" alt=\"Vi\u00f1eta l\u00e1piz verde\">&nbsp;Arena, Marta; Taylor, Viviana y Torres, Susana.&nbsp;EXPECTATIVAS DE LOS INGRESANTES A LAS CARRERAS DE PROFESORADO EN EL ISFD N\u00ba 112.&nbsp;Encuesta a aspirantes al Curso Inicial 2006.&nbsp;San Miguel.&nbsp;2006<\/p>\n\n\n\n<p>5.&nbsp;<img decoding=\"async\" src=\"https:\/\/isfd112-bue.infd.edu.ar\/sitio\/wp-content\/uploads\/2018\/08\/lapiz_verde.gif\" alt=\"Vi\u00f1eta l\u00e1piz verde\">&nbsp;Arena, Marta; Taylor, Viviana y Torres, Susana.&nbsp;CONCEPCIONES ACERCA DE LA ENSE\u00d1ANZA DE LOS ALUMNOS DEL PROFESORADO DE PRIMERO Y SEGUNDO CICLO DE LA EGB EN PROCESO DE PR\u00c1CTICA DOCENTE.&nbsp;Encuesta a Alumnos de la Pr\u00e1ctica Docente y Residencia Docente.&nbsp;San Miguel.&nbsp;2006<\/p>\n","protected":false},"excerpt":{"rendered":"<p>EDITORIAL ESCUELA NORMAL DOMINGO FAUSTINO SARMIENTO1.\u00a0Torres, Susana Beatriz.\u00a0PROYECTO DE MEJORA DE LAS CONDICIONES DE DESARROLLO DE LA RESIDENCIA EN PROFESORADOS DE EGB 2. \u2013 1a ed. \u2013 Buenos Aires : el autor, 2005. 170 p. ; 21\u00d715 cm. ISBN 987-43-9257-6 2.&nbsp;Torres, Susana Beatriz.&nbsp;EL PROYECTO CURRICULAR INSTITUCIONAL EN ESCUELAS DE EGB 1 Y 2 DE SAN &#8230; <a title=\"Colecci\u00f3n Indagaciones\" class=\"read-more\" href=\"https:\/\/isfd112-bue.infd.edu.ar\/sitio\/coleccion-indagaciones\/\" aria-label=\"More on Colecci\u00f3n Indagaciones\">[+]<\/a><\/p>\n","protected":false},"author":2232,"featured_media":0,"parent":0,"menu_order":0,"comment_status":"closed","ping_status":"closed","template":"","meta":[],"acf":[],"_links":{"self":[{"href":"https:\/\/isfd112-bue.infd.edu.ar\/sitio\/wp-json\/wp\/v2\/pages\/12026"}],"collection":[{"href":"https:\/\/isfd112-bue.infd.edu.ar\/sitio\/wp-json\/wp\/v2\/pages"}],"about":[{"href":"https:\/\/isfd112-bue.infd.edu.ar\/sitio\/wp-json\/wp\/v2\/types\/page"}],"author":[{"embeddable":true,"href":"https:\/\/isfd112-bue.infd.edu.ar\/sitio\/wp-json\/wp\/v2\/users\/2232"}],"replies":[{"embeddable":true,"href":"https:\/\/isfd112-bue.infd.edu.ar\/sitio\/wp-json\/wp\/v2\/comments?post=12026"}],"version-history":[{"count":2,"href":"https:\/\/isfd112-bue.infd.edu.ar\/sitio\/wp-json\/wp\/v2\/pages\/12026\/revisions"}],"predecessor-version":[{"id":12031,"href":"https:\/\/isfd112-bue.infd.edu.ar\/sitio\/wp-json\/wp\/v2\/pages\/12026\/revisions\/12031"}],"wp:attachment":[{"href":"https:\/\/isfd112-bue.infd.edu.ar\/sitio\/wp-json\/wp\/v2\/media?parent=12026"}],"curies":[{"name":"wp","href":"https:\/\/api.w.org\/{rel}","templated":true}]}}