{"id":12055,"date":"2026-02-16T21:14:03","date_gmt":"2026-02-17T00:14:03","guid":{"rendered":"https:\/\/isfd112-bue.infd.edu.ar\/sitio\/?page_id=12055"},"modified":"2026-02-19T21:07:13","modified_gmt":"2026-02-20T00:07:13","slug":"reinscripciones-2026","status":"publish","type":"page","link":"https:\/\/isfd112-bue.infd.edu.ar\/sitio\/reinscripciones-2026\/","title":{"rendered":"Reinscripciones 2026"},"content":{"rendered":"\n<p>Estimadas y estimados docentes en formaci\u00f3n:<\/p>\n\n\n\n<p>Queremos comunicarles que estamos trabajando arduamente para mejorar y facilitar la gesti\u00f3n administrativa de los tr\u00e1mites que ustedes deben realizar, con el objetivo de acompa\u00f1ar y favorecer sus trayectorias estudiantiles.<\/p>\n\n\n\n<p>Por lo tanto, a partir de este Ciclo Lectivo la REINSCRIPCI\u00d3N a las Unidades Curriculares que deseen cursar se llevar\u00e1 adelante en dos etapas, como se detalla a continuaci\u00f3n:<\/p>\n\n\n\n<p>Primera Etapa: ser\u00e1 virtual, a trav\u00e9s de formularios Google que deber\u00e1n completar por cada Unidad Curricular que cursar\u00e1n, considerando la carrera, el a\u00f1o. el turno y la divisi\u00f3n en la que se encuentran. Esta etapa debe finalizarse antes de la fecha asignada para la validaci\u00f3n de datos en forma presencial. Pueden acceder a trav\u00e9s del siguiente link:<\/p>\n\n\n\n<p><a href=\"https:\/\/isfd112-bue.infd.edu.ar\/sitio\/reinscripciones-2026-primera-etapa-completar-formularios\/\">https:\/\/isfd112-bue.infd.edu.ar\/sitio\/reinscripciones-2026-primera-etapa-completar-formularios\/<\/a><\/p>\n\n\n\n<p>Segunda Etapa: ser\u00e1 presencial, asistiendo al Instituto para la validaci\u00f3n de los datos que se volcaron en los formularios, en los d\u00edas y horarios que se detallan en el cronograma respectivo. Pueden acceder a trav\u00e9s del siguiente link:    <\/p>\n\n\n\n<p><a rel=\"noreferrer noopener\" href=\"https:\/\/isfd112-bue.infd.edu.ar\/sitio\/reinscripciones-2026-segunda-etapa-validacion-de-datos-en-forma-presencial\/\" data-type=\"URL\" data-id=\"https:\/\/isfd112-bue.infd.edu.ar\/sitio\/reinscripciones-2026-segunda-etapa-validacion-de-datos-en-forma-presencial\/\" target=\"_blank\">https:\/\/isfd112-bue.infd.edu.ar\/sitio\/reinscripciones-2026-segunda-etapa-validacion-de-datos-en-forma-presencial\/<\/a> <\/p>\n\n\n\n<p>Porque somos una gran Comunidad Educativa es muy importante promover solidaria y colectivamente las mejores condiciones que se encuentren a nuestro alcance para ense\u00f1ar y aprender. Para ello es fundamental que cada una y cada uno podamos colaborar con nuestra Asociaci\u00f3n Cooperadora con un bono contribuci\u00f3n anual de $30.000. Este aporte se puede realizar en un solo pago o en cuotas, seg\u00fan la posibilidad de cada quien. Los d\u00edas en que se desarrolle la validaci\u00f3n de datos en forma presencial se encontrar\u00e1n representantes de la Cooperadora para que puedan efectuar su aporte.<\/p>\n\n\n\n<p>Ante cualquier inquietud no duden en consultar con la preceptora o el preceptor de cada carrera, o enviando un correo electr\u00f3nico al mail institucional: isfd112sanmiguel@abc.gob.ar.<\/p>\n\n\n\n<p>Saludos cordiales.<\/p>\n\n\n\n<p>Equipo Directivo<\/p>\n\n\n\n<p>ISFD N\u00b0112<\/p>\n\n\n\n<p>San Miguel<\/p>\n\n\n\n<p><\/p>\n","protected":false},"excerpt":{"rendered":"<p>Estimadas y estimados docentes en formaci\u00f3n: Queremos comunicarles que estamos trabajando arduamente para mejorar y facilitar la gesti\u00f3n administrativa de los tr\u00e1mites que ustedes deben realizar, con el objetivo de acompa\u00f1ar y favorecer sus trayectorias estudiantiles. Por lo tanto, a partir de este Ciclo Lectivo la REINSCRIPCI\u00d3N a las Unidades Curriculares que deseen cursar se &#8230; <a title=\"Reinscripciones 2026\" class=\"read-more\" href=\"https:\/\/isfd112-bue.infd.edu.ar\/sitio\/reinscripciones-2026\/\" aria-label=\"More on Reinscripciones 2026\">[+]<\/a><\/p>\n","protected":false},"author":2232,"featured_media":0,"parent":0,"menu_order":0,"comment_status":"closed","ping_status":"closed","template":"","meta":[],"acf":[],"_links":{"self":[{"href":"https:\/\/isfd112-bue.infd.edu.ar\/sitio\/wp-json\/wp\/v2\/pages\/12055"}],"collection":[{"href":"https:\/\/isfd112-bue.infd.edu.ar\/sitio\/wp-json\/wp\/v2\/pages"}],"about":[{"href":"https:\/\/isfd112-bue.infd.edu.ar\/sitio\/wp-json\/wp\/v2\/types\/page"}],"author":[{"embeddable":true,"href":"https:\/\/isfd112-bue.infd.edu.ar\/sitio\/wp-json\/wp\/v2\/users\/2232"}],"replies":[{"embeddable":true,"href":"https:\/\/isfd112-bue.infd.edu.ar\/sitio\/wp-json\/wp\/v2\/comments?post=12055"}],"version-history":[{"count":5,"href":"https:\/\/isfd112-bue.infd.edu.ar\/sitio\/wp-json\/wp\/v2\/pages\/12055\/revisions"}],"predecessor-version":[{"id":12077,"href":"https:\/\/isfd112-bue.infd.edu.ar\/sitio\/wp-json\/wp\/v2\/pages\/12055\/revisions\/12077"}],"wp:attachment":[{"href":"https:\/\/isfd112-bue.infd.edu.ar\/sitio\/wp-json\/wp\/v2\/media?parent=12055"}],"curies":[{"name":"wp","href":"https:\/\/api.w.org\/{rel}","templated":true}]}}