{"id":12062,"date":"2026-02-16T21:56:04","date_gmt":"2026-02-17T00:56:04","guid":{"rendered":"https:\/\/isfd112-bue.infd.edu.ar\/sitio\/?page_id=12062"},"modified":"2026-03-09T14:48:14","modified_gmt":"2026-03-09T17:48:14","slug":"reinscripciones-2026-segunda-etapa-validacion-de-datos-en-forma-presencial","status":"publish","type":"page","link":"https:\/\/isfd112-bue.infd.edu.ar\/sitio\/reinscripciones-2026-segunda-etapa-validacion-de-datos-en-forma-presencial\/","title":{"rendered":"Reinscripciones 2026 \u2013 Segunda Etapa \u2013 Validaci\u00f3n de datos en forma presencial"},"content":{"rendered":"\n<p>Para concluir el tr\u00e1mite de Reinscripci\u00f3n a cursada de materias en el Ciclo Lectivo 2026, deber\u00e1s presentarte en el instituto entre el 23 de febrero y el 13 de marzo, seg\u00fan el cronograma que se detalla a continuaci\u00f3n por carrera, turno, a\u00f1o y divisi\u00f3n:<\/p>\n\n\n\n<figure class=\"wp-block-table\"><table><tbody><tr><td>FECHA<\/td><td>PROFESORADO<\/td><td>CURSO<\/td><\/tr><tr><td>Mi\u00e9rcoles 25 de febrero<\/td><td>INICIAL \u2013 TURNO VESPERTINO<\/td><td>3\u00b0 1\u00b0<\/td><\/tr><tr><td>Mi\u00e9rcoles 25 de febrero<\/td><td>PRIMARIA \u2013 TURNO MA\u00d1ANA<\/td><td>3\u00b0 3\u00b0<\/td><\/tr><tr><td>Jueves 26 de febrero<\/td><td>INICIAL \u2013 TURNO VESPERTINO<\/td><td>3\u00b0 2\u00b0<\/td><\/tr><tr><td>Jueves 26 de febrero<\/td><td>PRIMARIA \u2013 TURNO VESPERTINO<\/td><td>3\u00b0 1\u00b0<\/td><\/tr><tr><td>Jueves 26 de febrero<\/td><td>ESPECIAL \u2013 TURNO VESPERTINO<\/td><td>3\u00b0 1\u00b0<\/td><\/tr><tr><td>Viernes 27 de febrero<\/td><td>INICIAL \u2013 TURNO VESPERTINO<\/td><td>3\u00b0 3\u00b0<\/td><\/tr><tr><td>Viernes 27 de febrero<\/td><td>PRIMARIA \u2013 TURNO MA\u00d1ANA<\/td><td>4\u00b0 3\u00b0<\/td><\/tr><tr><td>Viernes 27 de febrero<\/td><td>PRIMARIA \u2013 TURNO VESPERTINO<\/td><td>3\u00b0 2\u00b0<\/td><\/tr><tr><td>Lunes 2 de marzo<\/td><td>PRIMARIA \u2013 TURNO VESPERTINO<\/td><td>4\u00b0 1\u00b0<\/td><\/tr><tr><td>Lunes 2 de marzo<\/td><td>INICIAL \u2013 TURNO VESPERTINO<\/td><td>4\u00b0 1\u00b0<\/td><\/tr><tr><td>Martes 3 de marzo<\/td><td>PRIMARIA \u2013 TURNO VESPERTINO<\/td><td>4\u00b0 2\u00b0<\/td><\/tr><tr><td>Martes 3 de marzo<\/td><td>INICIAL \u2013 TURNO VESPERTINO<\/td><td>4\u00b0 2\u00b0<\/td><\/tr><tr><td>Martes 3 de marzo<\/td><td>ESPECIAL \u2013 TURNO VESPERTINO<\/td><td>4\u00b0 1\u00b0 Intelectuales<\/td><\/tr><tr><td>Mi\u00e9rcoles 4 de marzo<\/td><td>INICIAL \u2013 TURNO VESPERTINO<\/td><td>4\u00b0 3\u00b0<\/td><\/tr><tr><td>Mi\u00e9rcoles 4 de marzo<\/td><td>ESPECIAL \u2013 TURNO VESPERTINO<\/td><td>4\u00b0 2\u00b0 Neuromotores<\/td><\/tr><tr><td>Jueves 5 de marzo<\/td><td>INICIAL \u2013 TURNO VESPERTINO<\/td><td>Recursantes de 1\u00b0 1\u00b0, 1\u00b0 2\u00b0, 1\u00b0 3\u00b0 y 1\u00b0 4\u00b0<\/td><\/tr><tr><td>Jueves 5 de marzo<\/td><td>ESPECIAL \u2013 TURNO VESPERTINO<\/td><td>Recursantes 1\u00b0 1\u00b0 y 1\u00b0 2\u00b0<\/td><\/tr><tr><td>Jueves 5 de marzo<\/td><td>F\u00cdSICA \u2013 TURNO VESPERTINO<\/td><td>Recursantes 1\u00b0 1\u00b0<\/td><\/tr><tr><td>Viernes 6 de marzo<\/td><td>PRIMARIA \u2013 TURNO MA\u00d1ANA<\/td><td>Recursantes 1\u00b0 2\u00b0<\/td><\/tr><tr><td>Viernes 6 de marzo<\/td><td>PRIMARIA \u2013 TURNO TARDE<\/td><td>Recursantes 1\u00b0 4\u00b0<\/td><\/tr><tr><td>Viernes 6 de marzo<\/td><td>PRIMARIA \u2013 TURNO VESPERTINO<\/td><td>Recursantes 1\u00b0 1\u00b0 y 1\u00b0 3\u00b0<\/td><\/tr><tr><td>Lunes 9 de marzo<\/td><td>INICIAL &#8211; TURNO VESPERTINO<\/td><td>2\u00b0 1\u00b0<br>2\u00b0 2\u00b0<\/td><\/tr><tr><td>Lunes 9 de marzo<\/td><td>PRIMARIA \u2013 TURNO MA\u00d1ANA<\/td><td>2\u00b0 3\u00b0<\/td><\/tr><tr><td>Martes 10 de marzo<\/td><td>INICIAL \u2013 TURNO VESPERTINO<\/td><td>2\u00b0 3\u00b0<br>2\u00b0 4\u00b0<\/td><\/tr><tr><td>Martes 10 de marzo<\/td><td>PRIMARIA \u2013 TURNO VESPERTINO<\/td><td>2\u00b0 1\u00b0<br>2\u00b0 2\u00b0<\/td><\/tr><tr><td>Martes 10 de marzo<\/td><td>ESPECIAL \u2013 TURNO VESPERTINO<\/td><td>2\u00b0 1\u00b0<br>2\u00b0 2\u00b0<\/td><\/tr><tr><td>Martes 10 de marzo<\/td><td>F\u00cdSICA \u2013 TURNO VESPERTINO<\/td><td>2\u00b0 1\u00b0<br>3\u00b0 1\u00b0<br>4\u00b0 1\u00b0<\/td><\/tr><tr><td>Lunes 9 de marzo al viernes 13 de marzo<\/td><td>Estudiantes que no reinscribieron por adeudar acreditaci\u00f3n de materias en todas los profesorados<\/td><td>Todos los cursos<\/td><\/tr><\/tbody><\/table><\/figure>\n\n\n\n<h2 class=\"wp-block-heading\">Reprogramaci\u00f3n de Reinscripciones<\/h2>\n\n\n\n<figure class=\"wp-block-table\"><table><tbody><tr><td class=\"has-text-align-center\" data-align=\"center\"><strong>&nbsp;<\/strong> <strong>CARRERA<\/strong> <strong>&nbsp;<\/strong><\/td><td class=\"has-text-align-center\" data-align=\"center\"><strong>&nbsp;<\/strong> <strong>CURSO\/S<\/strong><\/td><td class=\"has-text-align-center\" data-align=\"center\"><strong>&nbsp;<\/strong> <strong>FECHA PUBLICADA<\/strong><\/td><td class=\"has-text-align-center\" data-align=\"center\"><strong>&nbsp;<\/strong> <strong>NUEVA FECHA<\/strong><\/td><\/tr><tr><td class=\"has-text-align-center\" data-align=\"center\"><strong>&nbsp;<\/strong> <strong>PROFESORADO DE EDUCACI\u00d3N INICIAL- TURNO VESPERTINO<\/strong><\/td><td class=\"has-text-align-center\" data-align=\"center\"><strong>&nbsp;<\/strong> <strong>3\u00b0 3\u00b0<\/strong><\/td><td class=\"has-text-align-center\" data-align=\"center\">&nbsp; 27\/02<\/td><td class=\"has-text-align-center\" data-align=\"center\">&nbsp; 04\/03<\/td><\/tr><tr><td class=\"has-text-align-center\" data-align=\"center\"><strong>&nbsp;<\/strong> <strong>PROFESORADO DE EDUCACI\u00d3N PRIMARIA-<\/strong> <strong>TURNO VESPERTINO<\/strong> <strong>&nbsp;<\/strong><\/td><td class=\"has-text-align-center\" data-align=\"center\"><strong>&nbsp;<\/strong> <strong>3\u00b0 2\u00b0<\/strong><\/td><td class=\"has-text-align-center\" data-align=\"center\">&nbsp; 27\/02<\/td><td class=\"has-text-align-center\" data-align=\"center\">&nbsp; 05\/03<\/td><\/tr><tr><td class=\"has-text-align-center\" data-align=\"center\"><strong>PROFESORADO DE EDUCACI\u00d3N INICIAL<\/strong> <strong>\u2013 TURNO VESPERTINO<\/strong><\/td><td class=\"has-text-align-center\" data-align=\"center\"><strong>4\u00b0 1\u00b0<\/strong><\/td><td class=\"has-text-align-center\" data-align=\"center\">2\/03<\/td><td class=\"has-text-align-center\" data-align=\"center\">11\/03<\/td><\/tr><tr><td class=\"has-text-align-center\" data-align=\"center\"><strong>PROFESORADO DE EDUCACI\u00d3N PRIMARIA \u2013 TURNO VESPERTINO<\/strong><\/td><td class=\"has-text-align-center\" data-align=\"center\"><strong>4\u00b0 1\u00b0<\/strong><\/td><td class=\"has-text-align-center\" data-align=\"center\">2\/03<\/td><td class=\"has-text-align-center\" data-align=\"center\">11\/03<\/td><\/tr><tr><td class=\"has-text-align-center\" data-align=\"center\"><strong>PROFESORADO DE EDUCACI\u00d3N INICIAL<\/strong>&#8211; <strong>TURNO VESPERTINO<\/strong><\/td><td class=\"has-text-align-center\" data-align=\"center\"><strong>2\u00b0 1<\/strong>\u00b0<\/td><td class=\"has-text-align-center\" data-align=\"center\">09\/03<\/td><td class=\"has-text-align-center\" data-align=\"center\">12\/03<\/td><\/tr><tr><td class=\"has-text-align-center\" data-align=\"center\"><strong>PROFESORADO DE EDUCACI\u00d3N INICIAL<\/strong>&#8211; <strong>TURNO VESPERTINO<\/strong><\/td><td class=\"has-text-align-center\" data-align=\"center\"><strong>2\u00b0 2\u00b0<\/strong><\/td><td class=\"has-text-align-center\" data-align=\"center\">09\/03 <\/td><td class=\"has-text-align-center\" data-align=\"center\">12\/03<\/td><\/tr><\/tbody><\/table><\/figure>\n\n\n\n<p>Los horarios, lugares y responsables para realizar la reinscripci\u00f3n ser\u00e1n:<\/p>\n\n\n\n<p><br>TURNO MA\u00d1ANA, entre las 9 y las 11hs. Asistir\u00e1n las y los docentes en formaci\u00f3n que cursan el Profesorado de Educaci\u00f3n Primaria en el turno respectivo y las y los docentes en formaci\u00f3n de 1\u00b04\u00b0 que pasan a la ma\u00f1ana por la discontinuidad del 2\u00b0 en el turno tarde.<br>Este tr\u00e1mite administrativo se desarrollar\u00e1 en la sede del instituto sita en Arg\u00fcero 1138, San Miguel.<br>La responsable de esta tarea ser\u00e1 la Preceptora del TM, Andrea Santoro.<\/p>\n\n\n\n<p>TURNO VESPERTINO, entre las 19 y las 21.30 hs. Asistir\u00e1n las y los docentes en formaci\u00f3n de todas las carreras que cursan en el turno respectivo y las y los docentes en formaci\u00f3n de 1\u00b04\u00b0 que pasan a la noche por la discontinuidad del 2\u00b0 en el turno tarde.<br>Este tr\u00e1mite administrativo se desarrollar\u00e1 en la sede del instituto ingresando por Paunero 2030, San Miguel.<br>Las responsables ser\u00e1n las preceptoras de cada carrera.<\/p>\n\n\n\n<p>TURNO TARDE, entre las 13.30 a 16 hs. S\u00f3lo recursantes de materias de 1\u00b0 4\u00b0. Este tr\u00e1mite administrativo se realizar\u00e1 en la sede del instituto, ingresando por Arg\u00fcero 1138, San Miguel.<\/p>\n\n\n\n<p><strong>Quienes puedan colaborar el d\u00eda de la Reinscripci\u00f3n estar\u00e1n representantes de nuestra Asociaci\u00f3n Cooperadora con el Bono Contribuci\u00f3n anual de $ 30.000 o lo que cada uno\/a pueda contribuir<\/strong>.<\/p>\n\n\n\n<p>REQUISITOS PARA LA REINSCRIPCI\u00d3N<br>Considerando que es muy importante para la trayectoria acad\u00e9mica de cada una y cada uno inscribirse a las Unidades Curriculares que cursar\u00e1n en este ciclo lectivo, la actividad ser\u00e1 personal, sin excepci\u00f3n.<\/p>\n\n\n\n<p>Para realizar el tr\u00e1mite deber\u00e1n contar con:<br>Libreta del\/a estudiante completa.<br>DNI actualizado.<\/p>\n\n\n\n<p>IMPORTANTE:<br>SE PODR\u00c1N INSCRIBIR A LAS DISTINTAS UNIDADES CURRICULARES CONFORME AL R\u00c9GIMEN DE CORRELATIVIDADES VIGENTE- COMUNICACI\u00d3N 109\/23- Y AL NUEVO R\u00c9GIMEN ACAD\u00c9MICO MARCO- RESOLUCI\u00d3N 4196\/24-.<\/p>\n\n\n\n<p><strong>ACLARACI\u00d3N IMPORTANTE<\/strong><\/p>\n\n\n\n<p>Los siguientes tr\u00e1mites:<\/p>\n\n\n\n<ul>\n<li>Cambio de turno.<\/li>\n\n\n\n<li>Itinerancia interna.<\/li>\n\n\n\n<li>Cambio de curso.<\/li>\n<\/ul>\n\n\n\n<p>Se tratar\u00e1n luego del per\u00edodo de reinscripci\u00f3n. Se brindar\u00e1 la informaci\u00f3n oportunamente a trav\u00e9s de la P\u00e1gina Web y el Equipo de Preceptoras.<br>Quedamos a disposici\u00f3n para resolver cualquier duda o inquietud que se presente.<br>Saludos cordiales.<\/p>\n\n\n\n<p>Equipo Directivo.<br>ISFD N\u00b0112<\/p>\n\n\n\n<p><\/p>\n","protected":false},"excerpt":{"rendered":"<p>Para concluir el tr\u00e1mite de Reinscripci\u00f3n a cursada de materias en el Ciclo Lectivo 2026, deber\u00e1s presentarte en el instituto entre el 23 de febrero y el 13 de marzo, seg\u00fan el cronograma que se detalla a continuaci\u00f3n por carrera, turno, a\u00f1o y divisi\u00f3n: FECHA PROFESORADO CURSO Mi\u00e9rcoles 25 de febrero INICIAL \u2013 TURNO VESPERTINO &#8230; <a title=\"Reinscripciones 2026 \u2013 Segunda Etapa \u2013 Validaci\u00f3n de datos en forma presencial\" class=\"read-more\" href=\"https:\/\/isfd112-bue.infd.edu.ar\/sitio\/reinscripciones-2026-segunda-etapa-validacion-de-datos-en-forma-presencial\/\" aria-label=\"More on Reinscripciones 2026 \u2013 Segunda Etapa \u2013 Validaci\u00f3n de datos en forma presencial\">[+]<\/a><\/p>\n","protected":false},"author":2232,"featured_media":0,"parent":0,"menu_order":0,"comment_status":"closed","ping_status":"closed","template":"","meta":[],"acf":[],"_links":{"self":[{"href":"https:\/\/isfd112-bue.infd.edu.ar\/sitio\/wp-json\/wp\/v2\/pages\/12062"}],"collection":[{"href":"https:\/\/isfd112-bue.infd.edu.ar\/sitio\/wp-json\/wp\/v2\/pages"}],"about":[{"href":"https:\/\/isfd112-bue.infd.edu.ar\/sitio\/wp-json\/wp\/v2\/types\/page"}],"author":[{"embeddable":true,"href":"https:\/\/isfd112-bue.infd.edu.ar\/sitio\/wp-json\/wp\/v2\/users\/2232"}],"replies":[{"embeddable":true,"href":"https:\/\/isfd112-bue.infd.edu.ar\/sitio\/wp-json\/wp\/v2\/comments?post=12062"}],"version-history":[{"count":8,"href":"https:\/\/isfd112-bue.infd.edu.ar\/sitio\/wp-json\/wp\/v2\/pages\/12062\/revisions"}],"predecessor-version":[{"id":12292,"href":"https:\/\/isfd112-bue.infd.edu.ar\/sitio\/wp-json\/wp\/v2\/pages\/12062\/revisions\/12292"}],"wp:attachment":[{"href":"https:\/\/isfd112-bue.infd.edu.ar\/sitio\/wp-json\/wp\/v2\/media?parent=12062"}],"curies":[{"name":"wp","href":"https:\/\/api.w.org\/{rel}","templated":true}]}}