{"id":12082,"date":"2026-02-16T23:20:20","date_gmt":"2026-02-17T02:20:20","guid":{"rendered":"https:\/\/isfd112-bue.infd.edu.ar\/sitio\/?page_id=12082"},"modified":"2026-02-19T21:08:32","modified_gmt":"2026-02-20T00:08:32","slug":"fisica-formularios-de-reinscripcion-2026","status":"publish","type":"page","link":"https:\/\/isfd112-bue.infd.edu.ar\/sitio\/fisica-formularios-de-reinscripcion-2026\/","title":{"rendered":"F\u00edsica &#8211; Formularios de Reinscripci\u00f3n 2026"},"content":{"rendered":"\n<p><strong>FORMULARIOS DE REINSCRIPCI\u00d3N PARA CURSAR MATERIAS EN CICLO LECTIVO 2026 &#8211;&nbsp; FISICA PLAN NUEVO TURNO VESPERTINO<\/strong><strong><\/strong><\/p>\n\n\n\n<p>Deben completarse los formularios de todas las materias que deseas cursar en Ciclo lectivo 2026.<\/p>\n\n\n\n<p>Para concluir el tr\u00e1mite de Reinscripci\u00f3n <strong>deben acercarse en forma presencial<\/strong> en el ISFD 112 (Paunero 2030, San Miguel) <strong>el d\u00eda y horario indicado<\/strong> para la revisi\u00f3n de los datos declarados.<\/p>\n\n\n\n<p><strong>Aclaraci\u00f3n importante<\/strong>: se han modificado los formularios de modo que se puedan completar de forma r\u00e1pida y sencilla. En relaci\u00f3n al tr\u00e1mite presencial tambi\u00e9n se ha modificado la gesti\u00f3n para que sea de modo \u00e1gil y pueda realizarse en pocos minutos. Quienes puedan colaborar el d\u00eda de la Reinscripci\u00f3n estar\u00e1n representantes de nuestra Asociaci\u00f3n Cooperadora con el Bono Contribuci\u00f3n anual de $ 30.000 o lo que cada uno\/a pueda contribuir.<\/p>\n\n\n\n<p>\u00a1Muchas gracias por ser parte de la Comunidad del 112!<\/p>\n\n\n\n<p>Cualquier consulta pueden acercarse al equipo de preceptores\/as de cada turno y carrera, o por mail isfd112sanmiguel@abc.gob.ar<\/p>\n\n\n\n<figure class=\"wp-block-table\"><table><tbody><tr><td>A\u00d1O \/ DIVISI\u00d3N<\/td><td>MATERIA \/ DOCENTE<\/td><td>D\u00cdA Y HORARIO DEL TR\u00c1MITE PRESENCIAL&nbsp;&nbsp;&nbsp;&nbsp;&nbsp;&nbsp;&nbsp;&nbsp;&nbsp;&nbsp;&nbsp;&nbsp;&nbsp;&nbsp;<\/td><td>FORMULARIO<\/td><\/tr><tr><td>1\u00b0 1\u00b0 <strong>Recursantes<\/strong><\/td><td>INTRODUCCI\u00d3N A LOS SISTEMAS BIOL\u00d3GICOS &#8211; FORTUNATO<\/td><td>5\/3\/26 \u2013 19 hs<\/td><td><a href=\"https:\/\/docs.google.com\/forms\/d\/e\/1FAIpQLSclK3G7ZIrC06psehw7rMmuh2RDWwIih5ghj5LFKVTYLx1-VA\/viewform?usp=sharing&amp;ouid=108280219114628703778\">https:\/\/docs.google.com\/forms\/d\/e\/1FAIpQLSclK3G7ZIrC06psehw7rMmuh2RDWwIih5ghj5LFKVTYLx1-VA\/viewform?usp=sharing&amp;ouid=108280219114628703778<\/a><\/td><\/tr><tr><td>1\u00b0 1\u00b0 <strong>Recursantes<\/strong><\/td><td>INTRODUCCI\u00d3N A LA F\u00cdSICA Y ELEMENTOS DE ASTRONOM\u00cdA &#8211; MALDONADO<\/td><td>5\/3\/26 \u2013 19 hs<\/td><td><a href=\"https:\/\/docs.google.com\/forms\/d\/e\/1FAIpQLSfMqlaIN6g5p_PYNs91fsuTlAPAvIM4_jJxbZuRMlwAj4f5wA\/viewform?usp=sharing&amp;ouid=108280219114628703778\">https:\/\/docs.google.com\/forms\/d\/e\/1FAIpQLSfMqlaIN6g5p_PYNs91fsuTlAPAvIM4_jJxbZuRMlwAj4f5wA\/viewform?usp=sharing&amp;ouid=108280219114628703778<\/a><\/td><\/tr><tr><td>1\u00b0 1\u00b0 <strong>Recursantes<\/strong><\/td><td>PEDAGOG\u00cdA &#8211; LOPEZ<\/td><td>5\/3\/26 \u2013 19 hs<\/td><td><a href=\"https:\/\/docs.google.com\/forms\/d\/e\/1FAIpQLScCTobTyqbujk9xyiPTivfwS7cmBJzcRifyWw3x3UEg48BLlA\/viewform?usp=sharing&amp;ouid=108280219114628703778\">https:\/\/docs.google.com\/forms\/d\/e\/1FAIpQLScCTobTyqbujk9xyiPTivfwS7cmBJzcRifyWw3x3UEg48BLlA\/viewform?usp=sharing&amp;ouid=108280219114628703778<\/a><\/td><\/tr><tr><td>1\u00b0 1\u00b0 <strong>Recursantes<\/strong><\/td><td>EDUCACI\u00d3N Y TRANSFORMACIONES SOCIALES CONTEMPOR\u00c1NEAS &#8211; LOPEZ<\/td><td>5\/3\/26 \u2013 19 hs<\/td><td><a href=\"https:\/\/docs.google.com\/forms\/d\/e\/1FAIpQLSen136hh0CDyc92lAuGyxJq7l6gvgmwvJKYaQqy-L9mLynwfg\/viewform?usp=sharing&amp;ouid=108280219114628703778\">https:\/\/docs.google.com\/forms\/d\/e\/1FAIpQLSen136hh0CDyc92lAuGyxJq7l6gvgmwvJKYaQqy-L9mLynwfg\/viewform?usp=sharing&amp;ouid=108280219114628703778<\/a><\/td><\/tr><tr><td>1\u00b0 1\u00b0 <strong>Recursantes<\/strong><\/td><td>QU\u00cdMICA Y LA ACTIVIDAD EXPERIMENTAL I &#8211; ZARATE<\/td><td>5\/3\/26 \u2013 19 hs<\/td><td><a href=\"https:\/\/docs.google.com\/forms\/d\/e\/1FAIpQLSdXMO_HBMDOcXcQAM8-lSCi0A-wyidzVyrANbENoG2J_5nzKg\/viewform?usp=sharing&amp;ouid=108280219114628703778\">https:\/\/docs.google.com\/forms\/d\/e\/1FAIpQLSdXMO_HBMDOcXcQAM8-lSCi0A-wyidzVyrANbENoG2J_5nzKg\/viewform?usp=sharing&amp;ouid=108280219114628703778<\/a><\/td><\/tr><tr><td>1\u00b0 1\u00b0 <strong>Recursantes<\/strong><\/td><td>MATEM\u00c1TICA Y CIENCIAS NATURALES I &#8211; LEDESMA<\/td><td>5\/3\/26 \u2013 19 hs<\/td><td><a href=\"https:\/\/docs.google.com\/forms\/d\/e\/1FAIpQLScTxCy9mfYQ3jl2MBJNn2bVFxcP_t8xLhJR_J9W0vTvxXh9-g\/viewform?usp=sharing&amp;ouid=108280219114628703778\">https:\/\/docs.google.com\/forms\/d\/e\/1FAIpQLScTxCy9mfYQ3jl2MBJNn2bVFxcP_t8xLhJR_J9W0vTvxXh9-g\/viewform?usp=sharing&amp;ouid=108280219114628703778<\/a><\/td><\/tr><tr><td>1\u00b0 1\u00b0 <strong>Recursantes<\/strong><\/td><td>EDUCACI\u00d3N SEXUAL INTEGRAL<\/td><td>5\/3\/26 \u2013 19 hs<\/td><td><a href=\"https:\/\/docs.google.com\/forms\/d\/e\/1FAIpQLScWo7MHsvPpstyeZUwjN4i5lS6c4qI4iu1w4xhi3Zfl-UxQqg\/viewform?usp=sharing&amp;ouid=108280219114628703778\">https:\/\/docs.google.com\/forms\/d\/e\/1FAIpQLScWo7MHsvPpstyeZUwjN4i5lS6c4qI4iu1w4xhi3Zfl-UxQqg\/viewform?usp=sharing&amp;ouid=108280219114628703778<\/a><\/td><\/tr><tr><td>1\u00b0 1\u00b0 <strong>Recursantes<\/strong><\/td><td>CULTURA DIGITAL<\/td><td>5\/3\/26 \u2013 19 hs<\/td><td><a href=\"https:\/\/docs.google.com\/forms\/d\/e\/1FAIpQLSdLvPlMqE0pdcg1o_eJdFZfYyOhnjFslTWUEyoOC8CS7MDDrw\/viewform?usp=sharing&amp;ouid=108280219114628703778\">https:\/\/docs.google.com\/forms\/d\/e\/1FAIpQLSdLvPlMqE0pdcg1o_eJdFZfYyOhnjFslTWUEyoOC8CS7MDDrw\/viewform?usp=sharing&amp;ouid=108280219114628703778<\/a><\/td><\/tr><tr><td>1\u00b0 1\u00b0 <strong>Recursantes<\/strong><\/td><td>CAMPO DE LA PR\u00c1CTICA 1<\/td><td>5\/3\/26 \u2013 19 hs<\/td><td><a href=\"https:\/\/docs.google.com\/forms\/d\/e\/1FAIpQLSdPBvB-JFYdytBImMpn5eko2hsjMzbKLikm9098T1uTZsbDaQ\/viewform?usp=sharing&amp;ouid=108280219114628703778\">https:\/\/docs.google.com\/forms\/d\/e\/1FAIpQLSdPBvB-JFYdytBImMpn5eko2hsjMzbKLikm9098T1uTZsbDaQ\/viewform?usp=sharing&amp;ouid=108280219114628703778<\/a><\/td><\/tr><tr><td>2\u00b0 1\u00b0<\/td><td>DID\u00c1CTICA DE LAS CIENCIAS NATURALES &#8211; REALE<\/td><td>10\/3\/26 &#8211; 19 hs<\/td><td><a href=\"https:\/\/docs.google.com\/forms\/d\/e\/1FAIpQLSfxguCkNnWhYm5ABxY1X_PTui8dhfo-NRTmin2PULFg8xgwQQ\/viewform?usp=sharing&amp;ouid=108280219114628703778\">https:\/\/docs.google.com\/forms\/d\/e\/1FAIpQLSfxguCkNnWhYm5ABxY1X_PTui8dhfo-NRTmin2PULFg8xgwQQ\/viewform?usp=sharing&amp;ouid=108280219114628703778<\/a><\/td><\/tr><tr><td>2\u00b0 1\u00b0<\/td><td>DID\u00c1CTICA Y CURRICULUM &#8211; RODRIGUEZ<\/td><td>10\/3\/26 &#8211; 19 hs<\/td><td><a href=\"https:\/\/docs.google.com\/forms\/d\/e\/1FAIpQLSdV6v3-GtrdgcGkwYCzkwuelcLJIE7xRgpJqGXgkgN53BrG5w\/viewform?usp=sharing&amp;ouid=108280219114628703778\">https:\/\/docs.google.com\/forms\/d\/e\/1FAIpQLSdV6v3-GtrdgcGkwYCzkwuelcLJIE7xRgpJqGXgkgN53BrG5w\/viewform?usp=sharing&amp;ouid=108280219114628703778<\/a><\/td><\/tr><tr><td>2\u00b0 1\u00b0<\/td><td>PSICOLOG\u00cdA DEL APRENDIZAJE &#8211; FLEITA<\/td><td>10\/3\/26 &#8211; 19 hs<\/td><td><a href=\"https:\/\/docs.google.com\/forms\/d\/e\/1FAIpQLSe7lKz_cJc2VZARZvaeVwHp60QikCovV43Qk_rKC4r1Lcs_Yg\/viewform?usp=sharing&amp;ouid=108280219114628703778\">https:\/\/docs.google.com\/forms\/d\/e\/1FAIpQLSe7lKz_cJc2VZARZvaeVwHp60QikCovV43Qk_rKC4r1Lcs_Yg\/viewform?usp=sharing&amp;ouid=108280219114628703778<\/a><\/td><\/tr><tr><td>2\u00b0 1\u00b0<\/td><td>QU\u00cdMICA Y LA ACTIVIDAD EXPERIMENTAL II \u2013 BARROZO<\/td><td>10\/3\/26 &#8211; 19 hs<\/td><td><a href=\"https:\/\/docs.google.com\/forms\/d\/e\/1FAIpQLSd5JoEldXuj4Fu6UggUTY7PMtMoqK0_wsgfMgrGuErNVmZiEQ\/viewform?usp=sharing&amp;ouid=108280219114628703778\">https:\/\/docs.google.com\/forms\/d\/e\/1FAIpQLSd5JoEldXuj4Fu6UggUTY7PMtMoqK0_wsgfMgrGuErNVmZiEQ\/viewform?usp=sharing&amp;ouid=108280219114628703778<\/a><\/td><\/tr><tr><td>2\u00b0 1\u00b0 &nbsp;<\/td><td>AN\u00c1LISIS DE LAS INSTITUCIONES EDUCATIVAS &#8211; OJEDA<\/td><td>10\/3\/26 &#8211; 19 hs<\/td><td><a href=\"https:\/\/docs.google.com\/forms\/d\/e\/1FAIpQLSc-FR5iXtL9J9TEl1YEZYUFRgOuS6ZgpTMA5GDU_pEB8JFh4Q\/viewform?usp=sharing&amp;ouid=108280219114628703778\">https:\/\/docs.google.com\/forms\/d\/e\/1FAIpQLSc-FR5iXtL9J9TEl1YEZYUFRgOuS6ZgpTMA5GDU_pEB8JFh4Q\/viewform?usp=sharing&amp;ouid=108280219114628703778<\/a><\/td><\/tr><tr><td>2\u00b0 1\u00b0<\/td><td>PENSAMIENTO POL\u00cdTICO PEDAG\u00d3GICO LATINOAMERICANO &#8211; LOPEZ<\/td><td>10\/3\/26 &#8211; 19 hs<\/td><td><a href=\"https:\/\/docs.google.com\/forms\/d\/e\/1FAIpQLSco8fJ3b2LPtkVzpZiZb76-1Rpe9ssYaSG5W8-6RxuEleXNRQ\/viewform?usp=sharing&amp;ouid=108280219114628703778\">https:\/\/docs.google.com\/forms\/d\/e\/1FAIpQLSco8fJ3b2LPtkVzpZiZb76-1Rpe9ssYaSG5W8-6RxuEleXNRQ\/viewform?usp=sharing&amp;ouid=108280219114628703778<\/a><\/td><\/tr><tr><td>2\u00b0 1\u00b0<\/td><td>MATEM\u00c1TICA Y CIENCIAS NATURALES II \u2013 DA SILVA<\/td><td>10\/3\/26 &#8211; 19 hs<\/td><td><a href=\"https:\/\/docs.google.com\/forms\/d\/e\/1FAIpQLSfiAvfiW_SM1VHCdtxckn_Ec78TYPN1zYhY018RsHXwExK7JQ\/viewform?usp=sharing&amp;ouid=108280219114628703778\">https:\/\/docs.google.com\/forms\/d\/e\/1FAIpQLSfiAvfiW_SM1VHCdtxckn_Ec78TYPN1zYhY018RsHXwExK7JQ\/viewform?usp=sharing&amp;ouid=108280219114628703778<\/a><\/td><\/tr><tr><td>2\u00b0 1\u00b0<\/td><td>FUNDAMENTOS Y MODELOS DE LA MEC\u00c1NICA CL\u00c1SICA \u2013 BARROZO<\/td><td>10\/3\/26 &#8211; 19 hs<\/td><td><a href=\"https:\/\/docs.google.com\/forms\/d\/e\/1FAIpQLSdNSbeSg8kjwZmx91ail4ciX70Pi0fDpPbZtFQzdeXir6K31A\/viewform?usp=sharing&amp;ouid=108280219114628703778\">https:\/\/docs.google.com\/forms\/d\/e\/1FAIpQLSdNSbeSg8kjwZmx91ail4ciX70Pi0fDpPbZtFQzdeXir6K31A\/viewform?usp=sharing&amp;ouid=108280219114628703778<\/a><\/td><\/tr><tr><td>2\u00b0 1\u00b0<\/td><td>CIENCIAS DE LA TIERRA &nbsp;<\/td><td>10\/3\/26 &#8211; 19 hs<\/td><td><a href=\"https:\/\/docs.google.com\/forms\/d\/e\/1FAIpQLSdD-y5wSlWXVvQoZOLTYwAhp8N3NxANdmt06Bp4Zls_rQaNeQ\/viewform?usp=sharing&amp;ouid=108280219114628703778\">https:\/\/docs.google.com\/forms\/d\/e\/1FAIpQLSdD-y5wSlWXVvQoZOLTYwAhp8N3NxANdmt06Bp4Zls_rQaNeQ\/viewform?usp=sharing&amp;ouid=108280219114628703778<\/a><\/td><\/tr><tr><td>2\u00b0 1\u00b0 &nbsp;<\/td><td>ACTIVIDADES EXPERIMENTALES DE CY T ESCOLAR<\/td><td>10\/3\/26 &#8211; 19 hs<\/td><td><a href=\"https:\/\/docs.google.com\/forms\/d\/e\/1FAIpQLSekj3RF7HkVe51y7X5_zLVBYvleS05f5d7kuc8AU0OcTQABTQ\/viewform?usp=sharing&amp;ouid=108280219114628703778\">https:\/\/docs.google.com\/forms\/d\/e\/1FAIpQLSekj3RF7HkVe51y7X5_zLVBYvleS05f5d7kuc8AU0OcTQABTQ\/viewform?usp=sharing&amp;ouid=108280219114628703778<\/a><\/td><\/tr><tr><td>2\u00b0 1\u00b0<\/td><td>CAMPO DE LA PR\u00c1CTICA 2<\/td><td>10\/3\/26 &#8211; 19 hs<\/td><td><a href=\"https:\/\/docs.google.com\/forms\/d\/e\/1FAIpQLSdFG2na2QLABEtFbS18FEEcWa1ldrC3WDpcb5ERjac4T980Kw\/viewform?usp=sharing&amp;ouid=108280219114628703778\">https:\/\/docs.google.com\/forms\/d\/e\/1FAIpQLSdFG2na2QLABEtFbS18FEEcWa1ldrC3WDpcb5ERjac4T980Kw\/viewform?usp=sharing&amp;ouid=108280219114628703778<\/a><\/td><\/tr><tr><td>3\u00b0 1\u00b0<\/td><td>TRAYECTORIAS EDUCATIVAS DE J\u00d3VENES Y ADULTOS \u2013 FLEITA &nbsp;<\/td><td>10\/3\/26 &#8211; 19 hs<\/td><td><a href=\"https:\/\/docs.google.com\/forms\/d\/e\/1FAIpQLSfSWjveZpH3dL8zRKaGWqhIsFsnpfjoAiJF0m0tfdvVwTkEug\/viewform?usp=sharing&amp;ouid=108280219114628703778\">https:\/\/docs.google.com\/forms\/d\/e\/1FAIpQLSfSWjveZpH3dL8zRKaGWqhIsFsnpfjoAiJF0m0tfdvVwTkEug\/viewform?usp=sharing&amp;ouid=108280219114628703778<\/a><\/td><\/tr><tr><td>3\u00b0 1\u00b0<\/td><td>ASTRONOM\u00cdA \u2013 BARROZO<\/td><td>10\/3\/26 &#8211; 19 hs<\/td><td><a href=\"https:\/\/docs.google.com\/forms\/d\/e\/1FAIpQLSf9ipAPbxiyG8yy-b08WIKy0dWxPC4k2viwaBGJudGz84GncQ\/viewform?usp=sharing&amp;ouid=108280219114628703778\">https:\/\/docs.google.com\/forms\/d\/e\/1FAIpQLSf9ipAPbxiyG8yy-b08WIKy0dWxPC4k2viwaBGJudGz84GncQ\/viewform?usp=sharing&amp;ouid=108280219114628703778<\/a><\/td><\/tr><tr><td>3\u00b0 1\u00b0<\/td><td>ONDAS Y \u00d3PTICA \u2013 BARROZO<\/td><td>10\/3\/26 &#8211; 19 hs<\/td><td><a href=\"https:\/\/docs.google.com\/forms\/d\/e\/1FAIpQLSdJ2BXzfJYDCcfMg2mfep9b-ZnD-qv-tuuEMoKH4B1s5FWhcQ\/viewform?usp=sharing&amp;ouid=108280219114628703778\">https:\/\/docs.google.com\/forms\/d\/e\/1FAIpQLSdJ2BXzfJYDCcfMg2mfep9b-ZnD-qv-tuuEMoKH4B1s5FWhcQ\/viewform?usp=sharing&amp;ouid=108280219114628703778<\/a><\/td><\/tr><tr><td>3\u00b0 1\u00b0<\/td><td>CAMPO DE LA PR\u00c1CTICA DOCENTE 3<\/td><td>10\/3\/26 &#8211; 19 hs<\/td><td><a href=\"https:\/\/docs.google.com\/forms\/d\/e\/1FAIpQLSepL6a5L83DNaZzw3ApvFgP9ib6-Fhwmk5RcspegM3-anGFpQ\/viewform?usp=sharing&amp;ouid=108280219114628703778\">https:\/\/docs.google.com\/forms\/d\/e\/1FAIpQLSepL6a5L83DNaZzw3ApvFgP9ib6-Fhwmk5RcspegM3-anGFpQ\/viewform?usp=sharing&amp;ouid=108280219114628703778<\/a><\/td><\/tr><tr><td>3\u00b0 1\u00b0<\/td><td>POL\u00cdTICA EDUCATIVA ARGENTINA &#8211; COMOLLI<\/td><td>10\/3\/26 &#8211; 19 hs<\/td><td><a href=\"https:\/\/docs.google.com\/forms\/d\/e\/1FAIpQLSe7BNkb5P6H1Grdnr5ZBLdiqMx_qmq2OID88_soKd4dbI6bbA\/viewform?usp=sharing&amp;ouid=108280219114628703778\">https:\/\/docs.google.com\/forms\/d\/e\/1FAIpQLSe7BNkb5P6H1Grdnr5ZBLdiqMx_qmq2OID88_soKd4dbI6bbA\/viewform?usp=sharing&amp;ouid=108280219114628703778<\/a><\/td><\/tr><tr><td>3\u00b0 1\u00b0<\/td><td>ELECTROMAGNETISMO \u2013 BARRETO<\/td><td>10\/3\/26 &#8211; 19 hs<\/td><td><a href=\"https:\/\/docs.google.com\/forms\/d\/e\/1FAIpQLSdz6XIVkPvztePcEv14NQ4NMw84a-2Cbhm9aZNmtMmQUhDNGA\/viewform?usp=sharing&amp;ouid=108280219114628703778\">https:\/\/docs.google.com\/forms\/d\/e\/1FAIpQLSdz6XIVkPvztePcEv14NQ4NMw84a-2Cbhm9aZNmtMmQUhDNGA\/viewform?usp=sharing&amp;ouid=108280219114628703778<\/a><\/td><\/tr><tr><td>3\u00b0 1\u00b0<\/td><td>PROBLEMAS FILOS\u00d3FICOS DE LA EDUCACI\u00d3N &#8211; GOMEZ<\/td><td>10\/3\/26 &#8211; 19 hs<\/td><td><a href=\"https:\/\/docs.google.com\/forms\/d\/e\/1FAIpQLSfzLePBEStrkktuwLqn98TxjzEJL4EztMtukLSsPKrU8TVS2A\/viewform?usp=sharing&amp;ouid=108280219114628703778\">https:\/\/docs.google.com\/forms\/d\/e\/1FAIpQLSfzLePBEStrkktuwLqn98TxjzEJL4EztMtukLSsPKrU8TVS2A\/viewform?usp=sharing&amp;ouid=108280219114628703778<\/a><\/td><\/tr><tr><td>3\u00b0 1\u00b0<\/td><td>TERMODIN\u00c1MICA &#8211; HILLAR<\/td><td>10\/3\/26 &#8211; 19 hs<\/td><td><a href=\"https:\/\/docs.google.com\/forms\/d\/e\/1FAIpQLSe1TfEmG3Enl9Z7yCDqAvtQy8VgtkUcqyp0gELU5WtDc_phZA\/viewform?usp=sharing&amp;ouid=108280219114628703778\">https:\/\/docs.google.com\/forms\/d\/e\/1FAIpQLSe1TfEmG3Enl9Z7yCDqAvtQy8VgtkUcqyp0gELU5WtDc_phZA\/viewform?usp=sharing&amp;ouid=108280219114628703778<\/a><\/td><\/tr><tr><td>3\u00b0 1\u00b0<\/td><td>DID\u00c1CTICA DE LA F\u00cdSICA &#8211;<\/td><td>10\/3\/26 &#8211; 19 hs<\/td><td><a href=\"https:\/\/docs.google.com\/forms\/d\/e\/1FAIpQLSdPVyzi8JcsRdATSQBWXswtynUrumjoXM8Zd8ASbznHSMRPEQ\/viewform?usp=sharing&amp;ouid=108280219114628703778\">https:\/\/docs.google.com\/forms\/d\/e\/1FAIpQLSdPVyzi8JcsRdATSQBWXswtynUrumjoXM8Zd8ASbznHSMRPEQ\/viewform?usp=sharing&amp;ouid=108280219114628703778<\/a><\/td><\/tr><tr><td>3\u00b0 1\u00b0<\/td><td>MATEM\u00c1TICA ASOCIADA A LA F\u00cdSICA &#8211; LEDESMA<\/td><td>10\/3\/26 &#8211; 19 hs<\/td><td><a href=\"https:\/\/docs.google.com\/forms\/d\/e\/1FAIpQLScTzv-cpnoirjYQAGMEV_LHk8awM86irOsjuCwit4XLFaKW8Q\/viewform?usp=sharing&amp;ouid=108280219114628703778\">https:\/\/docs.google.com\/forms\/d\/e\/1FAIpQLScTzv-cpnoirjYQAGMEV_LHk8awM86irOsjuCwit4XLFaKW8Q\/viewform?usp=sharing&amp;ouid=108280219114628703778<\/a><\/td><\/tr><tr><td>4\u00b0 1\u00b0<\/td><td>CAMPO DE LA PR\u00c1CTICA DOCENTE 4<\/td><td>10\/3\/26 &#8211; 19 hs<\/td><td><a href=\"https:\/\/docs.google.com\/forms\/d\/e\/1FAIpQLScHC3hE_OXkY4K7IAEhMt2MEnsXHC_0HUSRQIzQJu42uTEEzg\/viewform?usp=sharing&amp;ouid=108280219114628703778\">https:\/\/docs.google.com\/forms\/d\/e\/1FAIpQLScHC3hE_OXkY4K7IAEhMt2MEnsXHC_0HUSRQIzQJu42uTEEzg\/viewform?usp=sharing&amp;ouid=108280219114628703778<\/a><\/td><\/tr><tr><td>4\u00b0 1\u00b0<\/td><td>DERECHOS, INTERCULTURALIDAD Y CIUDADAN\u00cdA<\/td><td>10\/3\/26 &#8211; 19 hs<\/td><td><a href=\"https:\/\/docs.google.com\/forms\/d\/e\/1FAIpQLSdWzqVJ7L0jhTvxXIK8Ram4w11HkCXjBrdqB1q-01cr0MG6eg\/viewform?usp=sharing&amp;ouid=108280219114628703778\">https:\/\/docs.google.com\/forms\/d\/e\/1FAIpQLSdWzqVJ7L0jhTvxXIK8Ram4w11HkCXjBrdqB1q-01cr0MG6eg\/viewform?usp=sharing&amp;ouid=108280219114628703778<\/a><\/td><\/tr><tr><td>4\u00b0 1\u00b0<\/td><td>ENSE\u00d1ANZA DE LA F\u00cdSICA Y SUS PROBLEMAS<\/td><td>10\/3\/26 &#8211; 19 hs<\/td><td><a href=\"https:\/\/docs.google.com\/forms\/d\/e\/1FAIpQLSdrR0yDA2ZbhwOvizSSuPMGqsWTDWFP8YWBe8Cn6x4EKUGIXg\/viewform?usp=sharing&amp;ouid=108280219114628703778\">https:\/\/docs.google.com\/forms\/d\/e\/1FAIpQLSdrR0yDA2ZbhwOvizSSuPMGqsWTDWFP8YWBe8Cn6x4EKUGIXg\/viewform?usp=sharing&amp;ouid=108280219114628703778<\/a><\/td><\/tr><tr><td>4\u00b0 1\u00b0<\/td><td>ESPACIO DE OPCI\u00d3N INSTITUTCIONAL (EOI)<\/td><td>24\/2\/26 &#8211; 18 hs<\/td><td><a href=\"https:\/\/docs.google.com\/forms\/d\/e\/1FAIpQLSfRyi4yvkUvpD4co60cnm7VWzfyMW85-veums7eyuXZ7lscTg\/viewform?usp=sharing&amp;ouid=108280219114628703778\">https:\/\/docs.google.com\/forms\/d\/e\/1FAIpQLSfRyi4yvkUvpD4co60cnm7VWzfyMW85-veums7eyuXZ7lscTg\/viewform?usp=sharing&amp;ouid=108280219114628703778<\/a><\/td><\/tr><tr><td>4\u00b0 1\u00b0<\/td><td>F\u00cdSICA CU\u00c1NTICA, AT\u00d3MICA Y NUCLEAR<\/td><td>10\/3\/26 &#8211; 19 hs<\/td><td><a href=\"https:\/\/docs.google.com\/forms\/d\/e\/1FAIpQLScm44oG55M--n2MW7iRh6mW7QfEoNV08Pay4g6SAMcMtfvQsQ\/viewform?usp=sharing&amp;ouid=108280219114628703778\">https:\/\/docs.google.com\/forms\/d\/e\/1FAIpQLScm44oG55M&#8211;n2MW7iRh6mW7QfEoNV08Pay4g6SAMcMtfvQsQ\/viewform?usp=sharing&amp;ouid=108280219114628703778<\/a><\/td><\/tr><tr><td>4\u00b0 1\u00b0<\/td><td>F\u00cdSICA, TECNOLOG\u00cdA Y AMBIENTE<\/td><td>10\/3\/26 &#8211; 19 hs<\/td><td><a href=\"https:\/\/docs.google.com\/forms\/d\/e\/1FAIpQLSdh9Fx8jsJBKakblzh59Agi_D6ZG6U1_nYscAAcgt6i1aHOGw\/viewform?usp=sharing&amp;ouid=108280219114628703778\">https:\/\/docs.google.com\/forms\/d\/e\/1FAIpQLSdh9Fx8jsJBKakblzh59Agi_D6ZG6U1_nYscAAcgt6i1aHOGw\/viewform?usp=sharing&amp;ouid=108280219114628703778<\/a><\/td><\/tr><tr><td>4\u00b0 1\u00b0<\/td><td>MEC\u00c1NICA AVANZADA Y F\u00cdSICA TE\u00d3RICA<\/td><td>10\/3\/26 &#8211; 19 hs<\/td><td><a href=\"https:\/\/docs.google.com\/forms\/d\/e\/1FAIpQLScEaFySp_0GDfvZrMAWBRDzQ-BhprrwObkNbX0Tus7YtPONnA\/viewform?usp=sharing&amp;ouid=108280219114628703778\">https:\/\/docs.google.com\/forms\/d\/e\/1FAIpQLScEaFySp_0GDfvZrMAWBRDzQ-BhprrwObkNbX0Tus7YtPONnA\/viewform?usp=sharing&amp;ouid=108280219114628703778<\/a><\/td><\/tr><tr><td>4\u00b0 1\u00b0<\/td><td>REFLEXI\u00d3N FILOS\u00d3FICO POL\u00cdTICO DE LA PR\u00c1CTICA DOCENTE<\/td><td>10\/3\/26 &#8211; 19 hs<\/td><td><a href=\"https:\/\/docs.google.com\/forms\/d\/e\/1FAIpQLSfM0ln7ll6PCYHlzxgRoVH7ylha4oS7eiL0W0LbW1LFR3NcnA\/viewform?usp=sharing&amp;ouid=108280219114628703778\">https:\/\/docs.google.com\/forms\/d\/e\/1FAIpQLSfM0ln7ll6PCYHlzxgRoVH7ylha4oS7eiL0W0LbW1LFR3NcnA\/viewform?usp=sharing&amp;ouid=108280219114628703778<\/a><\/td><\/tr><tr><td>4\u00b0 1\u00b0<\/td><td>RELATIVIDAD, ASTROF\u00cdSICA Y COSMOLOG\u00cdA<\/td><td>10\/3\/26 &#8211; 19 hs<\/td><td><a href=\"https:\/\/docs.google.com\/forms\/d\/e\/1FAIpQLSf87tqduZIUgCCy4JoGtc_dHBqtHkXrNDp4oPvwGyQVV8-FJw\/viewform?usp=sharing&amp;ouid=108280219114628703778\">https:\/\/docs.google.com\/forms\/d\/e\/1FAIpQLSf87tqduZIUgCCy4JoGtc_dHBqtHkXrNDp4oPvwGyQVV8-FJw\/viewform?usp=sharing&amp;ouid=108280219114628703778<\/a><\/td><\/tr><\/tbody><\/table><\/figure>\n","protected":false},"excerpt":{"rendered":"<p>FORMULARIOS DE REINSCRIPCI\u00d3N PARA CURSAR MATERIAS EN CICLO LECTIVO 2026 &#8211;&nbsp; FISICA PLAN NUEVO TURNO VESPERTINO Deben completarse los formularios de todas las materias que deseas cursar en Ciclo lectivo 2026. Para concluir el tr\u00e1mite de Reinscripci\u00f3n deben acercarse en forma presencial en el ISFD 112 (Paunero 2030, San Miguel) el d\u00eda y horario indicado &#8230; <a title=\"F\u00edsica &#8211; Formularios de Reinscripci\u00f3n 2026\" class=\"read-more\" href=\"https:\/\/isfd112-bue.infd.edu.ar\/sitio\/fisica-formularios-de-reinscripcion-2026\/\" aria-label=\"More on F\u00edsica &#8211; Formularios de Reinscripci\u00f3n 2026\">[+]<\/a><\/p>\n","protected":false},"author":2232,"featured_media":0,"parent":0,"menu_order":0,"comment_status":"closed","ping_status":"closed","template":"","meta":[],"acf":[],"_links":{"self":[{"href":"https:\/\/isfd112-bue.infd.edu.ar\/sitio\/wp-json\/wp\/v2\/pages\/12082"}],"collection":[{"href":"https:\/\/isfd112-bue.infd.edu.ar\/sitio\/wp-json\/wp\/v2\/pages"}],"about":[{"href":"https:\/\/isfd112-bue.infd.edu.ar\/sitio\/wp-json\/wp\/v2\/types\/page"}],"author":[{"embeddable":true,"href":"https:\/\/isfd112-bue.infd.edu.ar\/sitio\/wp-json\/wp\/v2\/users\/2232"}],"replies":[{"embeddable":true,"href":"https:\/\/isfd112-bue.infd.edu.ar\/sitio\/wp-json\/wp\/v2\/comments?post=12082"}],"version-history":[{"count":2,"href":"https:\/\/isfd112-bue.infd.edu.ar\/sitio\/wp-json\/wp\/v2\/pages\/12082\/revisions"}],"predecessor-version":[{"id":12153,"href":"https:\/\/isfd112-bue.infd.edu.ar\/sitio\/wp-json\/wp\/v2\/pages\/12082\/revisions\/12153"}],"wp:attachment":[{"href":"https:\/\/isfd112-bue.infd.edu.ar\/sitio\/wp-json\/wp\/v2\/media?parent=12082"}],"curies":[{"name":"wp","href":"https:\/\/api.w.org\/{rel}","templated":true}]}}