{"id":12090,"date":"2026-02-16T23:23:22","date_gmt":"2026-02-17T02:23:22","guid":{"rendered":"https:\/\/isfd112-bue.infd.edu.ar\/sitio\/?page_id=12090"},"modified":"2026-02-19T21:10:12","modified_gmt":"2026-02-20T00:10:12","slug":"primaria-turno-tarde-formularios-de-reinscripcion-2026","status":"publish","type":"page","link":"https:\/\/isfd112-bue.infd.edu.ar\/sitio\/primaria-turno-tarde-formularios-de-reinscripcion-2026\/","title":{"rendered":"Primaria Turno Tarde &#8211; Formularios de Reinscripci\u00f3n 2026"},"content":{"rendered":"\n<p><strong>FORMULARIOS DE REINSCRIPCI\u00d3N PARA CURSAR MATERIAS EN CICLO LECTIVO 2026 &#8211;&nbsp; PRIMARIA TURNO TARDE<\/strong><strong><\/strong><\/p>\n\n\n\n<p>Deben completarse los formularios de todas las materias que deseas cursar en Ciclo lectivo 2026.<\/p>\n\n\n\n<p>Para concluir el tr\u00e1mite de Reinscripci\u00f3n <strong>deben acercarse en forma presencial<\/strong> en el ISFD 112 (<strong>Arg\u00fcero 1138, San Miguel) EN EL D\u00cdA Y HORARIO INDICADO EN EL FORMULARIO<\/strong> para la revisi\u00f3n de los datos declarados.<\/p>\n\n\n\n<p><strong>Aclaraci\u00f3n importante<\/strong>: se han modificado los formularios de modo que se puedan completar de forma r\u00e1pida y sencilla. En relaci\u00f3n al tr\u00e1mite presencial tambi\u00e9n se ha modificado la gesti\u00f3n para que sea de modo \u00e1gil y pueda realizarse en pocos minutos. Quienes puedan colaborar el d\u00eda de la Reinscripci\u00f3n estar\u00e1n representantes de nuestra Asociaci\u00f3n Cooperadora con el Bono Contribuci\u00f3n anual de $ 30.000 o lo que cada uno\/a pueda contribuir.<\/p>\n\n\n\n<p>\u00a1Muchas gracias por ser parte de la Comunidad del 112!<\/p>\n\n\n\n<p>Cualquier consulta pueden acercarse al equipo de preceptores\/as de cada turno y carrera, o por mail isfd112sanmiguel@abc.gob.ar<\/p>\n\n\n\n<figure class=\"wp-block-table\"><table><tbody><tr><td>A\u00d1O \/ DIVISI\u00d3N<\/td><td>MATERIA \/ DOCENTE<\/td><td>D\u00cdA \/ HORARIO<\/td><td>FORMULARIO<\/td><\/tr><tr><td>1\u00b0 4\u00b0 <strong>RECURSANTES<\/strong><\/td><td>PEDAGOG\u00cdA &#8211; BORRELO<\/td><td>6\/3\/26 \u2013 13.30 a 16 hs<\/td><td><a href=\"https:\/\/docs.google.com\/forms\/d\/e\/1FAIpQLSfaksOCHoWMsB9T0UipK8yUvGep6taX9b2PM-WSg9MHbh32Ig\/viewform?usp=sharing&amp;ouid=108280219114628703778\">https:\/\/docs.google.com\/forms\/d\/e\/1FAIpQLSfaksOCHoWMsB9T0UipK8yUvGep6taX9b2PM-WSg9MHbh32Ig\/viewform?usp=sharing&amp;ouid=108280219114628703778<\/a><\/td><\/tr><tr><td>1\u00b0 4\u00b0 <strong>RECURSANTES<\/strong><\/td><td>AN\u00c1LISIS DEL MUNDO CONTEMPOR\u00c1NEO &#8211; GRENIER<\/td><td>6\/3\/26 \u2013 13.30 a 16 hs<\/td><td><a href=\"https:\/\/docs.google.com\/forms\/d\/e\/1FAIpQLSfoId-8UL-0bEooq-jSQnsKDrZVPV-HBlIwf7DvicmQ-z2T_Q\/viewform?usp=sharing&amp;ouid=108280219114628703778\">https:\/\/docs.google.com\/forms\/d\/e\/1FAIpQLSfoId-8UL-0bEooq-jSQnsKDrZVPV-HBlIwf7DvicmQ-z2T_Q\/viewform?usp=sharing&amp;ouid=108280219114628703778<\/a><\/td><\/tr><tr><td>1\u00b0 4\u00b0<strong> RECURSANTES<\/strong><\/td><td>TALLER DE PENSAMIENTO L\u00d3GICO MATEM\u00c1TICO \u2013 GALARZA PUIG<\/td><td>6\/3\/26 \u2013 13.30 a 16 hs<\/td><td><a href=\"https:\/\/docs.google.com\/forms\/d\/e\/1FAIpQLScvlz_6r1gkEtVskdqcTlmwhbHcG837pzP7uopTJHArk3T2xw\/viewform?usp=sharing&amp;ouid=108280219114628703778\">https:\/\/docs.google.com\/forms\/d\/e\/1FAIpQLScvlz_6r1gkEtVskdqcTlmwhbHcG837pzP7uopTJHArk3T2xw\/viewform?usp=sharing&amp;ouid=108280219114628703778<\/a><\/td><\/tr><tr><td>1\u00b0 4\u00b0<strong> RECURSANTES<\/strong><\/td><td>TADI&nbsp; TEATRO &#8211; ACEVEDO<\/td><td>6\/3\/26 \u2013 13.30 a 16 hs<\/td><td><a href=\"https:\/\/docs.google.com\/forms\/d\/e\/1FAIpQLSdaLsPt_zdcZrBLqFCkfx465xASsNN5uPkwTZSmVYOUk-85CA\/viewform?usp=sharing&amp;ouid=108280219114628703778\">https:\/\/docs.google.com\/forms\/d\/e\/1FAIpQLSdaLsPt_zdcZrBLqFCkfx465xASsNN5uPkwTZSmVYOUk-85CA\/viewform?usp=sharing&amp;ouid=108280219114628703778<\/a><\/td><\/tr><tr><td>1\u00b0 4\u00b0<strong> RECURSANTES<\/strong><\/td><td>PSICOLOG\u00cdA DEL DESARROLLO Y APRENDIZAJE I &#8211; ALCARAZ<\/td><td>6\/3\/26 \u2013 13.30 a 16 hs<\/td><td><a href=\"https:\/\/docs.google.com\/forms\/d\/e\/1FAIpQLSctXqEgxNaIzyiEhgcQ3ZXEkfvPYVep73SNe_xVLwsQ3sTopw\/viewform?usp=sharing&amp;ouid=108280219114628703778\">https:\/\/docs.google.com\/forms\/d\/e\/1FAIpQLSctXqEgxNaIzyiEhgcQ3ZXEkfvPYVep73SNe_xVLwsQ3sTopw\/viewform?usp=sharing&amp;ouid=108280219114628703778<\/a><\/td><\/tr><tr><td>1\u00b0 4\u00b0<strong> RECURSANTES<\/strong><\/td><td>FILOSOF\u00cdA &#8211; CALVO<\/td><td>6\/3\/26 \u2013 13.30 a 16 hs<\/td><td><a href=\"https:\/\/docs.google.com\/forms\/d\/e\/1FAIpQLSe-fYK4Ao_6dYGQ1TLAOpBT7uUrc3BU2m6qb0VvkcoDhDY2WQ\/viewform?usp=sharing&amp;ouid=108280219114628703778\">https:\/\/docs.google.com\/forms\/d\/e\/1FAIpQLSe-fYK4Ao_6dYGQ1TLAOpBT7uUrc3BU2m6qb0VvkcoDhDY2WQ\/viewform?usp=sharing&amp;ouid=108280219114628703778<\/a><\/td><\/tr><tr><td>1\u00b0 4\u00b0<strong> RECURSANTES<\/strong><\/td><td>CORPOREIDAD Y MOTRICIDAD \u2013 REY GRETEL<\/td><td>6\/3\/26 \u2013 13.30 a 16 hs<\/td><td><a href=\"https:\/\/docs.google.com\/forms\/d\/e\/1FAIpQLSetUwrK5E0EP9yefmOpVjLijqGX6EZMiFQsR28A5ig1pdZWsQ\/viewform?usp=sharing&amp;ouid=108280219114628703778\">https:\/\/docs.google.com\/forms\/d\/e\/1FAIpQLSetUwrK5E0EP9yefmOpVjLijqGX6EZMiFQsR28A5ig1pdZWsQ\/viewform?usp=sharing&amp;ouid=108280219114628703778<\/a><\/td><\/tr><tr><td>1\u00b0 4\u00b0<strong> RECURSANTES<\/strong><\/td><td>TALLER DE LECTURA, ESCRITURA Y ORALIDAD \u2013 SANTA CLARA<\/td><td>6\/3\/26 \u2013 13.30 a 16 hs<\/td><td><a href=\"https:\/\/docs.google.com\/forms\/d\/e\/1FAIpQLSdkEcFRYnse3f1YC96v0q113DflMAqu0BnTudgilmLyHVJhPQ\/viewform?usp=sharing&amp;ouid=108280219114628703778\">https:\/\/docs.google.com\/forms\/d\/e\/1FAIpQLSdkEcFRYnse3f1YC96v0q113DflMAqu0BnTudgilmLyHVJhPQ\/viewform?usp=sharing&amp;ouid=108280219114628703778<\/a><\/td><\/tr><tr><td>1\u00b0 4\u00b0<strong> RECURSANTES<\/strong><\/td><td>DID\u00c1CTICA GENERAL &#8211; MIRANDA<\/td><td>6\/3\/26 \u2013 13.30 a 16 hs<\/td><td><a href=\"https:\/\/docs.google.com\/forms\/d\/e\/1FAIpQLScWQZFzBbIyt99pIHdGtK-bdaHyMkPEiyLge8lbr36Lgs8jcw\/viewform?usp=sharing&amp;ouid=108280219114628703778\">https:\/\/docs.google.com\/forms\/d\/e\/1FAIpQLScWQZFzBbIyt99pIHdGtK-bdaHyMkPEiyLge8lbr36Lgs8jcw\/viewform?usp=sharing&amp;ouid=108280219114628703778<\/a><\/td><\/tr><tr><td>1\u00b0 4\u00b0<strong> RECURSANTES<\/strong><\/td><td>CAMPO DE LA PR\u00c1CTICA DOCENTE 1<\/td><td>6\/3\/26 \u2013 13.30 a 16 hs<\/td><td><a href=\"https:\/\/docs.google.com\/forms\/d\/e\/1FAIpQLSfx-3K42vUj_ePKvx9S2yLG1U7NYr1GrD6_lDnmJ3NLknzWaw\/viewform?usp=sharing&amp;ouid=108280219114628703778\">https:\/\/docs.google.com\/forms\/d\/e\/1FAIpQLSfx-3K42vUj_ePKvx9S2yLG1U7NYr1GrD6_lDnmJ3NLknzWaw\/viewform?usp=sharing&amp;ouid=108280219114628703778<\/a><\/td><\/tr><tr><td>1\u00b0 4\u00b0<strong> RECURSANTES<\/strong><\/td><td>ARTE Y EDUCACI\u00d3N &#8211; ACEVEDO<\/td><td>6\/3\/26 \u2013 13.30 a 16 hs<\/td><td><a href=\"https:\/\/docs.google.com\/forms\/d\/e\/1FAIpQLSfD7Jl5EjIIp59PbGojkoDqMjXI8ZVJ0kULP_Ci7aDef7Zkkw\/viewform?usp=sharing&amp;ouid=108280219114628703778\">https:\/\/docs.google.com\/forms\/d\/e\/1FAIpQLSfD7Jl5EjIIp59PbGojkoDqMjXI8ZVJ0kULP_Ci7aDef7Zkkw\/viewform?usp=sharing&amp;ouid=108280219114628703778<\/a><\/td><\/tr><\/tbody><\/table><\/figure>\n","protected":false},"excerpt":{"rendered":"<p>FORMULARIOS DE REINSCRIPCI\u00d3N PARA CURSAR MATERIAS EN CICLO LECTIVO 2026 &#8211;&nbsp; PRIMARIA TURNO TARDE Deben completarse los formularios de todas las materias que deseas cursar en Ciclo lectivo 2026. Para concluir el tr\u00e1mite de Reinscripci\u00f3n deben acercarse en forma presencial en el ISFD 112 (Arg\u00fcero 1138, San Miguel) EN EL D\u00cdA Y HORARIO INDICADO EN &#8230; <a title=\"Primaria Turno Tarde &#8211; Formularios de Reinscripci\u00f3n 2026\" class=\"read-more\" href=\"https:\/\/isfd112-bue.infd.edu.ar\/sitio\/primaria-turno-tarde-formularios-de-reinscripcion-2026\/\" aria-label=\"More on Primaria Turno Tarde &#8211; Formularios de Reinscripci\u00f3n 2026\">[+]<\/a><\/p>\n","protected":false},"author":2232,"featured_media":0,"parent":0,"menu_order":0,"comment_status":"closed","ping_status":"closed","template":"","meta":[],"acf":[],"_links":{"self":[{"href":"https:\/\/isfd112-bue.infd.edu.ar\/sitio\/wp-json\/wp\/v2\/pages\/12090"}],"collection":[{"href":"https:\/\/isfd112-bue.infd.edu.ar\/sitio\/wp-json\/wp\/v2\/pages"}],"about":[{"href":"https:\/\/isfd112-bue.infd.edu.ar\/sitio\/wp-json\/wp\/v2\/types\/page"}],"author":[{"embeddable":true,"href":"https:\/\/isfd112-bue.infd.edu.ar\/sitio\/wp-json\/wp\/v2\/users\/2232"}],"replies":[{"embeddable":true,"href":"https:\/\/isfd112-bue.infd.edu.ar\/sitio\/wp-json\/wp\/v2\/comments?post=12090"}],"version-history":[{"count":2,"href":"https:\/\/isfd112-bue.infd.edu.ar\/sitio\/wp-json\/wp\/v2\/pages\/12090\/revisions"}],"predecessor-version":[{"id":12158,"href":"https:\/\/isfd112-bue.infd.edu.ar\/sitio\/wp-json\/wp\/v2\/pages\/12090\/revisions\/12158"}],"wp:attachment":[{"href":"https:\/\/isfd112-bue.infd.edu.ar\/sitio\/wp-json\/wp\/v2\/media?parent=12090"}],"curies":[{"name":"wp","href":"https:\/\/api.w.org\/{rel}","templated":true}]}}