{"id":12132,"date":"2026-02-18T23:53:56","date_gmt":"2026-02-19T02:53:56","guid":{"rendered":"https:\/\/isfd112-bue.infd.edu.ar\/sitio\/?page_id=12132"},"modified":"2026-02-22T11:55:43","modified_gmt":"2026-02-22T14:55:43","slug":"agenda-institucional-del-isfd-112","status":"publish","type":"page","link":"https:\/\/isfd112-bue.infd.edu.ar\/sitio\/agenda-institucional-del-isfd-112\/","title":{"rendered":"Agenda institucional del ISFD 112"},"content":{"rendered":"<div class=\"wp-block-image\">\n<figure class=\"aligncenter size-full\"><img decoding=\"async\" loading=\"lazy\" width=\"200\" height=\"200\" src=\"https:\/\/isfd112-bue.infd.edu.ar\/sitio\/wp-content\/uploads\/2025\/12\/logo-112-h.jpg\" alt=\"\" class=\"wp-image-11567\"\/><\/figure><\/div>\n\n\n<p class=\"has-text-align-center\"><strong>Instituto Superior de Formaci\u00f3n Docente N\u00ba 112<\/strong><\/p>\n\n\n\n<p class=\"has-text-align-center\"><em>Domingo F. Sarmiento<\/em><strong><\/strong><\/p>\n\n\n\n<p class=\"has-text-align-center\"><strong>&#8211; Ciclo Lectivo 2026 \u2013<\/strong><\/p>\n\n\n\n<p><strong>Primer Cuatrimestre<\/strong><\/p>\n\n\n\n<p><strong>\u201c2026- A\u00f1o de los Derechos Humanos por la Memoria, la Verdad y la Justicia. A 50 a\u00f1os de la \u00faltima dictadura c\u00edvico militar.\u201d<\/strong><\/p>\n\n\n\n<p><strong>FEBRERO<\/strong><\/p>\n\n\n\n<figure class=\"wp-block-table\"><table><tbody><tr><td><strong>Fecha<\/strong><\/td><td class=\"has-text-align-left\" data-align=\"left\"><strong>Actividades<\/strong><\/td><\/tr><tr><td>Lunes 09 a martes 17<\/td><td class=\"has-text-align-left\" data-align=\"left\"><strong>INSCRIPCI\u00d3N A LAS MESAS DE EX\u00c1MENES DEL TURNO DE FEBRERO MARZO<\/strong> Las orientaciones para realizar el proceso administrativo se encuentran detalladas en nuestra P\u00e1gina Web.<\/td><\/tr><tr><td>Mi\u00e9rcoles 11<\/td><td class=\"has-text-align-left\" data-align=\"left\">Inicio de las actividades institucionales presenciales.<\/td><\/tr><tr><td>Jueves 12 y viernes 13<\/td><td class=\"has-text-align-left\" data-align=\"left\"><strong>PRIMERA JORNADA INSTITUCIONAL<\/strong> Convocada por la Direcci\u00f3n Provincial de Educaci\u00f3n Superior.<\/td><\/tr><tr><td>Viernes 13<\/td><td class=\"has-text-align-left\" data-align=\"left\"><strong>PRIMERA REUNI\u00d3N DEL CONSEJO ACAD\u00c9MICO INSTITUCIONAL<\/strong> <strong>HORARIO: 16h.<\/strong> Es una convocatoria abierta para toda la Comunidad Educativa del 112. <strong>&nbsp;<\/strong><\/td><\/tr><tr><td>Lunes 16 y martes 17<\/td><td class=\"has-text-align-left\" data-align=\"left\"><strong>FERIADO DE CARNAVAL<\/strong><\/td><\/tr><tr><td>Viernes 20<\/td><td class=\"has-text-align-left\" data-align=\"left\"><strong>PRIMERA REUNI\u00d3N PLENARIA<\/strong> <strong>HORARIO: 18h.<\/strong> <strong>LUGAR: PATIO DE PRIMARIA<\/strong> Asistencia de car\u00e1cter obligatorio. &nbsp;<\/td><\/tr><tr><td>Lunes 23 al viernes 13 de marzo<\/td><td class=\"has-text-align-left\" data-align=\"left\"><strong>\u00a0<\/strong><strong>MESAS DE EX\u00c1MENES<\/strong> <strong>LLAMADO FEBRERO MARZO<\/strong> <strong>\u00a0\u00a0\u00a0\u00a0\u00a0\u00a0\u00a0\u00a0\u00a0\u00a0\u00a0\u00a0\u00a0\u00a0\u00a0\u00a0\u00a0\u00a0\u00a0\u00a0\u00a0\u00a0\u00a0\u00a0\u00a0\u00a0\u00a0\u00a0\u00a0\u00a0\u00a0\u00a0\u00a0\u00a0\u00a0\u00a0\u00a0\u00a0\u00a0\u00a0\u00a0\u00a0\u00a0\u00a0\u00a0\u00a0\u00a0\u00a0\u00a0\u00a0\u00a0\u00a0\u00a0\u00a0\u00a0\u00a0\u00a0\u00a0\u00a0\u00a0\u00a0\u00a0\u00a0\u00a0\u00a0\u00a0\u00a0\u00a0\u00a0\u00a0\u00a0\u00a0\u00a0\u00a0\u00a0\u00a0\u00a0\u00a0\u00a0\u00a0\u00a0\u00a0\u00a0\u00a0\u00a0\u00a0\u00a0\u00a0\u00a0\u00a0\u00a0\u00a0\u00a0\u00a0\u00a0\u00a0\u00a0\u00a0\u00a0\u00a0\u00a0\u00a0\u00a0\u00a0\u00a0\u00a0\u00a0\u00a0\u00a0\u00a0\u00a0\u00a0\u00a0\u00a0\u00a0\u00a0\u00a0\u00a0\u00a0\u00a0\u00a0\u00a0\u00a0\u00a0\u00a0\u00a0\u00a0\u00a0\u00a0\u00a0\u00a0\u00a0\u00a0\u00a0\u00a0\u00a0\u00a0\u00a0\u00a0\u00a0\u00a0\u00a0\u00a0\u00a0\u00a0\u00a0\u00a0\u00a0\u00a0\u00a0\u00a0\u00a0\u00a0\u00a0\u00a0\u00a0\u00a0\u00a0\u00a0\u00a0\u00a0<\/strong><\/td><\/tr><tr><td>Mi\u00e9rcoles 25<\/td><td class=\"has-text-align-left\" data-align=\"left\"><strong>REUNI\u00d3N DE LOS EQUIPOS DE CAMPO DE LA PR\u00c1CTICA I, II, III y IV<\/strong> <strong>PROFESORADO DE EDUCACI\u00d3N INICIAL,<\/strong> <strong>PROFESORADO DE EDUCACI\u00d3N ESPECIAL,<\/strong> <strong>PROFESORADO DE EDUCACI\u00d3N PRIMARIA,<\/strong> <strong>PROFESORADO DE EDUCACI\u00d3N SECUNDARIA EN F\u00cdSICA.<\/strong> <strong>HORARIO: 15,30h<\/strong> <strong>LUGAR: Sala de video del Instituto.<\/strong> Se entregar\u00e1n constancias de participaci\u00f3n a quienes necesiten presentarla en otra instituci\u00f3n educativa. <strong>&nbsp;<\/strong><\/td><\/tr><tr><td>Mi\u00e9rcoles 25 al viernes 13 de marzo<\/td><td class=\"has-text-align-left\" data-align=\"left\"><strong>REINSCRIPCI\u00d3N A LA CURSADA DE UNIDADES CURRICULARES<\/strong> <strong>DE 2\u00b0 A 4\u00b0 A\u00d1O y RECURSANTES DE 1\u00b0 A\u00d1O<\/strong> <strong>TODAS LAS CARRERAS<\/strong> <strong>Seg\u00fan cronograma publicado en la P\u00e1gina Web del Instituto.<\/strong> <strong>&nbsp;<\/strong><\/td><\/tr><\/tbody><\/table><\/figure>\n\n\n\n<p><strong>MARZO<\/strong><\/p>\n\n\n\n<figure class=\"wp-block-table\"><table><tbody><tr><td><strong>Fecha<\/strong><\/td><td><strong>Actividades<\/strong><\/td><\/tr><tr><td>Lunes 02 al martes 31<\/td><td><strong>Entrega de Declaraci\u00f3n Jurada de cargos y m\u00f3dulos en la Regencia.<\/strong><\/td><\/tr><tr><td>Lunes 02 al martes 31<\/td><td><strong>Elaboraci\u00f3n de las Propuestas Pedag\u00f3gicas de las Unidades Curriculares anuales y cuatrimestrales (UC del primer cuatrimestre del Profesorado de Educaci\u00f3n Secundaria en F\u00edsica).<\/strong><\/td><\/tr><tr><td>Lunes 02 al jueves 30 de abril<\/td><td><strong>DOCENTES EN FORMACI\u00d3N DE TODAS NUESTRAS CARRERAS<\/strong> <strong>Presentaci\u00f3n de EQUIVALENCIAS de Unidades Curriculares.<\/strong> El procedimiento administrativo se encuentra detallado en nuestra P\u00e1gina Web. <strong>&nbsp;<\/strong><\/td><\/tr><tr><td>Lunes 02<\/td><td><strong>PROFESORADO DE EDUCACI\u00d3N ESPECIAL<\/strong> <strong>PROFESORADO DE EDUCACI\u00d3N SECUNDARIA EN F\u00cdSICA<\/strong> SEGUNDA CONVOCATORIA A LAS Y LOS INGRESANTES A PRIMER A\u00d1O PARA CONFIRMAR LA INSCRIPCI\u00d3N A LA CARRERA (Entrega de documentaci\u00f3n en formato papel) &nbsp;<\/td><\/tr><tr><td>Mi\u00e9rcoles 04<\/td><td><strong>PROFESORADO DE EDUCACI\u00d3N PRIMARIA<\/strong> SEGUNDA CONVOCATORIA A LAS Y LOS INGRESANTES A PRIMER A\u00d1O PARA CONFIRMAR LA INSCRIPCI\u00d3N A LA CARRERA (Entrega de documentaci\u00f3n en formato papel) <strong>&nbsp;<\/strong><\/td><\/tr><tr><td>Viernes 06<\/td><td><strong>PROFESORADO DE EDUCACI\u00d3N INICIAL<\/strong> SEGUNDA CONVOCATORIA A LAS Y LOS INGRESANTES A PRIMER A\u00d1O PARA CONFIRMAR LA INSCRIPCI\u00d3N A LA CARRERA (Entrega de documentaci\u00f3n en formato papel) <strong>&nbsp;<\/strong><\/td><\/tr><tr><td>Lunes 9 y martes 10<\/td><td><strong>ENTREGA DE S\u00cdNTESIS DE LAS PROPUESTAS PEDAG\u00d3GICAS DE LAS UNIDADES CURRICULARES ANUALES Y CUATRIMESTRALES PARA PUBLICAR EN LA P\u00e1gina Web del Instituto, en el marco del nuevo RAM, Resoluci\u00f3n 4196\/24.<\/strong> <strong>&nbsp;<\/strong><\/td><\/tr><tr><td>Martes 10<\/td><td><strong>REUNI\u00d3N DE LOS EQUIPOS DE CAMPO DE LA PR\u00c1CTICA I, II, III y IV, DID\u00c1CTICAS ESPEC\u00cdFICAS, DID\u00c1CTICA Y CURR\u00cdCULUM DE LA EDUCACI\u00d3N INICIAL DE 2\u00b0 A\u00d1O, TALLERES AREALES DE 3\u00b0 A\u00d1O Y ATENEOS.<\/strong> <strong>PROFESORADO DE EDUCACI\u00d3N INCIAL.<\/strong> &nbsp; HORARIO: 15,30h. LUGAR: Sala de Video del Instituto. Se entregar\u00e1n constancias de participaci\u00f3n a quienes necesiten presentarla en otra instituci\u00f3n educativa. <strong>&nbsp;<\/strong><\/td><\/tr><tr><td>Mi\u00e9rcoles 11<\/td><td><strong>REUNI\u00d3N DE LOS EQUIPOS DE CAMPO DE LA PR\u00c1CTICA I, II, III y IV, DID\u00c1CTICA Y CURR\u00cdCULUM DE LA EDUCACI\u00d3N PRIMARIA DE 2\u00b0 A\u00d1O, DID\u00c1CTICAS ESPEC\u00cdFICAS DE 2\u00b0 Y 3\u00b0 A\u00d1O, Y ATENEOS.<\/strong> <strong>PROFESORADO DE EDUCACI\u00d3N PRIMARIA.<\/strong> &nbsp; HORARIO: 15,30h. LUGAR: Sala de Video del Instituto. Se entregar\u00e1n constancias de participaci\u00f3n a quienes necesiten presentarla en otra instituci\u00f3n educativa. <strong>&nbsp;<\/strong><\/td><\/tr><tr><td>Jueves 12<\/td><td><strong>REUNI\u00d3N DE LOS EQUIPOS DE CAMPO DE LA PR\u00c1CTICA I, II, III y IV, DID\u00c1CTICA Y CURR\u00cdCULUM DE 2\u00b0 A\u00d1O, DID\u00c1CTICAS ESPEC\u00cdFICAS DE 1\u00b0 Y 2\u00b0 A\u00d1O, CURR\u00cdCULUM Y DISCAPACIDAD DE 3\u00b0 Y 4\u00b0 A\u00d1O<\/strong> <strong>PROFESORADO DE EDUCACI\u00d3N ESPECIAL<\/strong> &nbsp; HORARIO: 15,30h. LUGAR: Sala de Video del Instituto. Se entregar\u00e1n constancias de participaci\u00f3n a quienes necesiten presentarla en otra instituci\u00f3n educativa. <strong>&nbsp;<\/strong><\/td><\/tr><tr><td>Lunes 16<\/td><td><strong>INICIO DEL CICLO LECTIVO<\/strong> <strong>Acto de Apertura a las 18h.<\/strong> <strong>Lugar: Tinglado del Instituto.<\/strong> <strong>&nbsp;<\/strong> Est\u00e1n convocadas y convocados todas y todos los docentes que cumplen carga horaria el d\u00eda lunes, las y los docentes en formaci\u00f3n de nuestras cuatro carreras que estudian en el turno vespertino. Quedan invitadas e invitados las y los docentes del turno ma\u00f1ana y turno tarde, al igual que equipo de preceptoras y docentes en formaci\u00f3n de los turnos mencionados. <strong>&nbsp;<\/strong> <strong>El dictado de las Unidades Curriculares del Turno Ma\u00f1ana y el Turno Tarde iniciar\u00e1 cumpliendo la carga horaria prevista para los d\u00edas lunes.<\/strong> <strong>El dictado de clases del Turno Vespertino iniciar\u00e1 luego de finalizado el acto.<\/strong> <strong>&nbsp;<\/strong><\/td><\/tr><tr><td>Martes 17<\/td><td><strong>REUNI\u00d3N DE LOS EQUIPOS DE CAMPO DE LA PR\u00c1CTICA I, II, III y IV, DID\u00c1CTICA Y CURR\u00cdCULUM DE 2\u00b0 A\u00d1O, DID\u00c1CTICAS ESPEC\u00cdFICAS.<\/strong> <strong>PROFESORADO DE EDUCACI\u00d3N SECUNDARIA EN F\u00cdSICA<\/strong> HORARIO: 15,30h. LUGAR: Sala de Video del Instituto. Se entregar\u00e1n constancias de participaci\u00f3n a quienes necesiten presentarla en otra instituci\u00f3n educativa. <strong>&nbsp;<\/strong><\/td><\/tr><tr><td>Lunes 23<\/td><td><strong>FERIADO PUENTE<\/strong> <strong>&nbsp;<\/strong><\/td><\/tr><tr><td>Martes 24<\/td><td><strong>D\u00cdA NACIONAL DE LA MEMORIA POR LA VERDAD Y LA JUSTICIA<\/strong> <strong>FERIADO NACIONAL<\/strong> <strong>&nbsp;<\/strong><\/td><\/tr><tr><td>Mi\u00e9rcoles 25<\/td><td><strong>INICIO DE LA CURSADA DE LOS CAMPOS DE LA PR\u00c1CTICA DOCENTE.<\/strong> <strong>&nbsp;TODAS LAS CARRERAS Y TODOS LOS A\u00d1OS.<\/strong> <strong>&nbsp;<\/strong><\/td><\/tr><tr><td>Jueves 26<\/td><td><strong>ACTO ESCOLAR<\/strong> <strong>D\u00cdA NACIONAL DE LA MEMORIA POR LA VERDAD Y LA JUSTICIA<\/strong> <strong>HORARIO: 18,30h<\/strong> <strong>LUGAR: Patio del Instituto<\/strong> <strong>&nbsp;<\/strong> <strong>Recordar que los Actos Escolares Institucionales son instancias pedag\u00f3gicas de car\u00e1cter obligatorio para toda la Comunidad Educativa.<\/strong> <strong>&nbsp;<\/strong><\/td><\/tr><tr><td>Martes 31<\/td><td><strong>Presentaci\u00f3n de las Propuestas Pedag\u00f3gicas de las Unidades Curriculares Anuales y Cuatrimestrales (Primer Cuatrimestre del Profesorado de Educaci\u00f3n Secundaria en F\u00edsica).<\/strong> <strong>\u00daLTIMO D\u00cdA<\/strong> <strong>LUGAR: DIRECCI\u00d3N DEL INSTITUTO<\/strong> <strong>&nbsp;<\/strong><\/td><\/tr><\/tbody><\/table><\/figure>\n\n\n\n<p><strong>ABRIL<\/strong><\/p>\n\n\n\n<figure class=\"wp-block-table\"><table><tbody><tr><td><strong>Fecha<\/strong><\/td><td><strong>Actividades<\/strong><\/td><\/tr><tr><td>Jueves 02<\/td><td><strong>D\u00cdA DEL VETERANO Y DE LOS CA\u00cdDOS EN LA GUERRA DE MALVINAS<\/strong> <strong>FERIADO NACIONAL<\/strong> <strong>&nbsp;<\/strong><\/td><\/tr><tr><td>Jueves 02<\/td><td><strong>D\u00cdA MUNDIAL Y NACIONAL DE CONCIENTIZACI\u00d3N SOBRE EL AUTISMO (TEA)<\/strong><\/td><\/tr><tr><td>Jueves 02<\/td><td><strong>JUEVES SANTO<\/strong> <strong>D\u00cdA NO LABORABLE<\/strong> <strong>&nbsp;<\/strong><\/td><\/tr><tr><td>Viernes 03<\/td><td><strong>VIERNES SANTO<\/strong> <strong>FERIADO NACIONAL<\/strong> <strong>&nbsp;<\/strong><\/td><\/tr><tr><td>Lunes 06<\/td><td><strong>ACTO ESCOLAR<\/strong> <strong>D\u00cdA DEL VETERANO Y DE LOS CA\u00cdDOS EN LA GUERRA DE MALVINAS.<\/strong> <strong>HORARIO: 18h<\/strong> <strong>LUGAR: Patio del Instituto<\/strong> <strong>&nbsp;<\/strong> <strong>Recordar que los Actos Escolares Institucionales son instancias pedag\u00f3gicas de car\u00e1cter obligatorio para toda la Comunidad Educativa.<\/strong> <strong>&nbsp;<\/strong><\/td><\/tr><tr><td>Lunes 06 al viernes 10<\/td><td><strong>SEMANA DE CONCIENTIZACI\u00d3N SOBRE EL AUTISMO (TEA) EN EL 112.<\/strong> Se desarrollar\u00e1n distintas actividades y propuestas para promover la reflexi\u00f3n colectiva y como aporte para construir una escuela y una sociedad cada vez m\u00e1s inclusivas. <strong>&nbsp;<\/strong><\/td><\/tr><tr><td>A confirmar<\/td><td><strong>CONVIVENCIA DE LOS PRIMEROS A\u00d1OS DE TODAS LAS CARRERAS.<\/strong> <strong>Coordina y organiza: Prof. Gabriel Vaschetto.<\/strong> <strong>&nbsp;<\/strong><\/td><\/tr><tr><td>A confirmar<\/td><td><strong>CONVIVENCIA DE LOS SEGUNDOS A\u00d1OS DE TODAS LAS CARRERAS.<\/strong> <strong>Coordina y organiza: Prof. Gabriel Vaschetto.<\/strong> <strong>&nbsp;<\/strong><\/td><\/tr><\/tbody><\/table><\/figure>\n\n\n\n<p><strong>MAYO<\/strong><\/p>\n\n\n\n<figure class=\"wp-block-table\"><table><tbody><tr><td><strong>Fecha<\/strong><\/td><td><strong>Actividades<\/strong><\/td><\/tr><tr><td>Viernes 01<\/td><td><strong>D\u00cdA INTERNACIONAL DE LAS TRABAJADORAS Y LOS TRABAJADORES<\/strong> <strong>FERIADO NACIONAL<\/strong> <strong>&nbsp;<\/strong><\/td><\/tr><tr><td>Lunes 04 al viernes 08<\/td><td><strong>MESAS EXTRAORDINARIAS DE MAYO<\/strong> <strong>Sin suspensi\u00f3n de actividades acad\u00e9micas.<\/strong> Toda la informaci\u00f3n sobre esta instancia se encontrar\u00e1 publicada oportunamente en nuestra P\u00e1gina Web. <strong>&nbsp;<\/strong><\/td><\/tr><tr><td>Lunes 25<\/td><td><strong>D\u00cdA DE LA REVOLUCI\u00d3N DE MAYO<\/strong> <strong>FERIADO NACIONAL<\/strong> <strong>&nbsp;<\/strong><\/td><\/tr><tr><td>Martes 26<\/td><td><strong>ACTO ESCOLAR<\/strong> <strong>D\u00cdA DE LA REVOLUCI\u00d3N DE MAYO<\/strong> <strong>Horario: 18h.<\/strong> <strong>LUGAR: Patio del Instituto.<\/strong> <strong>&nbsp;<\/strong> <strong>Planifican, organizan y coordinan docentes en formaci\u00f3n que cursan el Campo de la Pr\u00e1ctica Docente II,<\/strong> <strong>Profesorado de Educaci\u00f3n Primaria.<\/strong> <strong>&nbsp;<\/strong> <strong>Recordar que los Actos Escolares Institucionales son instancias pedag\u00f3gicas de car\u00e1cter obligatorio para toda la Comunidad Educativa.<\/strong> <strong>&nbsp;<\/strong><\/td><\/tr><tr><td>Jueves 28<\/td><td><strong>D\u00cdA DE LOS JARDINES DE INFANTES Y DE LOS Y LAS DOCENTES DE LA EDUCACI\u00d3N INICIAL<\/strong> <strong>En homenaje a Rosario Vera Pe\u00f1aloza.<\/strong> <strong>&nbsp;<\/strong> El Profesorado de Educaci\u00f3n Inicial realizar\u00e1 actividades para celebrar en el Instituto y en los jardines asociados. Coordinaci\u00f3n: Jefa de \u00c1rea, Prof. Sandra Sepulcri.<\/td><\/tr><\/tbody><\/table><\/figure>\n\n\n\n<p><strong>JUNIO<\/strong><\/p>\n\n\n\n<figure class=\"wp-block-table\"><table><tbody><tr><td><strong>Fecha<\/strong><\/td><td><strong>Actividades<\/strong><\/td><\/tr><tr><td>Lunes 01 al martes 30<\/td><td><strong>MES DE LA EDUCACI\u00d3N AMBIENTAL<\/strong> <strong>Propuestas de actividades de concientizaci\u00f3n durante todo el mes.<\/strong><\/td><\/tr><tr><td>Mi\u00e9rcoles 17<\/td><td><strong>D\u00cdA NACIONAL DE LA LIBERTAD LATINOAMERICANA<\/strong> <strong>En conmemoraci\u00f3n del paso a la inmortalidad del General Mart\u00edn Miguel de G\u00fcemes.<\/strong> <strong>FERIADO NACIONAL<\/strong> <strong>&nbsp;<\/strong><\/td><\/tr><tr><td>S\u00e1bado 20<\/td><td><strong>D\u00cdA DE LA BANDERA<\/strong> <strong>PASO A LA INMORTALIDAD DEL GENERAL MANUEL BELGRANO<\/strong> <strong>FERIADO NACIONAL.<\/strong> <strong>&nbsp;<\/strong><\/td><\/tr><tr><td>Mi\u00e9rcoles 24<\/td><td><strong>ACTO ESCOLAR<\/strong> <strong>D\u00cdA DE LA BANDERA- PASO A LA INMORTALIDAD DEL GENERAL MANUEL BELGRANO<\/strong> <strong>Horario: 18h.<\/strong> <strong>LUGAR: Patio del Instituto.<\/strong> <strong>&nbsp;<\/strong> <strong>Planifican, organizan y coordinan docentes en formaci\u00f3n que cursan el Campo de la Pr\u00e1ctica Docente I y II,<\/strong> <strong>Profesorado de Educaci\u00f3n Inicial.<\/strong> <strong>&nbsp;<\/strong> <strong>Recordar que los Actos Escolares Institucionales son instancias pedag\u00f3gicas de car\u00e1cter obligatorio para toda la Comunidad Educativa.<\/strong> <strong>&nbsp;<\/strong><\/td><\/tr><\/tbody><\/table><\/figure>\n\n\n\n<p><strong>JULIO<\/strong><\/p>\n\n\n\n<figure class=\"wp-block-table\"><table><tbody><tr><td><strong>Fecha<\/strong><\/td><td><strong>Actividades<\/strong><\/td><\/tr><tr><td>Mi\u00e9rcoles 01 julio al viernes 07 de agosto<\/td><td><strong>COMPLETAR LAS PLANILLAS DE ACOMPA\u00d1AMIENTO A LAS TRAYECTORIAS<\/strong> <strong>CON LA EVALUACI\u00d3N PROCESO DE LAS Y LOS DOCENTES EN FORMACI\u00d3N<\/strong> <strong>DE TODOS LOS A\u00d1OS Y LAS CARRERAS<\/strong> <strong>&nbsp;<\/strong><\/td><\/tr><tr><td>Mi\u00e9rcoles 01 al viernes 10<\/td><td><strong>INSCRIPCI\u00d3N A LAS MESAS DE EX\u00c1MENES DEL TURNO DE AGOSTO<\/strong> Las orientaciones para realizar el proceso administrativo se encuentran detalladas en nuestra P\u00e1gina Web. <strong>&nbsp;<\/strong><\/td><\/tr><tr><td>Jueves 09<\/td><td><strong>D\u00cdA DE LA INDEPENDENCIA<\/strong> <strong>FERIADO NACIONAL<\/strong> <strong>&nbsp;<\/strong><\/td><\/tr><tr><td>Viernes 10<\/td><td><strong>FERIADO PUENTE<\/strong><\/td><\/tr><tr><td>Lunes 13<\/td><td><strong>ACTO ESCOLAR<\/strong> <strong>D\u00cdA DE LA INDEPENDENCIA<\/strong> <strong>Horario: 18h.<\/strong> <strong>LUGAR: Patio del Instituto.<\/strong> <strong>&nbsp;<\/strong> <strong>Planifican, organizan y coordinan docentes en formaci\u00f3n que cursan el Campo de la Pr\u00e1ctica Docente I y II,<\/strong> <strong>Profesorado de Educaci\u00f3n Secundaria en F\u00edsica y de Campo de la Pr\u00e1ctica Docente III del Profesorado de Educaci\u00f3n Primaria.<\/strong> <strong>&nbsp;<\/strong> <strong>Recordar que los Actos Escolares Institucionales son instancias pedag\u00f3gicas de car\u00e1cter obligatorio para toda la Comunidad Educativa.<\/strong> <strong>&nbsp;<\/strong><\/td><\/tr><tr><td>Lunes 13 al viernes 17<\/td><td><strong>REGISTRO EN LOS RESPECTIVOS LIBROS DE ACTAS DE EX\u00c1MENES<\/strong> <strong>&nbsp;DE LAS TRAYECTORIAS DE LAS Y LOS DOCENTES EN FORMACI\u00d3N QUE HAYAN ACREDITADO POR PROMOCI\u00d3N LAS UNIDADES CURRICULARES CUATRIMESTRALES CORRESPONDIENTES AL 1\u00b0 CUATRIMESTRE (Prof. de Educaci\u00f3n Secundaria en F\u00edsica)<\/strong> <strong>&nbsp;<\/strong><\/td><\/tr><tr><td>Lunes 13 al viernes 17<\/td><td><strong>INSCRIPCI\u00d3N A LAS UNIDADES CURRICULARES DEL SEGUNDO CUATRIMESTRE<\/strong> <strong>(Unidades Curriculares Cuatrimestrales del Profesorado de Educaci\u00f3n Secundaria en F\u00edsica)<\/strong><\/td><\/tr><tr><td>Viernes 17<\/td><td><strong>FINALIZACI\u00d3N DEL 1\u00b0 CUATRIMESTRE<\/strong><\/td><\/tr><tr><td>Lunes 20 al viernes 31<\/td><td><strong>RECESO ESCOLAR DE INVIERNO<\/strong><\/td><\/tr><\/tbody><\/table><\/figure>\n","protected":false},"excerpt":{"rendered":"<p>Instituto Superior de Formaci\u00f3n Docente N\u00ba 112 Domingo F. Sarmiento &#8211; Ciclo Lectivo 2026 \u2013 Primer Cuatrimestre \u201c2026- A\u00f1o de los Derechos Humanos por la Memoria, la Verdad y la Justicia. A 50 a\u00f1os de la \u00faltima dictadura c\u00edvico militar.\u201d FEBRERO Fecha Actividades Lunes 09 a martes 17 INSCRIPCI\u00d3N A LAS MESAS DE EX\u00c1MENES DEL &#8230; <a title=\"Agenda institucional del ISFD 112\" class=\"read-more\" href=\"https:\/\/isfd112-bue.infd.edu.ar\/sitio\/agenda-institucional-del-isfd-112\/\" aria-label=\"More on Agenda institucional del ISFD 112\">[+]<\/a><\/p>\n","protected":false},"author":2232,"featured_media":0,"parent":0,"menu_order":0,"comment_status":"closed","ping_status":"closed","template":"","meta":[],"acf":[],"_links":{"self":[{"href":"https:\/\/isfd112-bue.infd.edu.ar\/sitio\/wp-json\/wp\/v2\/pages\/12132"}],"collection":[{"href":"https:\/\/isfd112-bue.infd.edu.ar\/sitio\/wp-json\/wp\/v2\/pages"}],"about":[{"href":"https:\/\/isfd112-bue.infd.edu.ar\/sitio\/wp-json\/wp\/v2\/types\/page"}],"author":[{"embeddable":true,"href":"https:\/\/isfd112-bue.infd.edu.ar\/sitio\/wp-json\/wp\/v2\/users\/2232"}],"replies":[{"embeddable":true,"href":"https:\/\/isfd112-bue.infd.edu.ar\/sitio\/wp-json\/wp\/v2\/comments?post=12132"}],"version-history":[{"count":5,"href":"https:\/\/isfd112-bue.infd.edu.ar\/sitio\/wp-json\/wp\/v2\/pages\/12132\/revisions"}],"predecessor-version":[{"id":12226,"href":"https:\/\/isfd112-bue.infd.edu.ar\/sitio\/wp-json\/wp\/v2\/pages\/12132\/revisions\/12226"}],"wp:attachment":[{"href":"https:\/\/isfd112-bue.infd.edu.ar\/sitio\/wp-json\/wp\/v2\/media?parent=12132"}],"curies":[{"name":"wp","href":"https:\/\/api.w.org\/{rel}","templated":true}]}}