{"id":12160,"date":"2026-02-19T20:09:02","date_gmt":"2026-02-19T23:09:02","guid":{"rendered":"https:\/\/isfd112-bue.infd.edu.ar\/sitio\/?page_id=12160"},"modified":"2026-02-19T23:45:45","modified_gmt":"2026-02-20T02:45:45","slug":"normativa-del-nivel-superior","status":"publish","type":"page","link":"https:\/\/isfd112-bue.infd.edu.ar\/sitio\/normativa-del-nivel-superior\/","title":{"rendered":"Normativa del Nivel Superior"},"content":{"rendered":"\n<p>R\u00e9gimen Acad\u00e9mico Marco Resoluci\u00f3n 4196\/24: https:\/\/<a rel=\"noreferrer noopener\" href=\"https:\/\/isfd112-bue.infd.edu.ar\/sitio\/wp-content\/uploads\/2026\/02\/RAM-Superior-4196-24-y-anexos.pdf\" target=\"_blank\">isfd112-bue.infd.edu.ar\/sitio\/wp-content\/uploads\/2026\/02\/RAM-Superior-4196-24-y-anexos.pdf<\/a><\/p>\n\n\n\n<p>Pruebas de selecci\u00f3n para c\u00e1tedras y cargos en el nivel superior Res 6179\/25: <a href=\"https:\/\/isfd112-bue.infd.edu.ar\/sitio\/wp-content\/uploads\/2025\/12\/RESOC-2025-6179-GDEBA-DGCYE-2.pdf\">https:\/\/isfd112-bue.infd.edu.ar\/sitio\/wp-content\/uploads\/2025\/12\/RESOC-2025-6179-GDEBA-DGCYE-2.pdf<\/a><\/p>\n\n\n\n<p>Consejo Acad\u00e9mico Institucional en el nivel superior de la Provincia de Buenos Aires Res 4044\/09: <a href=\"https:\/\/isfd112-bue.infd.edu.ar\/sitio\/wp-content\/uploads\/2026\/02\/res_4044cai.pdf\" target=\"_blank\" rel=\"noreferrer noopener\">https:\/\/isfd112-bue.infd.edu.ar\/sitio\/wp-content\/uploads\/2026\/02\/res_4044cai.pdf<\/a><\/p>\n\n\n\n<p><strong>Gu\u00edas de actuaci\u00f3n por violencia de g\u00e9neros<\/strong> &#8211; DOCUMENTO MARCO PARA LA CREACI\u00d3N DE PROTOCOLOS GU\u00cdA DE ACTUACI\u00d3N CON EL FIN DE PREVENIR, ORIENTAR Y ABORDAR SITUACIONES DE VIOLENCIAS POR RAZONES DE G\u00c9NEROS (Direcci\u00f3n Provincial de Educaci\u00f3n Superior): <a rel=\"noreferrer noopener\" href=\"https:\/\/abc.gob.ar\/secretarias\/areas\/subsecretaria-de-educacion\/educacion-superior\/educacion-superior\/guias-de-actuacion-por\" target=\"_blank\">https:\/\/abc.gob.ar\/secretarias\/areas\/subsecretaria-de-educacion\/educacion-superior\/educacion-superior\/guias-de-actuacion-por<\/a><\/p>\n\n\n\n<p><strong>Resoluci\u00f3n 4900-05. Estatuto para Centros de estudiantes<\/strong>: <a rel=\"noreferrer noopener\" href=\"https:\/\/isfd112-bue.infd.edu.ar\/sitio\/wp-content\/uploads\/2026\/02\/estatuto-Centro-de-estudiantes-1.doc\" target=\"_blank\">https:\/\/isfd112-bue.infd.edu.ar\/sitio\/wp-content\/uploads\/2026\/02\/estatuto-Centro-de-estudiantes-1.doc<\/a>   <\/p>\n\n\n\n<p>Ley de Educaci\u00f3n de la Provincia de Buenos Aires: <a href=\"https:\/\/isfd112-bue.infd.edu.ar\/sitio\/wp-content\/uploads\/2026\/02\/ley-de-educacin-provincial-13688.pdf\" target=\"_blank\" rel=\"noreferrer noopener\">https:\/\/isfd112-bue.infd.edu.ar\/sitio\/wp-content\/uploads\/2026\/02\/ley-de-educacin-provincial-13688.pdf<\/a><\/p>\n\n\n\n<p>Reglamento de Institutos Superiores Res 2383\/05\/2005: <a href=\"https:\/\/isfd112-bue.infd.edu.ar\/sitio\/wp-content\/uploads\/2026\/02\/Resolucion-2383-05-Reglamento-de-Institutos-Superiores.doc\" target=\"_blank\" rel=\"noreferrer noopener\">https:\/\/isfd112-bue.infd.edu.ar\/sitio\/wp-content\/uploads\/2026\/02\/Resolucion-2383-05-Reglamento-de-Institutos-Superiores.doc<\/a><\/p>\n\n\n\n<p>Reglamento de instituciones educativas Res 2299\/11: <a href=\"https:\/\/isfd112-bue.infd.edu.ar\/sitio\/wp-content\/uploads\/2026\/02\/reglamento_general-de-instituciones-educativas-2011.pdf\" target=\"_blank\" rel=\"noreferrer noopener\">https:\/\/isfd112-bue.infd.edu.ar\/sitio\/wp-content\/uploads\/2026\/02\/reglamento_general-de-instituciones-educativas-2011.pdf<\/a><\/p>\n","protected":false},"excerpt":{"rendered":"<p>R\u00e9gimen Acad\u00e9mico Marco Resoluci\u00f3n 4196\/24: https:\/\/isfd112-bue.infd.edu.ar\/sitio\/wp-content\/uploads\/2026\/02\/RAM-Superior-4196-24-y-anexos.pdf Pruebas de selecci\u00f3n para c\u00e1tedras y cargos en el nivel superior Res 6179\/25: https:\/\/isfd112-bue.infd.edu.ar\/sitio\/wp-content\/uploads\/2025\/12\/RESOC-2025-6179-GDEBA-DGCYE-2.pdf Consejo Acad\u00e9mico Institucional en el nivel superior de la Provincia de Buenos Aires Res 4044\/09: https:\/\/isfd112-bue.infd.edu.ar\/sitio\/wp-content\/uploads\/2026\/02\/res_4044cai.pdf Gu\u00edas de actuaci\u00f3n por violencia de g\u00e9neros &#8211; DOCUMENTO MARCO PARA LA CREACI\u00d3N DE PROTOCOLOS GU\u00cdA DE ACTUACI\u00d3N CON &#8230; <a title=\"Normativa del Nivel Superior\" class=\"read-more\" href=\"https:\/\/isfd112-bue.infd.edu.ar\/sitio\/normativa-del-nivel-superior\/\" aria-label=\"More on Normativa del Nivel Superior\">[+]<\/a><\/p>\n","protected":false},"author":2232,"featured_media":0,"parent":0,"menu_order":0,"comment_status":"closed","ping_status":"closed","template":"","meta":[],"acf":[],"_links":{"self":[{"href":"https:\/\/isfd112-bue.infd.edu.ar\/sitio\/wp-json\/wp\/v2\/pages\/12160"}],"collection":[{"href":"https:\/\/isfd112-bue.infd.edu.ar\/sitio\/wp-json\/wp\/v2\/pages"}],"about":[{"href":"https:\/\/isfd112-bue.infd.edu.ar\/sitio\/wp-json\/wp\/v2\/types\/page"}],"author":[{"embeddable":true,"href":"https:\/\/isfd112-bue.infd.edu.ar\/sitio\/wp-json\/wp\/v2\/users\/2232"}],"replies":[{"embeddable":true,"href":"https:\/\/isfd112-bue.infd.edu.ar\/sitio\/wp-json\/wp\/v2\/comments?post=12160"}],"version-history":[{"count":7,"href":"https:\/\/isfd112-bue.infd.edu.ar\/sitio\/wp-json\/wp\/v2\/pages\/12160\/revisions"}],"predecessor-version":[{"id":12186,"href":"https:\/\/isfd112-bue.infd.edu.ar\/sitio\/wp-json\/wp\/v2\/pages\/12160\/revisions\/12186"}],"wp:attachment":[{"href":"https:\/\/isfd112-bue.infd.edu.ar\/sitio\/wp-json\/wp\/v2\/media?parent=12160"}],"curies":[{"name":"wp","href":"https:\/\/api.w.org\/{rel}","templated":true}]}}