{"id":12200,"date":"2026-02-21T22:12:58","date_gmt":"2026-02-22T01:12:58","guid":{"rendered":"https:\/\/isfd112-bue.infd.edu.ar\/sitio\/?page_id=12200"},"modified":"2026-02-22T14:00:24","modified_gmt":"2026-02-22T17:00:24","slug":"inscripcion-definitiva-nueva-citacion","status":"publish","type":"page","link":"https:\/\/isfd112-bue.infd.edu.ar\/sitio\/inscripcion-definitiva-nueva-citacion\/","title":{"rendered":"SEGUNDA ETAPA PRESENCIAL Y PERSONAL: DOCUMENTACI\u00d3N REQUERIDA"},"content":{"rendered":"\n<p><strong>Queremos agradecer a todas y todos los que eligen a nuestra instituci\u00f3n para formarse en el camino de la docencia.<\/strong><\/p>\n\n\n\n<p>Por eso queremos comunicarles que a la fecha se complet\u00f3 la disponibilidad de vacantes para el Profesorado de Educaci\u00f3n Inicial (320 vacantes) y el Profesorado de Educaci\u00f3n Primaria (280 vacantes). <\/p>\n\n\n\n<p>Los dem\u00e1s formularios contin\u00faan activos, hasta el cierre de la inscripci\u00f3n o hasta que se complete la disponibilidad de vacantes, lo que ocurra primero.&nbsp; Hay vacantes para el&nbsp;&nbsp; Profesorado de Educaci\u00f3n Especial y el Profesorado de Educaci\u00f3n Secundaria en F\u00edsica.<\/p>\n\n\n\n<p><strong>SOLO PARA ASPIRANTES QUE HICIERON LA PREINSCRIPCI\u00d3N<\/strong><\/p>\n\n\n\n<p>En esta instancia, se corroborar\u00e1 la documentaci\u00f3n solicitada en el PASO 1 y otra que necesitan traer personalmente. Por lo tanto, deber\u00e1n contar con original y fotocopia de:<\/p>\n\n\n\n<ul>\n<li>DNI<\/li>\n\n\n\n<li>Partida de nacimiento<\/li>\n\n\n\n<li>2 fotos 4 x 4<\/li>\n\n\n\n<li>T\u00edtulo secundario. En caso de no tener a\u00fan el t\u00edtulo, puede presentar Constancia de T\u00edtulo en Tr\u00e1mite o Constancia General, aclarando las materias que adeuda.<\/li>\n<\/ul>\n\n\n\n<p>Toda la documentaci\u00f3n debe adjuntarse en un folio oficio con etiqueta.<\/p>\n\n\n\n<p>No olvidar una lapicera\/birome azul para completar lo que sea necesario y firmar.<\/p>\n\n\n\n<p>Si todo lo presentado es correcto, se corresponde con los requisitos pedidos y lo declarado en el formulario de preinscripci\u00f3n, se proceder\u00e1 a confirmar la inscripci\u00f3n, para cursar Primer A\u00f1o en el 2026.<\/p>\n\n\n\n<p>En esta segunda etapa de la inscripci\u00f3n, nos acompa\u00f1ar\u00e1 la\u00a0<strong>ASOCIACI\u00d3N COOPERADORA DEL 112<\/strong>, para dialogar sobre las acciones que realiza en nuestro Instituto, la importancia de asociarse y de contribuir con el bono solidario anual que en este momento es de $30.000, que puede abonarse en un solo pago o lo que cada una\/o pueda aportar. Es muy importante para garantizar la calidad de la educaci\u00f3n brindada por nuestra instituci\u00f3n.<\/p>\n\n\n\n<p><strong>En este momento tambi\u00e9n podr\u00e1n comprar a la ASOCIACI\u00d3N COOPERADORA la LIBRETA DEL ESTUDIANTE, cuyo valor es de $20.000. Es el documento que van a necesitar a lo largo de toda su carrera para registrar su trayectoria acad\u00e9mica.<\/strong><\/p>\n","protected":false},"excerpt":{"rendered":"<p>Queremos agradecer a todas y todos los que eligen a nuestra instituci\u00f3n para formarse en el camino de la docencia. Por eso queremos comunicarles que a la fecha se complet\u00f3 la disponibilidad de vacantes para el Profesorado de Educaci\u00f3n Inicial (320 vacantes) y el Profesorado de Educaci\u00f3n Primaria (280 vacantes). Los dem\u00e1s formularios contin\u00faan activos, &#8230; <a title=\"SEGUNDA ETAPA PRESENCIAL Y PERSONAL: DOCUMENTACI\u00d3N REQUERIDA\" class=\"read-more\" href=\"https:\/\/isfd112-bue.infd.edu.ar\/sitio\/inscripcion-definitiva-nueva-citacion\/\" aria-label=\"More on SEGUNDA ETAPA PRESENCIAL Y PERSONAL: DOCUMENTACI\u00d3N REQUERIDA\">[+]<\/a><\/p>\n","protected":false},"author":2232,"featured_media":0,"parent":0,"menu_order":0,"comment_status":"closed","ping_status":"closed","template":"","meta":[],"acf":[],"_links":{"self":[{"href":"https:\/\/isfd112-bue.infd.edu.ar\/sitio\/wp-json\/wp\/v2\/pages\/12200"}],"collection":[{"href":"https:\/\/isfd112-bue.infd.edu.ar\/sitio\/wp-json\/wp\/v2\/pages"}],"about":[{"href":"https:\/\/isfd112-bue.infd.edu.ar\/sitio\/wp-json\/wp\/v2\/types\/page"}],"author":[{"embeddable":true,"href":"https:\/\/isfd112-bue.infd.edu.ar\/sitio\/wp-json\/wp\/v2\/users\/2232"}],"replies":[{"embeddable":true,"href":"https:\/\/isfd112-bue.infd.edu.ar\/sitio\/wp-json\/wp\/v2\/comments?post=12200"}],"version-history":[{"count":2,"href":"https:\/\/isfd112-bue.infd.edu.ar\/sitio\/wp-json\/wp\/v2\/pages\/12200\/revisions"}],"predecessor-version":[{"id":12230,"href":"https:\/\/isfd112-bue.infd.edu.ar\/sitio\/wp-json\/wp\/v2\/pages\/12200\/revisions\/12230"}],"wp:attachment":[{"href":"https:\/\/isfd112-bue.infd.edu.ar\/sitio\/wp-json\/wp\/v2\/media?parent=12200"}],"curies":[{"name":"wp","href":"https:\/\/api.w.org\/{rel}","templated":true}]}}