{"id":12267,"date":"2026-03-04T00:46:43","date_gmt":"2026-03-04T03:46:43","guid":{"rendered":"https:\/\/isfd112-bue.infd.edu.ar\/sitio\/?page_id=12267"},"modified":"2026-03-08T15:41:23","modified_gmt":"2026-03-08T18:41:23","slug":"solicitud-de-cambio-de-curso-o-de-unidades-curriculares-inicial-especial-fisica","status":"publish","type":"page","link":"https:\/\/isfd112-bue.infd.edu.ar\/sitio\/solicitud-de-cambio-de-curso-o-de-unidades-curriculares-inicial-especial-fisica\/","title":{"rendered":"Solicitud de cambio de horario de Unidades Curriculares (Inicial &#8211; Especial &#8211; Primaria)"},"content":{"rendered":"\n<p>Para realizar la solicitud de cambio de horario de Unidades Curriculares del Profesorado de Educaci\u00f3n Inicial, Profesorado de Educaci\u00f3n Especial y Profesorado de Educaci\u00f3n Primaria, debe descargar la siguiente nota, completarla y enviarla al mail:  cambiodehorariouc112@gmail.com<\/p>\n\n\n\n<p><a href=\"https:\/\/isfd112-bue.infd.edu.ar\/sitio\/wp-content\/uploads\/2026\/03\/SOLICITUD-DE-VACANTE-POR-CAMBIO-DE-TURNO-POR-UC-1.docx\">https:\/\/isfd112-bue.infd.edu.ar\/sitio\/wp-content\/uploads\/2026\/03\/SOLICITUD-DE-VACANTE-POR-CAMBIO-DE-TURNO-POR-UC-1.docx<\/a><\/p>\n\n\n\n<p>Una vez realizado el pedido recibir\u00e1 la respuesta por correo electr\u00f3nico en el plazo de 15 d\u00edas h\u00e1biles.<\/p>\n\n\n\n<p><strong>IMPORTANTE<\/strong>: el otorgamiento del cambio solicitado queda sujeto a la disponibilidad de vacantes en el turno \/ comisi\u00f3n.<\/p>\n\n\n\n<p>   <\/p>\n","protected":false},"excerpt":{"rendered":"<p>Para realizar la solicitud de cambio de horario de Unidades Curriculares del Profesorado de Educaci\u00f3n Inicial, Profesorado de Educaci\u00f3n Especial y Profesorado de Educaci\u00f3n Primaria, debe descargar la siguiente nota, completarla y enviarla al mail: cambiodehorariouc112@gmail.com https:\/\/isfd112-bue.infd.edu.ar\/sitio\/wp-content\/uploads\/2026\/03\/SOLICITUD-DE-VACANTE-POR-CAMBIO-DE-TURNO-POR-UC-1.docx Una vez realizado el pedido recibir\u00e1 la respuesta por correo electr\u00f3nico en el plazo de 15 d\u00edas h\u00e1biles. &#8230; <a title=\"Solicitud de cambio de horario de Unidades Curriculares (Inicial &#8211; Especial &#8211; Primaria)\" class=\"read-more\" href=\"https:\/\/isfd112-bue.infd.edu.ar\/sitio\/solicitud-de-cambio-de-curso-o-de-unidades-curriculares-inicial-especial-fisica\/\" aria-label=\"More on Solicitud de cambio de horario de Unidades Curriculares (Inicial &#8211; Especial &#8211; Primaria)\">[+]<\/a><\/p>\n","protected":false},"author":2232,"featured_media":0,"parent":0,"menu_order":0,"comment_status":"closed","ping_status":"closed","template":"","meta":[],"acf":[],"_links":{"self":[{"href":"https:\/\/isfd112-bue.infd.edu.ar\/sitio\/wp-json\/wp\/v2\/pages\/12267"}],"collection":[{"href":"https:\/\/isfd112-bue.infd.edu.ar\/sitio\/wp-json\/wp\/v2\/pages"}],"about":[{"href":"https:\/\/isfd112-bue.infd.edu.ar\/sitio\/wp-json\/wp\/v2\/types\/page"}],"author":[{"embeddable":true,"href":"https:\/\/isfd112-bue.infd.edu.ar\/sitio\/wp-json\/wp\/v2\/users\/2232"}],"replies":[{"embeddable":true,"href":"https:\/\/isfd112-bue.infd.edu.ar\/sitio\/wp-json\/wp\/v2\/comments?post=12267"}],"version-history":[{"count":4,"href":"https:\/\/isfd112-bue.infd.edu.ar\/sitio\/wp-json\/wp\/v2\/pages\/12267\/revisions"}],"predecessor-version":[{"id":12284,"href":"https:\/\/isfd112-bue.infd.edu.ar\/sitio\/wp-json\/wp\/v2\/pages\/12267\/revisions\/12284"}],"wp:attachment":[{"href":"https:\/\/isfd112-bue.infd.edu.ar\/sitio\/wp-json\/wp\/v2\/media?parent=12267"}],"curies":[{"name":"wp","href":"https:\/\/api.w.org\/{rel}","templated":true}]}}