{"id":12312,"date":"2026-03-14T12:23:23","date_gmt":"2026-03-14T15:23:23","guid":{"rendered":"https:\/\/isfd112-bue.infd.edu.ar\/sitio\/?page_id=12312"},"modified":"2026-03-14T12:23:24","modified_gmt":"2026-03-14T15:23:24","slug":"1-1-inicial-turno-vespertino","status":"publish","type":"page","link":"https:\/\/isfd112-bue.infd.edu.ar\/sitio\/1-1-inicial-turno-vespertino\/","title":{"rendered":"1\u00b0 1\u00b0 Inicial Turno Vespertino"},"content":{"rendered":"\n<figure class=\"wp-block-table\"><table><tbody><tr><td><strong>PROFESORADO DE EDUCACI\u00d3N INICIAL 1\u00ba1\u00ba<\/strong><\/td><\/tr><tr><td>ABREO CASTA\u00d1ERA&nbsp; LIA SARA&nbsp;<\/td><\/tr><tr><td>ACEVEDO LEGUIZAMON EVELYN MAGALI&nbsp;<\/td><\/tr><tr><td>ACOSTA LUDMILA JAZMIN&nbsp;&nbsp;<\/td><\/tr><tr><td>ACU\u00d1A AMALIA ZUNILDA<\/td><\/tr><tr><td>AG\u00dcERO AYLEN VALENTINA&nbsp;<\/td><\/tr><tr><td>AG\u00dcERO DAIANA&nbsp;&nbsp;<\/td><\/tr><tr><td>AGUILERA FLORENCIA CECILIA&nbsp;<\/td><\/tr><tr><td>AGUILERA VELIZ BRENDA JOHANNA&nbsp;<\/td><\/tr><tr><td>AGUIRRE JENNIFER MARIELA SOLEDAD<\/td><\/tr><tr><td>ALARC\u00d3N EVELYN AYELEN<\/td><\/tr><tr><td>BALBI ESCOBAR \u00c1NGELES MORENA<\/td><\/tr><tr><td>BARBONAGLIA CONSTANZA DENISE<\/td><\/tr><tr><td>BARBOZA GOMEZ ALDANA ANDREA<\/td><\/tr><tr><td>BARRAZA SABRINA VICTORIA&nbsp;<\/td><\/tr><tr><td>BARRO ROCIO DANIELA&nbsp;<\/td><\/tr><tr><td>BARROS MAGALI BRENDA&nbsp;<\/td><\/tr><tr><td>BASAEZ NAHIARA BLANCA NICOLE&nbsp;&nbsp;<\/td><\/tr><tr><td>CABRAL JULIETA MORENA&nbsp;<\/td><\/tr><tr><td>CABRERA MARIA DE LOS ANGELES<\/td><\/tr><tr><td>CABRERA SOFIA MACARENA&nbsp;&nbsp;<\/td><\/tr><tr><td>CANT\u00d3N SOLANGE BELEN<\/td><\/tr><tr><td>CARLASSARE MAGAL\u00cd ANTONELLA&nbsp;&nbsp;<\/td><\/tr><tr><td>CARRILLO MICAELA BELEN<\/td><\/tr><tr><td>DIAZ AGUSTINA AYELEN<\/td><\/tr><tr><td>DIAZ AGUSTINA DANIELA<\/td><\/tr><tr><td>ENGEMANN CAMILA SALOME&nbsp;<\/td><\/tr><tr><td>ESCOBAR GARRAUT SOFIA BEATRIZ&nbsp;<\/td><\/tr><tr><td>FERN\u00c1NDEZ AYELEN ELIZABETH&nbsp;<\/td><\/tr><tr><td>FERN\u00c1NDEZ FLORENCIA MAGALI<\/td><\/tr><tr><td>GALARZA IARA CAMILA&nbsp;<\/td><\/tr><tr><td>GALVAN GOMEZ MELANIE<\/td><\/tr><tr><td>GARAY VALENTINA CHIARA&nbsp;<\/td><\/tr><tr><td>HEISLITZ CAROLINA<\/td><\/tr><tr><td>HERRERA EUGENIA CONSTANZA&nbsp;&nbsp;<\/td><\/tr><tr><td>LEDESMA LOURDES<\/td><\/tr><tr><td>LEGUIZAMON LILIANA LUCIA&nbsp;&nbsp;<\/td><\/tr><tr><td>MACIEL ANDREA NOEMI&nbsp;<\/td><\/tr><tr><td>MACIEL LUJAN ARACELI&nbsp;<\/td><\/tr><tr><td>MAIDANA MARISOL SABRINA&nbsp;<\/td><\/tr><tr><td>MEDINA GISELLE TANIA<\/td><\/tr><tr><td>MEDINA PRISCILA AYELEN<\/td><\/tr><tr><td>OJEDA MILAGROS LUCIA&nbsp;<\/td><\/tr><tr><td>OLGUIN DELGADO MELISSA NARELA<\/td><\/tr><tr><td>OLID CAMILA&nbsp;<\/td><\/tr><tr><td>PALOMINO MILAGROS XIOMARA&nbsp;<\/td><\/tr><tr><td>PANARO BRAVO FLORENCIA MACARENA<\/td><\/tr><tr><td>PAREDES LUCIA ELIZABETH&nbsp;<\/td><\/tr><tr><td>PARODI MATILDA<\/td><\/tr><tr><td>QUI\u00d1ONEZ&nbsp;<\/td><\/tr><tr><td>RAJOY FIORELLA LUJAN<\/td><\/tr><tr><td>RAMIREZ ANTONELLA&nbsp;<\/td><\/tr><tr><td>SABAN NAIRA JAZMIN&nbsp;&nbsp;<\/td><\/tr><tr><td>SALATINO MICAELA BETIANA&nbsp;&nbsp;<\/td><\/tr><tr><td>SALDIVIA ORTEGA ROCIO ANAHI<\/td><\/tr><tr><td>SALTOS LOUDES SOLANA<\/td><\/tr><tr><td>TOMADIN ALDANA BEL\u00c9N&nbsp;<\/td><\/tr><tr><td>TORRES BRENDA MARLEN<\/td><\/tr><tr><td>URQUIOLA ZAIRA MARTINA&nbsp;<\/td><\/tr><tr><td>VALDEZ CELESTE&nbsp;<\/td><\/tr><tr><td>VAZQUEZ MORENA PILAR&nbsp;<\/td><\/tr><tr><td>VELOSO IARA MAILEN&nbsp;<\/td><\/tr><tr><td>VILLAFA\u00d1E JULIETA AYLEN&nbsp;&nbsp;<\/td><\/tr><tr><td>ZAPATA CORONEL VALENTINA DANIELA&nbsp;<\/td><\/tr><\/tbody><\/table><\/figure>\n","protected":false},"excerpt":{"rendered":"<p>PROFESORADO DE EDUCACI\u00d3N INICIAL 1\u00ba1\u00ba ABREO CASTA\u00d1ERA&nbsp; LIA SARA&nbsp; ACEVEDO LEGUIZAMON EVELYN MAGALI&nbsp; ACOSTA LUDMILA JAZMIN&nbsp;&nbsp; ACU\u00d1A AMALIA ZUNILDA AG\u00dcERO AYLEN VALENTINA&nbsp; AG\u00dcERO DAIANA&nbsp;&nbsp; AGUILERA FLORENCIA CECILIA&nbsp; AGUILERA VELIZ BRENDA JOHANNA&nbsp; AGUIRRE JENNIFER MARIELA SOLEDAD ALARC\u00d3N EVELYN AYELEN BALBI ESCOBAR \u00c1NGELES MORENA BARBONAGLIA CONSTANZA DENISE BARBOZA GOMEZ ALDANA ANDREA BARRAZA SABRINA VICTORIA&nbsp; BARRO ROCIO DANIELA&nbsp; &#8230; <a title=\"1\u00b0 1\u00b0 Inicial Turno Vespertino\" class=\"read-more\" href=\"https:\/\/isfd112-bue.infd.edu.ar\/sitio\/1-1-inicial-turno-vespertino\/\" aria-label=\"More on 1\u00b0 1\u00b0 Inicial Turno Vespertino\">[+]<\/a><\/p>\n","protected":false},"author":2232,"featured_media":0,"parent":0,"menu_order":0,"comment_status":"closed","ping_status":"closed","template":"","meta":[],"acf":[],"_links":{"self":[{"href":"https:\/\/isfd112-bue.infd.edu.ar\/sitio\/wp-json\/wp\/v2\/pages\/12312"}],"collection":[{"href":"https:\/\/isfd112-bue.infd.edu.ar\/sitio\/wp-json\/wp\/v2\/pages"}],"about":[{"href":"https:\/\/isfd112-bue.infd.edu.ar\/sitio\/wp-json\/wp\/v2\/types\/page"}],"author":[{"embeddable":true,"href":"https:\/\/isfd112-bue.infd.edu.ar\/sitio\/wp-json\/wp\/v2\/users\/2232"}],"replies":[{"embeddable":true,"href":"https:\/\/isfd112-bue.infd.edu.ar\/sitio\/wp-json\/wp\/v2\/comments?post=12312"}],"version-history":[{"count":1,"href":"https:\/\/isfd112-bue.infd.edu.ar\/sitio\/wp-json\/wp\/v2\/pages\/12312\/revisions"}],"predecessor-version":[{"id":12314,"href":"https:\/\/isfd112-bue.infd.edu.ar\/sitio\/wp-json\/wp\/v2\/pages\/12312\/revisions\/12314"}],"wp:attachment":[{"href":"https:\/\/isfd112-bue.infd.edu.ar\/sitio\/wp-json\/wp\/v2\/media?parent=12312"}],"curies":[{"name":"wp","href":"https:\/\/api.w.org\/{rel}","templated":true}]}}