{"id":12333,"date":"2026-03-14T12:44:09","date_gmt":"2026-03-14T15:44:09","guid":{"rendered":"https:\/\/isfd112-bue.infd.edu.ar\/sitio\/?page_id=12333"},"modified":"2026-03-14T12:44:11","modified_gmt":"2026-03-14T15:44:11","slug":"1-2-primaria-turno-manana","status":"publish","type":"page","link":"https:\/\/isfd112-bue.infd.edu.ar\/sitio\/1-2-primaria-turno-manana\/","title":{"rendered":"1\u00b0 2\u00b0 Primaria Turno Ma\u00f1ana"},"content":{"rendered":"\n<figure class=\"wp-block-table\"><table><tbody><tr><td><strong>Profesorado de Educaci\u00f3n Primaria Turno Ma\u00f1ana 1\u00b0 2\u00b0<\/strong><\/td><\/tr><tr><td>Acosta Tiziana Nicole<\/td><\/tr><tr><td>AGUIRRE CATHALINAT CELESTE BELEN<\/td><\/tr><tr><td>ALTHAPARRO DELFINA<\/td><\/tr><tr><td>AYALA IARA JAQUELINE<\/td><\/tr><tr><td>Balceda Constanza<\/td><\/tr><tr><td>BARRETO LUDMILA MILAGROS<\/td><\/tr><tr><td>BERM\u00daDEZ MELANY ABIGAIL<\/td><\/tr><tr><td>Brena Roc\u00edo Bel\u00e9n<\/td><\/tr><tr><td>CARDOZO GUADALUPE MARIA EVA<\/td><\/tr><tr><td>CASTILLO NAHIR AYLEN<\/td><\/tr><tr><td>CERVERA ALBINAGORTA DIANE VALERI<\/td><\/tr><tr><td>CORREA SABRINA NOELIA<\/td><\/tr><tr><td>DALIBON DAMARIS REBECA<\/td><\/tr><tr><td>D\u00cdAZ CANDELA AGOSTINA<\/td><\/tr><tr><td>Florencia villarreal<\/td><\/tr><tr><td>FLORES SIERRA DEBORAH ALDANA<\/td><\/tr><tr><td>GEORGINA CATERINA CAPDEVILA<\/td><\/tr><tr><td>GUTIERREZ AGUSTINA ALEJANDRA<\/td><\/tr><tr><td>IARA MAGALI RICHE<\/td><\/tr><tr><td>INSAURRALDE LUCIA ZOE<\/td><\/tr><tr><td>JEREZ YUL\u00c1N ANTONELLA<\/td><\/tr><tr><td>Jimenez Tatiana Belen<\/td><\/tr><tr><td>Keila Ailin Rebechi<\/td><\/tr><tr><td>Kenta Tiziana Valeria Lourdes<\/td><\/tr><tr><td>Ledesma Lisette sheila<\/td><\/tr><tr><td>LEDESMA ROMINA ERICA<\/td><\/tr><tr><td>LEIVA NAHIR BELEN<\/td><\/tr><tr><td>Lopez Eliana Nahir<\/td><\/tr><tr><td>LUGONES, MARILIN EVA<\/td><\/tr><tr><td>Maciel L\u00f3pez Camila jazmin<\/td><\/tr><tr><td>MANSILLA MELANY ROCIO<\/td><\/tr><tr><td>MAS WANDA<\/td><\/tr><tr><td>Melany Magali Gauto Pereira<\/td><\/tr><tr><td>MELODY MILAGROS YBARRA<\/td><\/tr><tr><td>MEZA CANDELA ABIGAIL<\/td><\/tr><tr><td>MICAELA BELEN LEGUIZAMON<\/td><\/tr><tr><td>NADIA YAMIL NAVARRO SILVA<\/td><\/tr><tr><td>OLMEDO LUDMILA ABIGAIL<\/td><\/tr><tr><td>Ortiz Tamara Beatriz<\/td><\/tr><tr><td>PEREYRA ROMERO ZOE MORENA<\/td><\/tr><tr><td>Pralong Florencia<\/td><\/tr><tr><td>REAL CAMILA CELESTE<\/td><\/tr><tr><td>ROBLEDO DULCE PAOLA<\/td><\/tr><tr><td>Rocio del cielo pedrozo cruz<\/td><\/tr><tr><td>ROJAS MARECO DAIANA CELESTE<\/td><\/tr><tr><td>Rol\u00f3n Alumin\u00e9 Mar\u00eda Oriana<\/td><\/tr><tr><td>SAUCEDO BRENDA LUCIANA<\/td><\/tr><tr><td>SHAIEL NICOLE VERA<\/td><\/tr><tr><td>SHEILA JAZM\u00cdN ANDRADA<\/td><\/tr><tr><td>Silva Claudia Alejandra<\/td><\/tr><tr><td>SILVERO MILAGROS BELEN<\/td><\/tr><tr><td>Soledad Maricel Tomas<\/td><\/tr><tr><td>SPINA PAEZ JOANA ABIGAIL<\/td><\/tr><tr><td>TABORDA MARIA CELESTE<\/td><\/tr><tr><td>Tanqu\u00eda Lucia Agustina<\/td><\/tr><tr><td>Varela carla marisoi<\/td><\/tr><tr><td>Velazquez Nicole Agostina<\/td><\/tr><tr><td>VERON MILTON JUAN JAVIER<\/td><\/tr><tr><td>Zaida Nicole Diaz<\/td><\/tr><\/tbody><\/table><\/figure>\n","protected":false},"excerpt":{"rendered":"<p>Profesorado de Educaci\u00f3n Primaria Turno Ma\u00f1ana 1\u00b0 2\u00b0 Acosta Tiziana Nicole AGUIRRE CATHALINAT CELESTE BELEN ALTHAPARRO DELFINA AYALA IARA JAQUELINE Balceda Constanza BARRETO LUDMILA MILAGROS BERM\u00daDEZ MELANY ABIGAIL Brena Roc\u00edo Bel\u00e9n CARDOZO GUADALUPE MARIA EVA CASTILLO NAHIR AYLEN CERVERA ALBINAGORTA DIANE VALERI CORREA SABRINA NOELIA DALIBON DAMARIS REBECA D\u00cdAZ CANDELA AGOSTINA Florencia villarreal FLORES SIERRA &#8230; <a title=\"1\u00b0 2\u00b0 Primaria Turno Ma\u00f1ana\" class=\"read-more\" href=\"https:\/\/isfd112-bue.infd.edu.ar\/sitio\/1-2-primaria-turno-manana\/\" aria-label=\"More on 1\u00b0 2\u00b0 Primaria Turno Ma\u00f1ana\">[+]<\/a><\/p>\n","protected":false},"author":2232,"featured_media":0,"parent":0,"menu_order":0,"comment_status":"closed","ping_status":"closed","template":"","meta":[],"acf":[],"_links":{"self":[{"href":"https:\/\/isfd112-bue.infd.edu.ar\/sitio\/wp-json\/wp\/v2\/pages\/12333"}],"collection":[{"href":"https:\/\/isfd112-bue.infd.edu.ar\/sitio\/wp-json\/wp\/v2\/pages"}],"about":[{"href":"https:\/\/isfd112-bue.infd.edu.ar\/sitio\/wp-json\/wp\/v2\/types\/page"}],"author":[{"embeddable":true,"href":"https:\/\/isfd112-bue.infd.edu.ar\/sitio\/wp-json\/wp\/v2\/users\/2232"}],"replies":[{"embeddable":true,"href":"https:\/\/isfd112-bue.infd.edu.ar\/sitio\/wp-json\/wp\/v2\/comments?post=12333"}],"version-history":[{"count":1,"href":"https:\/\/isfd112-bue.infd.edu.ar\/sitio\/wp-json\/wp\/v2\/pages\/12333\/revisions"}],"predecessor-version":[{"id":12335,"href":"https:\/\/isfd112-bue.infd.edu.ar\/sitio\/wp-json\/wp\/v2\/pages\/12333\/revisions\/12335"}],"wp:attachment":[{"href":"https:\/\/isfd112-bue.infd.edu.ar\/sitio\/wp-json\/wp\/v2\/media?parent=12333"}],"curies":[{"name":"wp","href":"https:\/\/api.w.org\/{rel}","templated":true}]}}