{"id":12336,"date":"2026-03-14T12:51:27","date_gmt":"2026-03-14T15:51:27","guid":{"rendered":"https:\/\/isfd112-bue.infd.edu.ar\/sitio\/?page_id=12336"},"modified":"2026-03-14T12:51:28","modified_gmt":"2026-03-14T15:51:28","slug":"listas-de-ingresantes-2026-por-carrera-y-curso","status":"publish","type":"page","link":"https:\/\/isfd112-bue.infd.edu.ar\/sitio\/listas-de-ingresantes-2026-por-carrera-y-curso\/","title":{"rendered":"Listas de Ingresantes 2026 por carrera y curso"},"content":{"rendered":"\n<p>Estimadas\/os ingresantes 2026, les damos la bienvenida al Ciclo Lectivo 2026. Encontrar\u00e1n en las pesta\u00f1as de cada curso el listado de estudiantes asignados a cada comisi\u00f3n.<\/p>\n\n\n\n<p>Cualquier estudiante inscripto que haya sido omitido en alguna de las listas, por favor acercarse a preceptor\u00eda de su carrera el d\u00eda de inicio de clases, lunes 16 de marzo.<\/p>\n","protected":false},"excerpt":{"rendered":"<p>Estimadas\/os ingresantes 2026, les damos la bienvenida al Ciclo Lectivo 2026. Encontrar\u00e1n en las pesta\u00f1as de cada curso el listado de estudiantes asignados a cada comisi\u00f3n. Cualquier estudiante inscripto que haya sido omitido en alguna de las listas, por favor acercarse a preceptor\u00eda de su carrera el d\u00eda de inicio de clases, lunes 16 de &#8230; <a title=\"Listas de Ingresantes 2026 por carrera y curso\" class=\"read-more\" href=\"https:\/\/isfd112-bue.infd.edu.ar\/sitio\/listas-de-ingresantes-2026-por-carrera-y-curso\/\" aria-label=\"More on Listas de Ingresantes 2026 por carrera y curso\">[+]<\/a><\/p>\n","protected":false},"author":2232,"featured_media":0,"parent":0,"menu_order":0,"comment_status":"closed","ping_status":"closed","template":"","meta":[],"acf":[],"_links":{"self":[{"href":"https:\/\/isfd112-bue.infd.edu.ar\/sitio\/wp-json\/wp\/v2\/pages\/12336"}],"collection":[{"href":"https:\/\/isfd112-bue.infd.edu.ar\/sitio\/wp-json\/wp\/v2\/pages"}],"about":[{"href":"https:\/\/isfd112-bue.infd.edu.ar\/sitio\/wp-json\/wp\/v2\/types\/page"}],"author":[{"embeddable":true,"href":"https:\/\/isfd112-bue.infd.edu.ar\/sitio\/wp-json\/wp\/v2\/users\/2232"}],"replies":[{"embeddable":true,"href":"https:\/\/isfd112-bue.infd.edu.ar\/sitio\/wp-json\/wp\/v2\/comments?post=12336"}],"version-history":[{"count":1,"href":"https:\/\/isfd112-bue.infd.edu.ar\/sitio\/wp-json\/wp\/v2\/pages\/12336\/revisions"}],"predecessor-version":[{"id":12338,"href":"https:\/\/isfd112-bue.infd.edu.ar\/sitio\/wp-json\/wp\/v2\/pages\/12336\/revisions\/12338"}],"wp:attachment":[{"href":"https:\/\/isfd112-bue.infd.edu.ar\/sitio\/wp-json\/wp\/v2\/media?parent=12336"}],"curies":[{"name":"wp","href":"https:\/\/api.w.org\/{rel}","templated":true}]}}