{"id":12366,"date":"2026-03-15T15:42:56","date_gmt":"2026-03-15T18:42:56","guid":{"rendered":"https:\/\/isfd112-bue.infd.edu.ar\/sitio\/?page_id=12366"},"modified":"2026-03-15T16:05:17","modified_gmt":"2026-03-15T19:05:17","slug":"pedido-de-equivalencia-no-automatica","status":"publish","type":"page","link":"https:\/\/isfd112-bue.infd.edu.ar\/sitio\/pedido-de-equivalencia-no-automatica\/","title":{"rendered":"PEDIDO DE EQUIVALENCIA NO AUTOM\u00c1TICA"},"content":{"rendered":"\n<hr class=\"wp-block-separator has-alpha-channel-opacity\"\/>\n\n\n\n<p><strong><u>CONSIDERACIONES GENERALES<\/u><\/strong><\/p>\n\n\n\n<p>Se podr\u00e1n acreditar Unidades Curriculares (UC) mediante equivalencia. La equivalencia de una UC podr\u00e1 ser completa o parcial. En ambos casos, se ponderan los saberes acreditados en carreras del nivel superior reconocidas.<\/p>\n\n\n\n<p><strong>Un\/a estudiante podr\u00e1 solicitar equivalencias de una determinada materia cuando hubiera aprobado estudios de contenidos similares o equivalentes (finales acreditados, no cursadas parciales), realizados en otra Jurisdicci\u00f3n, en instituci\u00f3n de nivel superior, oficial o privada, debidamente reconocida, o en una universidad.&nbsp;<\/strong><strong><\/strong><\/p>\n\n\n\n<p><strong>Pautas para solicitud y acreditaci\u00f3n de unidades curriculares por equivalencias<\/strong><\/p>\n\n\n\n<p><a>Para solicitar la acreditaci\u00f3n por equivalencia, la\/el estudiante deber\u00e1:<\/a><\/p>\n\n\n\n<ol type=\"1\">\n<li>Solicitar mediante nota firmada PLANILLA PEDIDO DE EQUIVALENCIA POR MATERIA y PLANILLA RESUMEN DE PEDIDO DE EQUIVALENCIAS\n<ul>\n<li>Bajar nota y planilla a un dispositivo (celular \u2013 Tablet \u2013 pc)<\/li>\n\n\n\n<li>Completarlas, imprimirlas, firmarlas manualmente y entregarlas en preceptor\u00eda de la carrera y turno en los siguientes d\u00edas y horarios:<\/li>\n\n\n\n<li>\u2013 Turno Ma\u00f1ana \u2013 Martes, mi\u00e9rcoles y jueves de 9 a 11 hs.<\/li>\n\n\n\n<li>\u2013 Turno Tarde \u2013 Martes, mi\u00e9rcoles y jueves de 13.30 a 15.30 hs.<\/li>\n\n\n\n<li>\u2013 Turno Vespertino: Martes, mi\u00e9rcoles y jueves de 18.30 a 20.30 hs.<\/li>\n<\/ul>\n<\/li>\n<\/ol>\n\n\n\n<p><a href=\"https:\/\/isfd112-bue.infd.edu.ar\/sitio\/wp-content\/uploads\/2026\/03\/equivalenciaresumen-1.docx\">https:\/\/isfd112-bue.infd.edu.ar\/sitio\/wp-content\/uploads\/2026\/03\/equivalenciaresumen-1.docx<\/a><\/p>\n\n\n\n<p><a href=\"https:\/\/isfd112-bue.infd.edu.ar\/sitio\/wp-content\/uploads\/2026\/03\/equivalencia_asignatura-1.docx\">https:\/\/isfd112-bue.infd.edu.ar\/sitio\/wp-content\/uploads\/2026\/03\/equivalencia_asignatura-1.docx<\/a><\/p>\n\n\n\n<ol type=\"1\">\n<li>Acompa\u00f1ar las solicitudes con el certificado anal\u00edtico de estudios realizados y los programas que correspondan, en los que conste carga horaria, contenidos y bibliograf\u00eda, de las unidades curriculares en las que solicita equivalencia.<\/li>\n\n\n\n<li>La documentaci\u00f3n deber\u00e1 estar foliada, con firma y sello de las autoridades de la instituci\u00f3n emisora.<strong><\/strong><\/li>\n\n\n\n<li>Cursar la unidad curricular cuya acreditaci\u00f3n se solicita por equivalencia, hasta tanto se le confirme fehacientemente que se le otorg\u00f3 lo solicitado.<strong><\/strong><\/li>\n\n\n\n<li>Cumplir con los requerimientos acad\u00e9micos que se establezcan en el caso de una equivalencia parcial.<\/li>\n<\/ol>\n\n\n\n<hr class=\"wp-block-separator has-alpha-channel-opacity\"\/>\n\n\n\n<p><strong>LA SOLICITUD DE EQUIVALENCIAS SE REALIZA PARA UNIDADES CURRICULARES DE 1\u00b0 A 4\u00b0 A\u00d1O EN UN MISMO PEDIDO (POR CAMBIOS EN LA NORMATIVA, YA NO SE RECLAMAN A\u00d1O POR A\u00d1O).<\/strong><\/p>\n\n\n\n<p><strong>EL PEDIDO DE EQUIVALENCIAS 2026<\/strong>\u00a0<strong>SE EFECTUAR\u00c1 ENTRE LOS D\u00cdAS 16\/03\/2026 Y 30\/04\/2026<\/strong>.<\/p>\n\n\n\n<p><strong>LAS RESPUESTAS A LOS PEDIDOS SE REALIZAR\u00c1N EN LOS 15 D\u00cdAS H\u00c1BILES POSTERIORES A LA ENTREGA, REVISI\u00d3N DE LA DOCUMENTACI\u00d3N REQUERIDA<\/strong> <strong>Y EVALUACI\u00d3N DE CADA PROGRAMA DE LAS UNIDADES CURRICULARES SOLICITADAS.<\/strong><\/p>\n\n\n\n<p><strong>POR FAVOR ENTREGAR LA DOCUMENTACI\u00d3N PEDIDA EN UN FOLIO<\/strong>.<\/p>\n\n\n\n<hr class=\"wp-block-separator has-alpha-channel-opacity\"\/>\n\n\n\n<p><strong>CUALQUIER<\/strong>&nbsp;<strong>CONSULTA POR FAVOR ACERCARSE A PRECEPTORIA DE CADA CARRERA Y TURNO EN LOS HORARIOS PREVIAMENTE MENCIONADOS<\/strong><\/p>\n","protected":false},"excerpt":{"rendered":"<p>CONSIDERACIONES GENERALES Se podr\u00e1n acreditar Unidades Curriculares (UC) mediante equivalencia. La equivalencia de una UC podr\u00e1 ser completa o parcial. En ambos casos, se ponderan los saberes acreditados en carreras del nivel superior reconocidas. Un\/a estudiante podr\u00e1 solicitar equivalencias de una determinada materia cuando hubiera aprobado estudios de contenidos similares o equivalentes (finales acreditados, no &#8230; <a title=\"PEDIDO DE EQUIVALENCIA NO AUTOM\u00c1TICA\" class=\"read-more\" href=\"https:\/\/isfd112-bue.infd.edu.ar\/sitio\/pedido-de-equivalencia-no-automatica\/\" aria-label=\"More on PEDIDO DE EQUIVALENCIA NO AUTOM\u00c1TICA\">[+]<\/a><\/p>\n","protected":false},"author":2232,"featured_media":0,"parent":0,"menu_order":0,"comment_status":"closed","ping_status":"closed","template":"","meta":[],"acf":[],"_links":{"self":[{"href":"https:\/\/isfd112-bue.infd.edu.ar\/sitio\/wp-json\/wp\/v2\/pages\/12366"}],"collection":[{"href":"https:\/\/isfd112-bue.infd.edu.ar\/sitio\/wp-json\/wp\/v2\/pages"}],"about":[{"href":"https:\/\/isfd112-bue.infd.edu.ar\/sitio\/wp-json\/wp\/v2\/types\/page"}],"author":[{"embeddable":true,"href":"https:\/\/isfd112-bue.infd.edu.ar\/sitio\/wp-json\/wp\/v2\/users\/2232"}],"replies":[{"embeddable":true,"href":"https:\/\/isfd112-bue.infd.edu.ar\/sitio\/wp-json\/wp\/v2\/comments?post=12366"}],"version-history":[{"count":3,"href":"https:\/\/isfd112-bue.infd.edu.ar\/sitio\/wp-json\/wp\/v2\/pages\/12366\/revisions"}],"predecessor-version":[{"id":12381,"href":"https:\/\/isfd112-bue.infd.edu.ar\/sitio\/wp-json\/wp\/v2\/pages\/12366\/revisions\/12381"}],"wp:attachment":[{"href":"https:\/\/isfd112-bue.infd.edu.ar\/sitio\/wp-json\/wp\/v2\/media?parent=12366"}],"curies":[{"name":"wp","href":"https:\/\/api.w.org\/{rel}","templated":true}]}}