{"id":12385,"date":"2026-03-24T12:19:56","date_gmt":"2026-03-24T15:19:56","guid":{"rendered":"https:\/\/isfd112-bue.infd.edu.ar\/sitio\/?page_id=12385"},"modified":"2026-03-24T12:19:59","modified_gmt":"2026-03-24T15:19:59","slug":"reestructuracion-y-uso-del-campus","status":"publish","type":"page","link":"https:\/\/isfd112-bue.infd.edu.ar\/sitio\/reestructuracion-y-uso-del-campus\/","title":{"rendered":"Reestructuraci\u00f3n y uso del campus"},"content":{"rendered":"\n<p>Les informamos que a partir de 2026 hemos iniciado un Plan de Acci\u00f3n para la Mejora de la Comunicaci\u00f3n Institucional con el objetivo de potenciar y desarrollar las herramientas tecnol\u00f3gicas que dispone el instituto, y contribuir al proceso de democratizaci\u00f3n de acceso a la informaci\u00f3n y participaci\u00f3n efectiva de nuestra comunidad educativa. De este modo se est\u00e1n llevando adelante las siguientes acciones:<\/p>\n\n\n\n<p><strong><u>Redise\u00f1o y reorganizaci\u00f3n de nuestra p\u00e1gina web&nbsp;<\/u><\/strong><a href=\"https:\/\/isfd112-bue.infd.edu.ar\/sitio\/\"><\/a><a href=\"https:\/\/isfd112-bue.infd.edu.ar\/sitio\/\">https:\/\/isfd112-bue.infd.edu.ar\/sitio\/<\/a>&nbsp;. Pueden visitarla y all\u00ed encontrar\u00e1n informaci\u00f3n actualizada de:<\/p>\n\n\n\n<ul>\n<li>Datos del instituto (Ubicaci\u00f3n, Historia, Equipo Directivo, CAI, Centro de Estudiantes, Asociaci\u00f3n Cooperadora)<\/li>\n\n\n\n<li>Oferta acad\u00e9mica 2026<\/li>\n\n\n\n<li>Proyectos y articulaciones institucionales e interinstitucionales. R\u00e9gimen Acad\u00e9mico Institucional (RAI &#8211; en proceso de elaboraci\u00f3n en 2026)<\/li>\n\n\n\n<li>Mesas de examen<\/li>\n\n\n\n<li>Horarios 2026<\/li>\n\n\n\n<li>Publicaci\u00f3n de concursos docentes con la normativa 2026. Se va informar el estado en que se desarrolla cada concurso:<strong>&nbsp;En Proceso<\/strong>&nbsp;&#8211;&nbsp;<strong>Finalizado<\/strong>&nbsp;&#8211;&nbsp;<strong>Vacante<\/strong><\/li>\n\n\n\n<li>Formularios de uso docente (SET 4 &#8211; Declaraci\u00f3n jurada actualizada 2026 &#8211; Ficha de afiliaci\u00f3n IOMA &#8211; Salidas educativas)<\/li>\n\n\n\n<li>Agenda institucional 2026<\/li>\n\n\n\n<li>Acceso al campus virtual<\/li>\n\n\n\n<li><strong>Tr\u00e1mites online para Estudiantes<\/strong>&nbsp;que facilitan el acceso y los plazos de entrega (Pases &#8211; Equivalencias &#8211; Cambio de Turno &#8211; Solicitud de T\u00edtulo)<\/li>\n<\/ul>\n\n\n\n<p><strong><u>Reestructuraci\u00f3n y uso&nbsp;del campus virtual<\/u><\/strong><\/p>\n\n\n\n<ul>\n<li>Recodificaci\u00f3n de aulas virtuales de equipo de conducci\u00f3n, equipo de preceptoras\/es y materias de todas las carreras. De este modo quedan organizadas como se detalla a continuaci\u00f3n:<\/li>\n<\/ul>\n\n\n\n<p>&#8211;&nbsp;&nbsp;&nbsp;&nbsp;<strong>&nbsp;&nbsp;Aulas de gesti\u00f3n institucional (se inician con n\u00fameros)<\/strong><\/p>\n\n\n\n<p>01 &#8211; Equipo Directivo &#8211; Referentes Ver\u00f3nica Urquiza (Directora) &#8211; Marianela Coronel (Regente)<\/p>\n\n\n\n<p>02- Secretar\u00eda &#8211; Referente Victoria Mercado (Secretaria)<\/p>\n\n\n\n<p>03 &#8211; Jefatura del Profesorado de Educaci\u00f3n Inicial &#8211; Referente Sandra Sepulcri (Jefa de \u00e1rea)<\/p>\n\n\n\n<p>04 &#8211; Jefatura del Profesorado de Educaci\u00f3n Especial &#8211; Referente Yanina Gallo Layton (Jefa de \u00e1rea)<\/p>\n\n\n\n<p>07 &#8211; Preceptor\u00eda del Profesorado de Educaci\u00f3n Especial &#8211; Referentes Claudia Gomez y Graciela Ezquerra (Preceptoras)<\/p>\n\n\n\n<p>08 &#8211; Preceptor\u00eda del Profesorado de Educaci\u00f3n Inicial &#8211; Referente Andrea Joffe (Preceptora)&nbsp;<\/p>\n\n\n\n<p>09 &#8211; Preceptor\u00eda del Profesorado de Educaci\u00f3n Secundaria en F\u00edsica &#8211; Referente Claudia Pesce (Preceptora)<\/p>\n\n\n\n<p>10 &#8211; Preceptor\u00eda del Profesorado de Educaci\u00f3n Primaria Turno Ma\u00f1ana &#8211; Referente Andrea Santoro (Preceptora)<\/p>\n\n\n\n<p>11- Preceptor\u00eda del Profesorado de Educaci\u00f3n Primaria Turno Tarde &#8211; Referente Fernanda Hinojosa (Preceptora)<\/p>\n\n\n\n<p>12 &#8211; Preceptor\u00eda del Profesorado de Educaci\u00f3n Primaria Turno Vespertino &#8211; Referentes Andrea Morales y Daniela Pomiglio (Preceptoras)<\/p>\n\n\n\n<p>13 &#8211; Coordinaci\u00f3n de Pol\u00edticas Estudiantiles (CIPEs) &#8211; Referentes Julieta Fernandez<\/p>\n\n\n\n<p>14 &#8211; Becas Progresar &#8211; Referente Julieta Fernandez (CIPE)<\/p>\n\n\n\n<p>15- Biblioteca &#8211; Referente Lucas Foncubierta<\/p>\n\n\n\n<p>16 &#8211; Centro de Estudiantes<\/p>\n\n\n\n<p>17- Consejeras\/os del Consejo Acad\u00e9mico Institucional (CAI)<\/p>\n\n\n\n<p>18- Consejo Acad\u00e9mico Institucional (CAI)<\/p>\n\n\n\n<p><strong>&#8211;&nbsp; Aulas virtuales de las Unidades Curriculares (se inician con letras)<\/strong><\/p>\n\n\n\n<p><strong>Esp&nbsp;<\/strong>(c\u00f3digo de aulas del Profesorado de Educaci\u00f3n Especial &#8211; Ej: Esp 1\u00b0 1\u00b0 An\u00e1lisis del mundo contempor\u00e1neo)<\/p>\n\n\n\n<p><strong>Fis<\/strong>&nbsp;(c\u00f3digo de aulas del Profesorado de Educaci\u00f3n Secundaria en F\u00edsica &#8211; Ej: Fis 2\u00b0 1\u00b0 Ciencias de la Tierra)<\/p>\n\n\n\n<p><strong>Ini&nbsp;<\/strong>(c\u00f3digo de aulas del Profesorado de Educaci\u00f3n Inicial &#8211; Ej: Ini 3\u00b0 1\u00b0 Taller de Literatura Infantil)<\/p>\n\n\n\n<p><strong>Pri<\/strong>&nbsp;(c\u00f3digo de aulas del Profesorado de Educaci\u00f3n Primaria &#8211; Ej: Pri 4\u00b0 1\u00b0 Ateneo de Matem\u00e1tica)<\/p>\n\n\n\n<ul>\n<li>Creaci\u00f3n y actualizaci\u00f3n de usuarios y contrase\u00f1as&nbsp;<strong>(cada estudiante recibir\u00e1 un mail con su usuario y contrase\u00f1a en su correo electr\u00f3nico).<\/strong><\/li>\n<\/ul>\n\n\n\n<ul>\n<li>Uso pedag\u00f3gico de las aulas virtuales: a partir del<strong>&nbsp;25 de marzo de 2026<\/strong>&nbsp;cada aula virtual tendr\u00e1 incluido a las\/los estudiantes que se encuentran cursando y permitir\u00e1 que el\/la docente pueda comunicarse y compartir recursos did\u00e1cticos que considere necesarios y complementarios a lo desarrollado en las clases presenciales.<\/li>\n\n\n\n<li>Comunicaciones institucionales: a partir de 2026 las comunicaciones institucionales se enviar\u00e1n a trav\u00e9s de las aulas virtuales que pertenecen al Equipo Directivo del Instituto y se publicar\u00e1n en la p\u00e1gina web en la secci\u00f3n de&nbsp;<strong>Comunicaci\u00f3n Institucional<\/strong>. Por lo tanto, de ahora en m\u00e1s toda la informaci\u00f3n institucional v\u00e1lida ser\u00e1 la que sea emitida desde estas aulas virtuales y publicada en la p\u00e1gina web.<\/li>\n<\/ul>\n\n\n\n<p>Cualquier dificultad o sugerencia sobre el uso del campus virtual por favor escribir a&nbsp;<a href=\"mailto:campusvisrtual112@gmail.com\">campusvisrtualisfd112@gmail.com<\/a>, la preceptora Natalia Rivero ser\u00e1 la referente institucional que estar\u00e1 a cargo del soporte y asistencia t\u00e9cnica.<\/p>\n\n\n\n<p>Agradecemos a cada estudiante por elegirnos y ser parte de nuestra comunidad educativa, sabemos que en estos momentos tan complejos que atravesamos la posibilidad de mejorar las condiciones de ense\u00f1anza y aprendizaje se construye cada d\u00eda entre todas y todos.<\/p>\n\n\n\n<p>Equipo de Conducci\u00f3n<\/p>\n\n\n\n<p>ISFD 112<\/p>\n","protected":false},"excerpt":{"rendered":"<p>Les informamos que a partir de 2026 hemos iniciado un Plan de Acci\u00f3n para la Mejora de la Comunicaci\u00f3n Institucional con el objetivo de potenciar y desarrollar las herramientas tecnol\u00f3gicas que dispone el instituto, y contribuir al proceso de democratizaci\u00f3n de acceso a la informaci\u00f3n y participaci\u00f3n efectiva de nuestra comunidad educativa. De este modo &#8230; <a title=\"Reestructuraci\u00f3n y uso del campus\" class=\"read-more\" href=\"https:\/\/isfd112-bue.infd.edu.ar\/sitio\/reestructuracion-y-uso-del-campus\/\" aria-label=\"More on Reestructuraci\u00f3n y uso del campus\">[+]<\/a><\/p>\n","protected":false},"author":2232,"featured_media":0,"parent":0,"menu_order":0,"comment_status":"closed","ping_status":"closed","template":"","meta":[],"acf":[],"_links":{"self":[{"href":"https:\/\/isfd112-bue.infd.edu.ar\/sitio\/wp-json\/wp\/v2\/pages\/12385"}],"collection":[{"href":"https:\/\/isfd112-bue.infd.edu.ar\/sitio\/wp-json\/wp\/v2\/pages"}],"about":[{"href":"https:\/\/isfd112-bue.infd.edu.ar\/sitio\/wp-json\/wp\/v2\/types\/page"}],"author":[{"embeddable":true,"href":"https:\/\/isfd112-bue.infd.edu.ar\/sitio\/wp-json\/wp\/v2\/users\/2232"}],"replies":[{"embeddable":true,"href":"https:\/\/isfd112-bue.infd.edu.ar\/sitio\/wp-json\/wp\/v2\/comments?post=12385"}],"version-history":[{"count":1,"href":"https:\/\/isfd112-bue.infd.edu.ar\/sitio\/wp-json\/wp\/v2\/pages\/12385\/revisions"}],"predecessor-version":[{"id":12387,"href":"https:\/\/isfd112-bue.infd.edu.ar\/sitio\/wp-json\/wp\/v2\/pages\/12385\/revisions\/12387"}],"wp:attachment":[{"href":"https:\/\/isfd112-bue.infd.edu.ar\/sitio\/wp-json\/wp\/v2\/media?parent=12385"}],"curies":[{"name":"wp","href":"https:\/\/api.w.org\/{rel}","templated":true}]}}