{"id":12403,"date":"2026-04-19T23:23:57","date_gmt":"2026-04-20T02:23:57","guid":{"rendered":"https:\/\/isfd112-bue.infd.edu.ar\/sitio\/?page_id=12403"},"modified":"2026-04-21T10:01:21","modified_gmt":"2026-04-21T13:01:21","slug":"seguimiento-de-coberturas-de-concursos-en-isfd-112","status":"publish","type":"page","link":"https:\/\/isfd112-bue.infd.edu.ar\/sitio\/seguimiento-de-coberturas-de-concursos-en-isfd-112\/","title":{"rendered":"Seguimiento de Coberturas de concursos en ISFD 112"},"content":{"rendered":"\n<p>En esta secci\u00f3n podr\u00e1n consultar el estado en que se encuentra cada concurso de c\u00e1tedras y cargos del ISFD 112 con las siguientes categor\u00edas: En periodo de Difusi\u00f3n e Inscripci\u00f3n (DI) &#8211; En Proceso (EP) &#8211; Finalizado &#8211; cubierto (FC) &#8211; Finalizado &#8211; vacante (FV)<\/p>\n\n\n\n<div class=\"wp-block-columns is-layout-flex wp-container-3\">\n<div class=\"wp-block-column is-layout-flow\" style=\"flex-basis:100%\">\n<div class=\"wp-block-group is-layout-constrained\"><div class=\"wp-block-group__inner-container\">\n<figure class=\"wp-block-table aligncenter is-style-regular\"><table><tbody><tr><td>N\u00famero de <br>Cobertura en <br>Ciclo Lectivo <br>2026<\/td><td>Estado del Concurso<\/td><\/tr><tr><td>1<\/td><td>DI<\/td><\/tr><tr><td>2<\/td><td>DI<\/td><\/tr><tr><td>3<\/td><td>DI<\/td><\/tr><tr><td>4<\/td><td>DI<\/td><\/tr><tr><td>5<\/td><td>DI<\/td><\/tr><tr><td>6<\/td><td>DI<\/td><\/tr><tr><td>7<\/td><td>DI<\/td><\/tr><tr><td>8<\/td><td>DI<\/td><\/tr><tr><td>9<\/td><td>DI<\/td><\/tr><tr><td>10<\/td><td>DI<\/td><\/tr><tr><td>11<\/td><td>DI<\/td><\/tr><tr><td>12<\/td><td>DI<\/td><\/tr><tr><td>13<\/td><td>DI<\/td><\/tr><tr><td>14<\/td><td>DI<\/td><\/tr><\/tbody><\/table><\/figure>\n<\/div><\/div>\n<\/div>\n<\/div>\n","protected":false},"excerpt":{"rendered":"<p>En esta secci\u00f3n podr\u00e1n consultar el estado en que se encuentra cada concurso de c\u00e1tedras y cargos del ISFD 112 con las siguientes categor\u00edas: En periodo de Difusi\u00f3n e Inscripci\u00f3n (DI) &#8211; En Proceso (EP) &#8211; Finalizado &#8211; cubierto (FC) &#8211; Finalizado &#8211; vacante (FV) N\u00famero de Cobertura en Ciclo Lectivo 2026 Estado del Concurso &#8230; <a title=\"Seguimiento de Coberturas de concursos en ISFD 112\" class=\"read-more\" href=\"https:\/\/isfd112-bue.infd.edu.ar\/sitio\/seguimiento-de-coberturas-de-concursos-en-isfd-112\/\" aria-label=\"More on Seguimiento de Coberturas de concursos en ISFD 112\">[+]<\/a><\/p>\n","protected":false},"author":2232,"featured_media":0,"parent":0,"menu_order":0,"comment_status":"closed","ping_status":"closed","template":"","meta":[],"acf":[],"_links":{"self":[{"href":"https:\/\/isfd112-bue.infd.edu.ar\/sitio\/wp-json\/wp\/v2\/pages\/12403"}],"collection":[{"href":"https:\/\/isfd112-bue.infd.edu.ar\/sitio\/wp-json\/wp\/v2\/pages"}],"about":[{"href":"https:\/\/isfd112-bue.infd.edu.ar\/sitio\/wp-json\/wp\/v2\/types\/page"}],"author":[{"embeddable":true,"href":"https:\/\/isfd112-bue.infd.edu.ar\/sitio\/wp-json\/wp\/v2\/users\/2232"}],"replies":[{"embeddable":true,"href":"https:\/\/isfd112-bue.infd.edu.ar\/sitio\/wp-json\/wp\/v2\/comments?post=12403"}],"version-history":[{"count":7,"href":"https:\/\/isfd112-bue.infd.edu.ar\/sitio\/wp-json\/wp\/v2\/pages\/12403\/revisions"}],"predecessor-version":[{"id":12418,"href":"https:\/\/isfd112-bue.infd.edu.ar\/sitio\/wp-json\/wp\/v2\/pages\/12403\/revisions\/12418"}],"wp:attachment":[{"href":"https:\/\/isfd112-bue.infd.edu.ar\/sitio\/wp-json\/wp\/v2\/media?parent=12403"}],"curies":[{"name":"wp","href":"https:\/\/api.w.org\/{rel}","templated":true}]}}