{"id":12424,"date":"2026-04-26T20:55:15","date_gmt":"2026-04-26T23:55:15","guid":{"rendered":"https:\/\/isfd112-bue.infd.edu.ar\/sitio\/?page_id=12424"},"modified":"2026-04-26T21:32:54","modified_gmt":"2026-04-27T00:32:54","slug":"ultima-materia-inscripcion-a-mesa-extraordinaria-de-mayo-2026","status":"publish","type":"page","link":"https:\/\/isfd112-bue.infd.edu.ar\/sitio\/ultima-materia-inscripcion-a-mesa-extraordinaria-de-mayo-2026\/","title":{"rendered":"\u00daltima Materia &#8211; Inscripci\u00f3n a Mesa Extraordinaria de Mayo 2026"},"content":{"rendered":"\n<p>Del <strong>27 de abril al 4 de mayo<\/strong> se abre la inscripci\u00f3n a Mesas de Examen extraordinarias para estudiantes que se encuentran en condiciones de rendir examen final de la <strong>\u00daLTIMA MATERIA<\/strong> para recibirse. Para acceder a la mesa de examen deben completar el siguiente formulario:<\/p>\n\n\n\n<p><a href=\"https:\/\/docs.google.com\/forms\/d\/e\/1FAIpQLSc1oW-733pR_yZ2ui937Vtzkj_KLar_igST2vC5eZlcyDFffA\/viewform?usp=sharing&amp;ouid=108280219114628703778\" target=\"_blank\" rel=\"noreferrer noopener\">\u00daltima Materia &#8211; Inscripci\u00f3n a Mesa Extraordinaria de Mayo 2026<\/a><\/p>\n\n\n\n<p>Las mesas se organizar\u00e1n de acuerdo a las solicitudes recibidas y se desarrollar\u00e1n del 11 al 22 de mayo.<\/p>\n\n\n\n<p>Cualquier consulta por favor acercarse a la preceptor\u00eda de cada carrera y turno.<\/p>\n","protected":false},"excerpt":{"rendered":"<p>Del 27 de abril al 4 de mayo se abre la inscripci\u00f3n a Mesas de Examen extraordinarias para estudiantes que se encuentran en condiciones de rendir examen final de la \u00daLTIMA MATERIA para recibirse. Para acceder a la mesa de examen deben completar el siguiente formulario: \u00daltima Materia &#8211; Inscripci\u00f3n a Mesa Extraordinaria de Mayo &#8230; <a title=\"\u00daltima Materia &#8211; Inscripci\u00f3n a Mesa Extraordinaria de Mayo 2026\" class=\"read-more\" href=\"https:\/\/isfd112-bue.infd.edu.ar\/sitio\/ultima-materia-inscripcion-a-mesa-extraordinaria-de-mayo-2026\/\" aria-label=\"More on \u00daltima Materia &#8211; Inscripci\u00f3n a Mesa Extraordinaria de Mayo 2026\">[+]<\/a><\/p>\n","protected":false},"author":2232,"featured_media":0,"parent":0,"menu_order":0,"comment_status":"closed","ping_status":"closed","template":"","meta":[],"acf":[],"_links":{"self":[{"href":"https:\/\/isfd112-bue.infd.edu.ar\/sitio\/wp-json\/wp\/v2\/pages\/12424"}],"collection":[{"href":"https:\/\/isfd112-bue.infd.edu.ar\/sitio\/wp-json\/wp\/v2\/pages"}],"about":[{"href":"https:\/\/isfd112-bue.infd.edu.ar\/sitio\/wp-json\/wp\/v2\/types\/page"}],"author":[{"embeddable":true,"href":"https:\/\/isfd112-bue.infd.edu.ar\/sitio\/wp-json\/wp\/v2\/users\/2232"}],"replies":[{"embeddable":true,"href":"https:\/\/isfd112-bue.infd.edu.ar\/sitio\/wp-json\/wp\/v2\/comments?post=12424"}],"version-history":[{"count":3,"href":"https:\/\/isfd112-bue.infd.edu.ar\/sitio\/wp-json\/wp\/v2\/pages\/12424\/revisions"}],"predecessor-version":[{"id":12428,"href":"https:\/\/isfd112-bue.infd.edu.ar\/sitio\/wp-json\/wp\/v2\/pages\/12424\/revisions\/12428"}],"wp:attachment":[{"href":"https:\/\/isfd112-bue.infd.edu.ar\/sitio\/wp-json\/wp\/v2\/media?parent=12424"}],"curies":[{"name":"wp","href":"https:\/\/api.w.org\/{rel}","templated":true}]}}