{"id":12430,"date":"2026-04-30T10:48:00","date_gmt":"2026-04-30T13:48:00","guid":{"rendered":"https:\/\/isfd112-bue.infd.edu.ar\/sitio\/?page_id=12430"},"modified":"2026-05-04T11:12:31","modified_gmt":"2026-05-04T14:12:31","slug":"taller-la-ensenanza-de-la-medida-en-el-primer-ciclo","status":"publish","type":"page","link":"https:\/\/isfd112-bue.infd.edu.ar\/sitio\/taller-la-ensenanza-de-la-medida-en-el-primer-ciclo\/","title":{"rendered":"Taller \u00abLa ense\u00f1anza de la medida en el primer ciclo\u00bb &#8211; Prof. Marta Fierro"},"content":{"rendered":"\n<p><\/p>\n\n\n\n<figure class=\"wp-block-image size-full\"><img decoding=\"async\" loading=\"lazy\" width=\"1131\" height=\"1600\" src=\"https:\/\/isfd112-bue.infd.edu.ar\/sitio\/wp-content\/uploads\/2026\/04\/image-3.png\" alt=\"\" class=\"wp-image-12446\" srcset=\"https:\/\/isfd112-bue.infd.edu.ar\/sitio\/wp-content\/uploads\/2026\/04\/image-3.png 1131w, https:\/\/isfd112-bue.infd.edu.ar\/sitio\/wp-content\/uploads\/2026\/04\/image-3-707x1000.png 707w, https:\/\/isfd112-bue.infd.edu.ar\/sitio\/wp-content\/uploads\/2026\/04\/image-3-768x1086.png 768w, https:\/\/isfd112-bue.infd.edu.ar\/sitio\/wp-content\/uploads\/2026\/04\/image-3-1086x1536.png 1086w\" sizes=\"(max-width: 1131px) 100vw, 1131px\" \/><\/figure>\n\n\n\n<p>La inscripci\u00f3n al taller&nbsp;<\/p>\n\n\n\n<ul>\n<li>supone haber le\u00eddo la programaci\u00f3n del mismo, considerando especialmente el material a traer al primer encuentro: <a href=\"https:\/\/isfd112-bue.infd.edu.ar\/sitio\/wp-content\/uploads\/2026\/04\/LA-ENSENANZA-DE-LA-MEDIDA-EN-EL-PRIMER-CICLO-1.pdf\" target=\"_blank\" rel=\"noreferrer noopener\">Programa del Taller La ense\u00f1anza de la medida en el primer ciclo<\/a><\/li>\n\n\n\n<li>asumir el&nbsp; compromiso de realizar los trabajos pr\u00e1cticos y no abandonar el curso.&nbsp;<\/li>\n<\/ul>\n\n\n\n<p>En este taller hay 25 cupos para docentes en formaci\u00f3n y 5 para docentes egresados.&nbsp;<\/p>\n\n\n\n<p>Los mismos se asignar\u00e1n, seg\u00fan las prioridades indicadas, considerando el orden de inscripci\u00f3n.<\/p>\n\n\n\n<p>La inscripci\u00f3n se cerrar\u00e1 el 7 de mayo o&nbsp; cuando se hayan completado los cupos previstos.<\/p>\n\n\n\n<p>F<a rel=\"noreferrer noopener\" href=\"https:\/\/docs.google.com\/forms\/d\/e\/1FAIpQLSdv3d0fr4Yp1u_qpFOiPsG0sa8jnc5KaHozfHjZDhK8j89LdQ\/viewform?usp=sharing&amp;ouid=104499554516114824058\" target=\"_blank\">ormulario de inscripci\u00f3n al Taller La ense\u00f1anza de la medida en el primer ciclo<\/a><strong> CUPO COMPLETO PARA DOCENTES EN FORMACI\u00d3N<\/strong> <strong>DEL ISFD 112<\/strong><\/p>\n","protected":false},"excerpt":{"rendered":"<p>La inscripci\u00f3n al taller&nbsp; En este taller hay 25 cupos para docentes en formaci\u00f3n y 5 para docentes egresados.&nbsp; Los mismos se asignar\u00e1n, seg\u00fan las prioridades indicadas, considerando el orden de inscripci\u00f3n. La inscripci\u00f3n se cerrar\u00e1 el 7 de mayo o&nbsp; cuando se hayan completado los cupos previstos. Formulario de inscripci\u00f3n al Taller La ense\u00f1anza &#8230; <a title=\"Taller \u00abLa ense\u00f1anza de la medida en el primer ciclo\u00bb &#8211; Prof. Marta Fierro\" class=\"read-more\" href=\"https:\/\/isfd112-bue.infd.edu.ar\/sitio\/taller-la-ensenanza-de-la-medida-en-el-primer-ciclo\/\" aria-label=\"More on Taller \u00abLa ense\u00f1anza de la medida en el primer ciclo\u00bb &#8211; Prof. Marta Fierro\">[+]<\/a><\/p>\n","protected":false},"author":2232,"featured_media":0,"parent":0,"menu_order":0,"comment_status":"closed","ping_status":"closed","template":"","meta":[],"acf":[],"_links":{"self":[{"href":"https:\/\/isfd112-bue.infd.edu.ar\/sitio\/wp-json\/wp\/v2\/pages\/12430"}],"collection":[{"href":"https:\/\/isfd112-bue.infd.edu.ar\/sitio\/wp-json\/wp\/v2\/pages"}],"about":[{"href":"https:\/\/isfd112-bue.infd.edu.ar\/sitio\/wp-json\/wp\/v2\/types\/page"}],"author":[{"embeddable":true,"href":"https:\/\/isfd112-bue.infd.edu.ar\/sitio\/wp-json\/wp\/v2\/users\/2232"}],"replies":[{"embeddable":true,"href":"https:\/\/isfd112-bue.infd.edu.ar\/sitio\/wp-json\/wp\/v2\/comments?post=12430"}],"version-history":[{"count":8,"href":"https:\/\/isfd112-bue.infd.edu.ar\/sitio\/wp-json\/wp\/v2\/pages\/12430\/revisions"}],"predecessor-version":[{"id":12467,"href":"https:\/\/isfd112-bue.infd.edu.ar\/sitio\/wp-json\/wp\/v2\/pages\/12430\/revisions\/12467"}],"wp:attachment":[{"href":"https:\/\/isfd112-bue.infd.edu.ar\/sitio\/wp-json\/wp\/v2\/media?parent=12430"}],"curies":[{"name":"wp","href":"https:\/\/api.w.org\/{rel}","templated":true}]}}