{"id":2153,"date":"2018-08-29T15:45:35","date_gmt":"2018-08-29T18:45:35","guid":{"rendered":"https:\/\/isfd112-bue.infd.edu.ar\/sitio\/profesorado-de-educacion-inicial\/"},"modified":"2025-12-22T14:25:23","modified_gmt":"2025-12-22T17:25:23","slug":"profesorado-de-educacion-inicial","status":"publish","type":"page","link":"https:\/\/isfd112-bue.infd.edu.ar\/sitio\/profesorado-de-educacion-inicial\/","title":{"rendered":"Dise\u00f1o curricular (Res 4154\/07)"},"content":{"rendered":"<h3 style=\"text-align: center;\">PROFESORADO DE EDUCACI\u00d3N INICIAL<\/h3>\n<p><a href=\"https:\/\/isfd112-bue.infd.edu.ar\/sitio\/wp-content\/uploads\/2025\/12\/Diseno-Curricular-Profesorado-de-Educacion-Primaria-y-Educacion-Inicial-res-4154-07.pdf\">https:\/\/isfd112-bue.infd.edu.ar\/sitio\/wp-content\/uploads\/2025\/12\/Diseno-Curricular-Profesorado-de-Educacion-Primaria-y-Educacion-Inicial-res-4154-07.pdf<\/a><\/p>\n<p style=\"text-align: justify;\">\u00a0\u00a0La carrera de\u00a0 Profesorado de Educaci\u00f3n Inicial consta de 4 a\u00f1os. Los profesores se pueden desempe\u00f1ar en los dos ciclos del Nivel Inicial. El primer ciclo es el Jard\u00edn Maternal, el cual se ocupa de la ense\u00f1anza a ni\u00f1os entre 45 d\u00edas y 2 a\u00f1os, el segundo ciclo es el Jard\u00edn de Infantes que implica a ni\u00f1os de 3a\u00f1os a 5a\u00f1os.<\/p>\n<p style=\"text-align: justify;\">\u00a0 Nuestro gran desaf\u00edo como Instituci\u00f3n es preparar a las futuras docentes del Nivel Inicial, para que se desempe\u00f1en con el compromiso social, pedag\u00f3gico y cultural\u00a0 que se\u00a0requiere para atender a los ni\u00f1os en esta etapa de sus vidas.<\/p>\n<p style=\"text-align: justify;\">\u00a0\u00a0\u00a0Nuestra propuesta pedag\u00f3gica\u00a0 y de formaci\u00f3n docente\u00a0 adquiere significado\u00a0 en las siguientes acciones:<\/p>\n<ul style=\"text-align: justify;\">\n<li>La construcci\u00f3n de un Proyecto Educativo Institucional que contemple las necesidades de la comunidad educativa<\/li>\n<li>Una planificaci\u00f3n actualizada en contenidos de las diferentes materias que conforman la carrera.<\/li>\n<li>La organizaci\u00f3n de conferencias y\u00a0 congresos con especialistas del Nivel Inicial\u00a0 que convocan a toda la comunidad educativa de nuestro partido.<\/li>\n<li>Pr\u00e1cticas en los dos ciclos del Nivel Inicial, estableciendo proyectos compartidos con los jardines destino.<\/li>\n<li>La disposici\u00f3n de proyectos\u00a0 \u00a0con organizaciones comunitarias de la regi\u00f3n.<\/li>\n<li>Visitas a espacios sociales que contribuyen a la formaci\u00f3n docente.<\/li>\n<li>La articulaci\u00f3n con la Educaci\u00f3n Especial\u00a0 para la preparaci\u00f3n de docentes que contemplen la diferencia como un aporte a la construcci\u00f3n de ciudadanos\u00a0democr\u00e1ticos.<\/li>\n<li>La participaci\u00f3n de los estudiantes en proyectos de investigaci\u00f3n sobre\u00a0 el Nivel Inicial.<\/li>\n<li>El ofrecimiento de informaci\u00f3n sobre diversos cursos de capacitaci\u00f3n docente que permitan concebir que la docencia tiene que actualizarse constantemente para ofrecer una educaci\u00f3n de calidad.<\/li>\n<\/ul>\n<p style=\"text-align: justify;\">La formaci\u00f3n docente\u00a0est\u00e1 pensada, para que cada uno de los estudiantes puedan encontrar el SER MAESTRO y acompa\u00f1arlos para que conozcan que :<\/p>\n<p style=\"text-align: justify;\">\u201d <em>Cada ni\u00f1o no es una botella que hay que llenar sino un fuego que hay que encender\u201d<\/em>.<\/p>\n<p style=\"text-align: justify;\">\u00a0<strong><a title=\"Historia del Nivel Inicial\" href=\"upload\/HISTORIA_DEL_NIVEL_INICIAL.pdf\" target=\"_blank\" rel=\"noopener\">Para saber m\u00e1s, hacer click sobre el t\u00edtulo: Historia del Nivel Inicial<\/a><\/strong><\/p>\n<h3 style=\"text-align: center;\"><\/h3>\n","protected":false},"excerpt":{"rendered":"<p>PROFESORADO DE EDUCACI\u00d3N INICIAL https:\/\/isfd112-bue.infd.edu.ar\/sitio\/wp-content\/uploads\/2025\/12\/Diseno-Curricular-Profesorado-de-Educacion-Primaria-y-Educacion-Inicial-res-4154-07.pdf \u00a0\u00a0La carrera de\u00a0 Profesorado de Educaci\u00f3n Inicial consta de 4 a\u00f1os. Los profesores se pueden desempe\u00f1ar en los dos ciclos del Nivel Inicial. El primer ciclo es el Jard\u00edn Maternal, el cual se ocupa de la ense\u00f1anza a ni\u00f1os entre 45 d\u00edas y 2 a\u00f1os, el segundo ciclo es el &#8230; <a title=\"Dise\u00f1o curricular (Res 4154\/07)\" class=\"read-more\" href=\"https:\/\/isfd112-bue.infd.edu.ar\/sitio\/profesorado-de-educacion-inicial\/\" aria-label=\"More on Dise\u00f1o curricular (Res 4154\/07)\">[+]<\/a><\/p>\n","protected":false},"author":1684,"featured_media":0,"parent":0,"menu_order":0,"comment_status":"closed","ping_status":"closed","template":"","meta":[],"acf":[],"_links":{"self":[{"href":"https:\/\/isfd112-bue.infd.edu.ar\/sitio\/wp-json\/wp\/v2\/pages\/2153"}],"collection":[{"href":"https:\/\/isfd112-bue.infd.edu.ar\/sitio\/wp-json\/wp\/v2\/pages"}],"about":[{"href":"https:\/\/isfd112-bue.infd.edu.ar\/sitio\/wp-json\/wp\/v2\/types\/page"}],"author":[{"embeddable":true,"href":"https:\/\/isfd112-bue.infd.edu.ar\/sitio\/wp-json\/wp\/v2\/users\/1684"}],"replies":[{"embeddable":true,"href":"https:\/\/isfd112-bue.infd.edu.ar\/sitio\/wp-json\/wp\/v2\/comments?post=2153"}],"version-history":[{"count":11,"href":"https:\/\/isfd112-bue.infd.edu.ar\/sitio\/wp-json\/wp\/v2\/pages\/2153\/revisions"}],"predecessor-version":[{"id":11640,"href":"https:\/\/isfd112-bue.infd.edu.ar\/sitio\/wp-json\/wp\/v2\/pages\/2153\/revisions\/11640"}],"wp:attachment":[{"href":"https:\/\/isfd112-bue.infd.edu.ar\/sitio\/wp-json\/wp\/v2\/media?parent=2153"}],"curies":[{"name":"wp","href":"https:\/\/api.w.org\/{rel}","templated":true}]}}