{"id":2195,"date":"2018-08-29T15:45:48","date_gmt":"2018-08-29T18:45:48","guid":{"rendered":"https:\/\/isfd112-bue.infd.edu.ar\/sitio\/datos-institucionales\/"},"modified":"2025-12-21T15:45:36","modified_gmt":"2025-12-21T18:45:36","slug":"datos-institucionales","status":"publish","type":"page","link":"https:\/\/isfd112-bue.infd.edu.ar\/sitio\/datos-institucionales\/","title":{"rendered":"Datos institucionales"},"content":{"rendered":"<p style=\"text-align: center;\"><span style=\"font-family: georgia,palatino;\"><span style=\"font-size: 12pt;\"><span style=\"font-family: times new roman,times;\"><strong><span style=\"font-size: 14pt;\">\u00a0<\/span><\/strong><\/span><\/span><\/span><\/p>\n<p style=\"text-align: center;\"><span style=\"color: #0000ff; font-family: georgia,palatino; font-size: 18pt;\"><span style=\"font-family: times new roman,times;\"><strong><span style=\"font-family: georgia,palatino;\"><span style=\"font-family: times new roman,times;\"><strong>Escuela Normal Superior\u00a0<\/strong><\/span><\/span><\/strong><\/span><\/span><span style=\"color: #0000ff; font-family: georgia,palatino; font-size: 18pt;\"><span style=\"font-family: times new roman,times;\"><strong><span style=\"font-family: georgia,palatino;\"><span style=\"font-family: times new roman,times;\"><strong>\u00abDomingo Faustino Sarmiento\u00bb\u00a0<\/strong><\/span><\/span><\/strong><\/span><\/span><span style=\"color: #0000ff; font-family: georgia,palatino; font-size: 18pt;\"><span style=\"font-family: times new roman,times;\"><strong><span style=\"font-family: georgia,palatino;\"><span style=\"font-family: times new roman,times;\"><strong>San Miguel<\/strong><\/span><\/span><\/strong><\/span><\/span><\/p>\n<p style=\"text-align: center;\"><span style=\"font-family: georgia,palatino; font-size: 18pt;\"><span style=\"font-family: times new roman,times;\"><strong><span style=\"font-family: georgia,palatino;\"><span style=\"font-family: times new roman,times;\"><strong>\u00a0<\/strong><\/span><\/span><\/strong><\/span><\/span><span style=\"font-family: georgia,palatino; font-size: 18pt;\"><span style=\"font-family: times new roman,times;\"><strong><span style=\"font-family: georgia,palatino;\"><span style=\"font-family: times new roman,times;\"><strong>\u00a0<\/strong><\/span><\/span><\/strong><\/span><\/span><span style=\"font-family: georgia,palatino; font-size: 18pt;\"><span style=\"font-family: times new roman,times;\"><strong>Instituto Superior de Formaci\u00f3n Docente\u00a0 N\u00ba 112<\/strong><\/span><\/span><\/p>\n<p style=\"text-align: center;\"><span style=\"font-family: georgia,palatino; font-size: 24pt;\"><span style=\"font-family: times new roman,times;\"><strong>\u00a0<\/strong><\/span><\/span><\/p>\n<p>Sede Central<\/p>\n<ul>\n<li>Horario de atenci\u00f3n: de Lunes a Viernes de 18.30 a 20.30 hs.<\/li>\n<li>Direcci\u00f3n: Paunero 2031, San Miguel, Provincia de Buenos Aires<\/li>\n<li>Contacto: isfd112sanmiguel@abc.gob.ar<\/li>\n<\/ul>\n<p>Sede UNLU<\/p>\n<ul>\n<li>Horario de atenci\u00f3n: de Lunes a Viernes de 9 a 11 hs y 14 a 16 hs<\/li>\n<li>Direcci\u00f3n: Avenida Balb\u00edn 1617, M\u00f3dulo A, 2do piso, aulas 207 a 210, San Miguel<\/li>\n<li>Contacto: isfd112sanmiguel@abc.gob.ar<\/li>\n<\/ul>\n","protected":false},"excerpt":{"rendered":"<p>\u00a0 Escuela Normal Superior\u00a0\u00abDomingo Faustino Sarmiento\u00bb\u00a0San Miguel \u00a0\u00a0Instituto Superior de Formaci\u00f3n Docente\u00a0 N\u00ba 112 \u00a0 Sede Central Horario de atenci\u00f3n: de Lunes a Viernes de 18.30 a 20.30 hs. Direcci\u00f3n: Paunero 2031, San Miguel, Provincia de Buenos Aires Contacto: isfd112sanmiguel@abc.gob.ar Sede UNLU Horario de atenci\u00f3n: de Lunes a Viernes de 9 a 11 hs y &#8230; <a title=\"Datos institucionales\" class=\"read-more\" href=\"https:\/\/isfd112-bue.infd.edu.ar\/sitio\/datos-institucionales\/\" aria-label=\"More on Datos institucionales\">[+]<\/a><\/p>\n","protected":false},"author":1684,"featured_media":0,"parent":0,"menu_order":0,"comment_status":"closed","ping_status":"closed","template":"","meta":[],"acf":[],"_links":{"self":[{"href":"https:\/\/isfd112-bue.infd.edu.ar\/sitio\/wp-json\/wp\/v2\/pages\/2195"}],"collection":[{"href":"https:\/\/isfd112-bue.infd.edu.ar\/sitio\/wp-json\/wp\/v2\/pages"}],"about":[{"href":"https:\/\/isfd112-bue.infd.edu.ar\/sitio\/wp-json\/wp\/v2\/types\/page"}],"author":[{"embeddable":true,"href":"https:\/\/isfd112-bue.infd.edu.ar\/sitio\/wp-json\/wp\/v2\/users\/1684"}],"replies":[{"embeddable":true,"href":"https:\/\/isfd112-bue.infd.edu.ar\/sitio\/wp-json\/wp\/v2\/comments?post=2195"}],"version-history":[{"count":9,"href":"https:\/\/isfd112-bue.infd.edu.ar\/sitio\/wp-json\/wp\/v2\/pages\/2195\/revisions"}],"predecessor-version":[{"id":11558,"href":"https:\/\/isfd112-bue.infd.edu.ar\/sitio\/wp-json\/wp\/v2\/pages\/2195\/revisions\/11558"}],"wp:attachment":[{"href":"https:\/\/isfd112-bue.infd.edu.ar\/sitio\/wp-json\/wp\/v2\/media?parent=2195"}],"curies":[{"name":"wp","href":"https:\/\/api.w.org\/{rel}","templated":true}]}}