{"id":2667,"date":"2019-09-30T15:04:02","date_gmt":"2019-09-30T18:04:02","guid":{"rendered":"https:\/\/isfd112-bue.infd.edu.ar\/sitio\/?page_id=2667"},"modified":"2021-08-11T15:57:49","modified_gmt":"2021-08-11T18:57:49","slug":"formularios","status":"publish","type":"page","link":"https:\/\/isfd112-bue.infd.edu.ar\/sitio\/formularios\/","title":{"rendered":"FORMULARIOS"},"content":{"rendered":"<h6><strong>Planilla de Inscripci\u00f3n 1\u00b0 a\u00f1o Profesorado de Educaci\u00f3n Primaria\u00a0<a href=\"https:\/\/isfd112-bue.infd.edu.ar\/sitio\/wp-content\/uploads\/2019\/11\/Planilla-Inscripci\u00f3n-Educaci\u00f3n-Primaria.pdf\">Planilla Inscripci\u00f3n Educaci\u00f3n Primaria<\/a><\/strong><\/h6>\n<h6><strong>Planilla de Inscripci\u00f3n 1\u00b0 a\u00f1o Profesorado de Educaci\u00f3n Inicial\u00a0\u00a0<a href=\"https:\/\/isfd112-bue.infd.edu.ar\/sitio\/wp-content\/uploads\/2019\/11\/Planilla-Inscripci\u00f3n-Educaci\u00f3n-Inicial.pdf\">Planilla Inscripci\u00f3n Educaci\u00f3n Inicial<\/a><\/strong><\/h6>\n<h6><strong>Planilla de Inscripci\u00f3n 1\u00b0 a\u00f1o Profesorado de Educaci\u00f3n Especial\u00a0\u00a0<a href=\"https:\/\/isfd112-bue.infd.edu.ar\/sitio\/wp-content\/uploads\/2021\/03\/Planilla-Inscripci\u00f3n-Educaci\u00f3n-Especial.pdf\">Planilla-Inscripci\u00f3n-Educaci\u00f3n-Especial<\/a><\/strong><\/h6>\n<h6><strong>Planilla de Inscripci\u00f3n 1\u00b0 a\u00f1o Profesorado de Educaci\u00f3n Secundaria en F\u00edsica\u00a0<a href=\"https:\/\/isfd112-bue.infd.edu.ar\/sitio\/wp-content\/uploads\/2019\/11\/Planilla-Inscripci\u00f3n-Educ-Secundaria-en-F\u00edsica.pdf\">Planilla Inscripci\u00f3n Educ Secundaria en F\u00edsica<\/a><\/strong><\/h6>\n<h6><strong>Apto psicof\u00edsico<\/strong>\u00a0 \u00a0<a href=\"https:\/\/isfd112-bue.infd.edu.ar\/sitio\/wp-content\/uploads\/2019\/11\/Apto-Psico-f\u00edsico-112.pdf\">Apto Psico f\u00edsico 112<\/a><\/h6>\n<h6>Declaraci\u00f3n Jurada de Cargos (S\u00f3lo para docentes del Instituto)\u00a0<a href=\"https:\/\/isfd112-bue.infd.edu.ar\/sitio\/wp-content\/uploads\/2020\/02\/DDJJ-Cargos.pdf\">DDJJ Cargos<\/a><\/h6>\n\n\n<p><\/p>\n","protected":false},"excerpt":{"rendered":"<p>Planilla de Inscripci\u00f3n 1\u00b0 a\u00f1o Profesorado de Educaci\u00f3n Primaria\u00a0Planilla Inscripci\u00f3n Educaci\u00f3n Primaria Planilla de Inscripci\u00f3n 1\u00b0 a\u00f1o Profesorado de Educaci\u00f3n Inicial\u00a0\u00a0Planilla Inscripci\u00f3n Educaci\u00f3n Inicial Planilla de Inscripci\u00f3n 1\u00b0 a\u00f1o Profesorado de Educaci\u00f3n Especial\u00a0\u00a0Planilla-Inscripci\u00f3n-Educaci\u00f3n-Especial Planilla de Inscripci\u00f3n 1\u00b0 a\u00f1o Profesorado de Educaci\u00f3n Secundaria en F\u00edsica\u00a0Planilla Inscripci\u00f3n Educ Secundaria en F\u00edsica Apto psicof\u00edsico\u00a0 \u00a0Apto Psico f\u00edsico 112 &#8230; <a title=\"FORMULARIOS\" class=\"read-more\" href=\"https:\/\/isfd112-bue.infd.edu.ar\/sitio\/formularios\/\" aria-label=\"More on FORMULARIOS\">[+]<\/a><\/p>\n","protected":false},"author":1688,"featured_media":0,"parent":0,"menu_order":0,"comment_status":"closed","ping_status":"closed","template":"","meta":[],"acf":[],"_links":{"self":[{"href":"https:\/\/isfd112-bue.infd.edu.ar\/sitio\/wp-json\/wp\/v2\/pages\/2667"}],"collection":[{"href":"https:\/\/isfd112-bue.infd.edu.ar\/sitio\/wp-json\/wp\/v2\/pages"}],"about":[{"href":"https:\/\/isfd112-bue.infd.edu.ar\/sitio\/wp-json\/wp\/v2\/types\/page"}],"author":[{"embeddable":true,"href":"https:\/\/isfd112-bue.infd.edu.ar\/sitio\/wp-json\/wp\/v2\/users\/1688"}],"replies":[{"embeddable":true,"href":"https:\/\/isfd112-bue.infd.edu.ar\/sitio\/wp-json\/wp\/v2\/comments?post=2667"}],"version-history":[{"count":19,"href":"https:\/\/isfd112-bue.infd.edu.ar\/sitio\/wp-json\/wp\/v2\/pages\/2667\/revisions"}],"predecessor-version":[{"id":5502,"href":"https:\/\/isfd112-bue.infd.edu.ar\/sitio\/wp-json\/wp\/v2\/pages\/2667\/revisions\/5502"}],"wp:attachment":[{"href":"https:\/\/isfd112-bue.infd.edu.ar\/sitio\/wp-json\/wp\/v2\/media?parent=2667"}],"curies":[{"name":"wp","href":"https:\/\/api.w.org\/{rel}","templated":true}]}}