{"id":286,"date":"2023-11-28T11:16:28","date_gmt":"2023-11-28T14:16:28","guid":{"rendered":"https:\/\/isfd112-bue.infd.edu.ar\/sitio\/?page_id=286"},"modified":"2026-04-01T13:36:13","modified_gmt":"2026-04-01T16:36:13","slug":"inicio","status":"publish","type":"page","link":"https:\/\/isfd112-bue.infd.edu.ar\/sitio\/","title":{"rendered":""},"content":{"rendered":"<div id=\"metaslider-id-11848\" style=\"width: 100%;\" class=\"ml-slider-3-33-0 metaslider metaslider-flex metaslider-11848 ml-slider ms-theme-default\" role=\"region\" aria-roledescription=\"Slideshow\" aria-label=\"Slideshow\">\n    <div id=\"metaslider_container_11848\">\n        <div id=\"metaslider_11848\" class=\"flexslider\">\n            <ul aria-live=\"polite\" class=\"slides\">\n                <li style=\"display: block; width: 100%;\" class=\"slide-11882 ms-image\" aria-roledescription=\"slide\" aria-label=\"slide-11882\"><img src=\"https:\/\/isfd112-bue.infd.edu.ar\/sitio\/wp-content\/uploads\/2026\/01\/foto-10-scaled-600x280.jpg\" height=\"280\" width=\"600\" alt=\"\" class=\"slider-11848 slide-11882\" title=\"foto 10\" \/><\/li>\n                <li style=\"display: none; width: 100%;\" class=\"slide-11883 ms-image\" aria-roledescription=\"slide\" aria-label=\"slide-11883\"><img src=\"https:\/\/isfd112-bue.infd.edu.ar\/sitio\/wp-content\/uploads\/2026\/01\/foto-7-600x280.jpg\" height=\"280\" width=\"600\" alt=\"\" class=\"slider-11848 slide-11883\" title=\"foto 7\" \/><\/li>\n                <li style=\"display: none; width: 100%;\" class=\"slide-11884 ms-image\" aria-roledescription=\"slide\" aria-label=\"slide-11884\"><img src=\"https:\/\/isfd112-bue.infd.edu.ar\/sitio\/wp-content\/uploads\/2026\/01\/foto-4-600x280.jpg\" height=\"280\" width=\"600\" alt=\"\" class=\"slider-11848 slide-11884\" title=\"foto 4\" \/><\/li>\n                <li style=\"display: none; width: 100%;\" class=\"slide-11885 ms-image\" aria-roledescription=\"slide\" aria-label=\"slide-11885\"><img src=\"https:\/\/isfd112-bue.infd.edu.ar\/sitio\/wp-content\/uploads\/2026\/01\/foto-2-600x280.jpg\" height=\"280\" width=\"600\" alt=\"\" class=\"slider-11848 slide-11885\" title=\"foto 2\" \/><\/li>\n                <li style=\"display: none; width: 100%;\" class=\"slide-11886 ms-image\" aria-roledescription=\"slide\" aria-label=\"slide-11886\"><img src=\"https:\/\/isfd112-bue.infd.edu.ar\/sitio\/wp-content\/uploads\/2026\/01\/foto-1-600x280.jpg\" height=\"280\" width=\"600\" alt=\"\" class=\"slider-11848 slide-11886\" title=\"foto 1\" \/><\/li>\n                <li style=\"display: none; width: 100%;\" class=\"slide-11887 ms-image\" aria-roledescription=\"slide\" aria-label=\"slide-11887\"><img src=\"https:\/\/isfd112-bue.infd.edu.ar\/sitio\/wp-content\/uploads\/2026\/01\/foto-5-600x280.jpg\" height=\"280\" width=\"600\" alt=\"\" class=\"slider-11848 slide-11887\" title=\"foto 5\" \/><\/li>\n                <li style=\"display: none; width: 100%;\" class=\"slide-11888 ms-image\" aria-roledescription=\"slide\" aria-label=\"slide-11888\"><img src=\"https:\/\/isfd112-bue.infd.edu.ar\/sitio\/wp-content\/uploads\/2026\/01\/foto-9-600x280.jpg\" height=\"280\" width=\"600\" alt=\"\" class=\"slider-11848 slide-11888\" title=\"foto 9\" \/><\/li>\n                <li style=\"display: none; width: 100%;\" class=\"slide-11889 ms-image\" aria-roledescription=\"slide\" aria-label=\"slide-11889\"><img src=\"https:\/\/isfd112-bue.infd.edu.ar\/sitio\/wp-content\/uploads\/2026\/01\/foto-6-600x280.jpg\" height=\"280\" width=\"600\" alt=\"\" class=\"slider-11848 slide-11889\" title=\"foto 6\" \/><\/li>\n                <li style=\"display: none; width: 100%;\" class=\"slide-11890 ms-image\" aria-roledescription=\"slide\" aria-label=\"slide-11890\"><img src=\"https:\/\/isfd112-bue.infd.edu.ar\/sitio\/wp-content\/uploads\/2026\/01\/112-frente-600x280.jpg\" height=\"280\" width=\"600\" alt=\"\" class=\"slider-11848 slide-11890\" title=\"112-frente\" \/><\/li>\n                <li style=\"display: none; width: 100%;\" class=\"slide-11891 ms-image\" aria-roledescription=\"slide\" aria-label=\"slide-11891\"><img src=\"https:\/\/isfd112-bue.infd.edu.ar\/sitio\/wp-content\/uploads\/2026\/01\/foto-3-600x280.jpg\" height=\"280\" width=\"600\" alt=\"\" class=\"slider-11848 slide-11891\" title=\"foto 3\" \/><\/li>\n            <\/ul>\n        <\/div>\n        \n    <\/div>\n<\/div>\n\n\n\n<figure class=\"wp-block-image size-full\"><img decoding=\"async\" loading=\"lazy\" width=\"1080\" height=\"1080\" src=\"https:\/\/isfd112-bue.infd.edu.ar\/sitio\/wp-content\/uploads\/2026\/04\/image.png\" alt=\"\" class=\"wp-image-12394\" srcset=\"https:\/\/isfd112-bue.infd.edu.ar\/sitio\/wp-content\/uploads\/2026\/04\/image.png 1080w, https:\/\/isfd112-bue.infd.edu.ar\/sitio\/wp-content\/uploads\/2026\/04\/image-1000x1000.png 1000w, https:\/\/isfd112-bue.infd.edu.ar\/sitio\/wp-content\/uploads\/2026\/04\/image-500x500.png 500w, https:\/\/isfd112-bue.infd.edu.ar\/sitio\/wp-content\/uploads\/2026\/04\/image-768x768.png 768w\" sizes=\"(max-width: 1080px) 100vw, 1080px\" \/><\/figure>\n\n\n\n<p>Estimada comunidad educativa del ISFD N\u00b0 112:<\/p>\n\n\n\n<p>Las y los invitamos a participar del acto institucional en conmemoraci\u00f3n del D\u00eda Nacional de la Memoria por la Verdad y la Justicia &#x1f1e6;&#x1f1f7;, al cumplirse 50 a\u00f1os del inicio de la \u00faltima dictadura c\u00edvico-militar en nuestro pa\u00eds.<\/p>\n\n\n\n<p>\u00bfPor qu\u00e9 nos encontramos? &#x1f54a;&#xfe0f;<br>Como instituci\u00f3n dedicada a la formaci\u00f3n docente, entendemos que los actos son espacios fundamentales de construcci\u00f3n de sentido. En esta fecha, reafirmamos nuestro compromiso con:<\/p>\n\n\n\n<p>La Memoria: como herramienta para comprender nuestro presente y fortalecer el ejercicio de la democracia.<\/p>\n\n\n\n<p>La Verdad y la Justicia: como pilares irrenunciables de nuestra identidad como naci\u00f3n.<\/p>\n\n\n\n<p>La Identidad: reconociendo la importancia de transmitir estas luchas a las futuras generaciones de estudiantes.<\/p>\n\n\n\n<p>Este encuentro nos invita a reflexionar colectivamente sobre el rol de la educaci\u00f3n en la defensa de los Derechos Humanos y la construcci\u00f3n de una ciudadan\u00eda cr\u00edtica. &#x1f4da;<\/p>\n\n\n\n<p>Detalles del encuentro:<br>&#x1f5d3;&#xfe0f; D\u00eda: Mi\u00e9rcoles 8 de Abril<\/p>\n\n\n\n<p>&#x1f555; Horario: 18:00 horas<\/p>\n\n\n\n<p>&#x1f4cd; Lugar: nuestro querido 112.<\/p>\n\n\n\n<p>\u00abNunca M\u00e1s\u00bb es un compromiso que renovamos cada d\u00eda en nuestras aulas. Los esperamos para compartir este necesario momento de reflexi\u00f3n institucional.<\/p>\n\n\n\n<p>Equipo Directivo \/ Cuerpo docente y claustro estudiantil.<br>ISFD N\u00b0 112 <\/p>\n\n\n\n<hr class=\"wp-block-separator has-alpha-channel-opacity\"\/>\n\n\n\n<p class=\"has-text-align-center\"><strong>MUY IMPORTANTE: INICIO DE CICLO LECTIVO 2026 &#8211; NUEVAS SEDES PARA TURNO MA\u00d1ANA Y TURNO TARDE<\/strong><\/p>\n\n\n\n<p>Estimada Comunidad Educativa:<\/p>\n\n\n\n<p>&nbsp; &nbsp; &nbsp;Por la presente les comunicamos que&nbsp;<strong>desde el lunes 16 de marzo el turno ma\u00f1ana cambiar\u00e1 de sede, traslad\u00e1ndose al Centro Cultural de la Universidad Nacional de General Sarmiento, sito en la intersecci\u00f3n de las calles Mu\u00f1oz y Roca de San Miguel.<\/strong><\/p>\n\n\n\n<p>&nbsp; &nbsp; &nbsp;En dicha sede desarrollar\u00e1n sus actividades acad\u00e9micas las cuatro comisiones del Profesorado de Educaci\u00f3n Primaria que funcionan en turno ma\u00f1ana, entre las 8 y las 12h.<\/p>\n\n\n\n<p>&nbsp; &nbsp; &nbsp;Por otro lado,&nbsp;<strong>las y los docentes en formaci\u00f3n de 1\u00b0 A\u00f1o del Profesorado de Educaci\u00f3n Primaria que cursan en el Turno Tarde lo har\u00e1n en la sala de video de nuestro Instituto, sito en Arg\u00fcero N\u00b01138 de San Miguel. El ingreso se realizar\u00e1 por el port\u00f3n de la calle Paunero N\u00b02030.<\/strong><\/p>\n\n\n\n<p>&nbsp; &nbsp; &nbsp;En dicho turno se modific\u00f3 el horario, siendo actualmente de 12,30 a 16,30h, con el objeto de promover una buena convivencia con la ES N\u00b07 y la ES N\u00b06 dado que con dichas instituciones compartimos el edificio escolar.<\/p>\n\n\n\n<p>&nbsp; &nbsp; &nbsp;\u00a1Las y los esperamos para iniciar un nuevo ciclo lectivo pleno de aprendizajes, desaf\u00edos y crecimiento compartido!<\/p>\n\n\n\n<p>&nbsp; &nbsp; &nbsp;Saludos cordiales.<\/p>\n\n\n\n<div class=\"wp-block-group alignwide is-layout-constrained\"><div class=\"wp-block-group__inner-container\">\n<p>Equipo Directivo ISFD N\u00b0 112<\/p>\n<\/div><\/div>\n\n\n<div class=\"wp-block-image\">\n<figure class=\"aligncenter size-full is-resized\"><img decoding=\"async\" loading=\"lazy\" src=\"https:\/\/isfd112-bue.infd.edu.ar\/sitio\/wp-content\/uploads\/2026\/03\/IMG-20260314-WA0011-2.jpg\" alt=\"\" class=\"wp-image-12362\" width=\"542\" height=\"709\" srcset=\"https:\/\/isfd112-bue.infd.edu.ar\/sitio\/wp-content\/uploads\/2026\/03\/IMG-20260314-WA0011-2.jpg 978w, https:\/\/isfd112-bue.infd.edu.ar\/sitio\/wp-content\/uploads\/2026\/03\/IMG-20260314-WA0011-2-764x1000.jpg 764w, https:\/\/isfd112-bue.infd.edu.ar\/sitio\/wp-content\/uploads\/2026\/03\/IMG-20260314-WA0011-2-768x1005.jpg 768w\" sizes=\"(max-width: 542px) 100vw, 542px\" \/><\/figure><\/div>\n\n\n<div class=\"wp-block-group alignwide is-layout-constrained\"><div class=\"wp-block-group__inner-container\">\n<hr class=\"wp-block-separator has-alpha-channel-opacity\"\/>\n\n\n\n<figure class=\"wp-block-image\"><img decoding=\"async\" src=\"blob:https:\/\/isfd112-bue.infd.edu.ar\/971dd8de-98d2-4078-9d92-8e5ae1c5842e\" alt=\"\"\/><\/figure>\n\n\n\n<p><\/p>\n<\/div><\/div>\n\n\n\n<address><hr><\/address>\n\n\n<div id=\"metaslider-id-403\" style=\"width: 100%;\" class=\"ml-slider-3-33-0 metaslider metaslider-flex metaslider-403 ml-slider ms-theme-default\" role=\"region\" aria-roledescription=\"Slideshow\" aria-label=\"Slideshow\">\n    <div id=\"metaslider_container_403\">\n        <div id=\"metaslider_403\" class=\"flexslider\">\n            <ul aria-live=\"polite\" class=\"slides\">\n                <li style=\"display: block; width: 100%;\" class=\"slide-607 ms-image\" aria-roledescription=\"slide\" aria-label=\"slide-607\"><a href=\"https:\/\/mapa.infd.edu.ar\/\" target=\"_blank\"><img src=\"https:\/\/isfd112-bue.infd.edu.ar\/sitio\/wp-content\/uploads\/2018\/06\/mapa_infd6-1100x200.png\" height=\"200\" width=\"1100\" alt=\"\" class=\"slider-403 slide-607\" title=\"mapa_infd6\" \/><\/a><\/li>\n                <li style=\"display: none; width: 100%;\" class=\"slide-609 ms-image\" aria-roledescription=\"slide\" aria-label=\"slide-609\"><a href=\"https:\/\/www.argentina.gob.ar\/educacion\/becas\" target=\"_blank\"><img src=\"https:\/\/isfd112-bue.infd.edu.ar\/sitio\/wp-content\/uploads\/2018\/06\/becas7-1100x200.png\" height=\"200\" width=\"1100\" alt=\"\" class=\"slider-403 slide-609\" title=\"becas7\" \/><\/a><\/li>\n                <li style=\"display: none; width: 100%;\" class=\"slide-635 ms-image\" aria-roledescription=\"slide\" aria-label=\"slide-635\"><a href=\"https:\/\/www.argentina.gob.ar\/tema\/estudiar\/formacion-docencia\" target=\"_blank\"><img src=\"https:\/\/isfd112-bue.infd.edu.ar\/sitio\/wp-content\/uploads\/2018\/06\/convocatorias_slide6-1-1100x200.png\" height=\"200\" width=\"1100\" alt=\"\" class=\"slider-403 slide-635\" title=\"convocatorias_slide6-1\" \/><\/a><\/li>\n            <\/ul>\n        <\/div>\n        \n    <\/div>\n<\/div>\n\n\n\n<hr class=\"wp-block-separator has-alpha-channel-opacity\"\/>\n\n\n\n\n\n\n\n\n\n\n","protected":false},"excerpt":{"rendered":"<p>Estimada comunidad educativa del ISFD N\u00b0 112: Las y los invitamos a participar del acto institucional en conmemoraci\u00f3n del D\u00eda Nacional de la Memoria por la Verdad y la Justicia &#x1f1e6;&#x1f1f7;, al cumplirse 50 a\u00f1os del inicio de la \u00faltima dictadura c\u00edvico-militar en nuestro pa\u00eds. \u00bfPor qu\u00e9 nos encontramos? &#x1f54a;&#xfe0f;Como instituci\u00f3n dedicada a la formaci\u00f3n &#8230; <a title=\"\" class=\"read-more\" href=\"https:\/\/isfd112-bue.infd.edu.ar\/sitio\/\" aria-label=\"More on \">[+]<\/a><\/p>\n","protected":false},"author":2232,"featured_media":11869,"parent":0,"menu_order":0,"comment_status":"closed","ping_status":"closed","template":"","meta":[],"acf":[],"_links":{"self":[{"href":"https:\/\/isfd112-bue.infd.edu.ar\/sitio\/wp-json\/wp\/v2\/pages\/286"}],"collection":[{"href":"https:\/\/isfd112-bue.infd.edu.ar\/sitio\/wp-json\/wp\/v2\/pages"}],"about":[{"href":"https:\/\/isfd112-bue.infd.edu.ar\/sitio\/wp-json\/wp\/v2\/types\/page"}],"author":[{"embeddable":true,"href":"https:\/\/isfd112-bue.infd.edu.ar\/sitio\/wp-json\/wp\/v2\/users\/2232"}],"replies":[{"embeddable":true,"href":"https:\/\/isfd112-bue.infd.edu.ar\/sitio\/wp-json\/wp\/v2\/comments?post=286"}],"version-history":[{"count":1220,"href":"https:\/\/isfd112-bue.infd.edu.ar\/sitio\/wp-json\/wp\/v2\/pages\/286\/revisions"}],"predecessor-version":[{"id":12395,"href":"https:\/\/isfd112-bue.infd.edu.ar\/sitio\/wp-json\/wp\/v2\/pages\/286\/revisions\/12395"}],"wp:featuredmedia":[{"embeddable":true,"href":"https:\/\/isfd112-bue.infd.edu.ar\/sitio\/wp-json\/wp\/v2\/media\/11869"}],"wp:attachment":[{"href":"https:\/\/isfd112-bue.infd.edu.ar\/sitio\/wp-json\/wp\/v2\/media?parent=286"}],"curies":[{"name":"wp","href":"https:\/\/api.w.org\/{rel}","templated":true}]}}