{"id":4856,"date":"2021-06-24T12:23:18","date_gmt":"2021-06-24T15:23:18","guid":{"rendered":"https:\/\/isfd112-bue.infd.edu.ar\/sitio\/?page_id=4856"},"modified":"2025-12-21T14:44:35","modified_gmt":"2025-12-21T17:44:35","slug":"alumnado","status":"publish","type":"page","link":"https:\/\/isfd112-bue.infd.edu.ar\/sitio\/alumnado\/","title":{"rendered":"PREINSCRIPCI\u00d3N 2026"},"content":{"rendered":"<h1 style=\"text-align: center;\"><span style=\"color: #000080;\"><strong>Preinscripci\u00f3n 2026<\/strong><\/span><\/h1>\n<h1 style=\"text-align: center;\"><span style=\"color: #000080;\"><strong>&nbsp;TODAS LAS CARRERAS<\/strong><\/span><\/h1>\n<p><strong>a partir del 10 de NOVIEMBRE de 2025, a las 08.00 Hs.&nbsp; <\/strong><strong>se habilitar\u00e1, SOLO DE MODO VIRTUAL&nbsp;<\/strong><strong>(HASTA QUE SE LAS \/LOS CONVOQUE A PRESENTAR EN FORMA PRESENCIAL Y PERSONAL LA DOCUMENTACI\u00d3N REQUERIDA no se deber\u00e1 concurrir al Instituto)&nbsp;<\/strong><\/p>\n<p><strong>&nbsp;INGRESO A PRIMER A\u00d1O 2026<\/strong><\/p>\n<p><strong>La preinscripci\u00f3n a primer a\u00f1o se har\u00e1 de manera VIRTUAL, a partir del 10\/11\/25.<\/strong> Ese d\u00eda encontrar\u00e1n publicados en esta p\u00e1gina web los enlaces para acceder al formulario de inscripci\u00f3n de cada una de las carreras.<\/p>\n<p style=\"text-align: center;\"><strong><u>LA PREINSCRIPCI\u00d3N PERMANECER\u00c1 ABIERTA<\/u><\/strong><\/p>\n<p><strong>Desde el 10 de noviembre, 08.00 hs <\/strong><strong>\u201cHASTA COMPLETAR LAS VACANTES PARA CADA UNO DE LOS PRIMEROS A\u00d1OS DE CADA CARRERA\u201d.&nbsp;<\/strong><\/p>\n<hr>\n<p style=\"text-align: center;\"><strong>LEER MUY ATENTAMENTE LAS SIGUIENTES PREGUNTAS FRECUENTES, AL MOMENTO DE LA PREINSCRIPCI\u00d3N:<\/strong><\/p>\n<p><strong>&nbsp;<\/strong>\u00bfSI NO SE ACTUALIZA D\u00cdA A D\u00cdA LA INFORMACI\u00d3N EN LA P\u00c1GINA WEB DEL INSTITUTO, TENGO QUE MANDAR MAIL PARA RECIBIRLA?<\/p>\n<p><strong>&nbsp;TODA LA INFORMACI\u00d3N SOBRE LAS PREINSCRIPCIONES A PRIMER A\u00d1O, AL CICLO LECTIVO 2026, SE PUBLICAR\u00c1 \u00daNICAMENTE POR ESTA P\u00c1GINA WEB. POR LO TANTO, NO SE RESPONDER\u00c1N CONSULTAS POR NINGUNA DE NUESTRAS DIRECCIONES DE MAILS.<\/strong><\/p>\n<p>\u00bfC\u00d3MO ME ENTERO SI MI PREINSCRIPCI\u00d3N FUE BIEN ENVIADA Y RECIBIDA?<\/p>\n<p><strong>&nbsp;AL MOMENTO DE ENVIAR EL FORMULARIO GOOGLE PARA LA PREINSCRIPCI\u00d3N SE RECIBIR\u00c1 UN CORREO CON LA CONFIRMACI\u00d3N DEL TR\u00c1MITE. POR LO TANTO, NO HACE FALTA INFORMAR POR MAIL QUE HA REALIZADO LA INSCRIPCI\u00d3N.<\/strong><\/p>\n<p>\u00bfPUEDO COMPLETAR EL FORMULARIO GOOGLE DE PREINSCRIPCI\u00d3N PARA TODAS LAS CARRERAS, PARA LUEGO ELEGIR LA CARRERA QUE DESEO CURSAR?<\/p>\n<p><strong>&nbsp;SE RECOMIENDA PREINSCRIBIRSE A LA CARRERA QUE DECIDAN CURSAR, PORQUE SOLO SE VALIDAR\u00c1 LA PRIMERA PREINSCRIPCI\u00d3N REALIZADA.<\/strong><\/p>\n<hr>\n<h1 style=\"text-align: center;\"><span style=\"color: #ff0000;\">ENLACES<\/span><\/h1>\n<hr>\n<h3>PROFESORADO DE EDUCACI\u00d3N ESPECIAL, CON ORIENTACI\u00d3N EN DISCAPACIDAD INTELECTUAL (<a href=\"https:\/\/forms.gle\/H6Aq5js7zUM7XiMP7\">https:\/\/forms.gle\/H6Aq5js7zUM7XiMP7<\/a>)<\/h3>\n<hr>\n<h3>PROFESORADO DE EDUCACI\u00d3N SECUNDARIA EN F\u00cdSICA (<a href=\"https:\/\/forms.gle\/P5JZf8xCJoYwxZjY6\">https:\/\/forms.gle\/P5JZf8xCJoYwxZjY6<\/a><\/h3>\n<hr>\n<h3>PROFESORADO DE EDUCACI\u00d3N INICIAL<\/h3>\n<hr>\n<h3>PROFESORADO DE EDUCACI\u00d3N PRIMARIA TURNO MA\u00d1ANA<\/h3>\n<hr>\n<h3>PROFESORADO DE EDUCACI\u00d3N PRIMARIA TURNO TARDE<\/h3>\n<hr>\n<h3>PROFESORADO DE EDUCACI\u00d3N PRIMARIA TURNO VESPERTINO&nbsp;<\/h3>\n<hr>\n<p style=\"text-align: center;\"><span style=\"color: #993300;\"><strong>ETAPAS PARA LLEVAR ADELANTE LA PREINSCRIPCI\u00d3N AL CICLO LECTIVO 2026<\/strong><\/span><br \/>\n<span style=\"color: #993300;\"><strong>LOS FORMULARIOS ESTAR\u00c1N HABILITADOS A PARTIR DEL 10\/11\/25 A LAS 08.00 Hs<\/strong>,<\/span><br \/>\n<span style=\"color: #993300;\"><strong>EN LA SOLAPA CORRESPONDIENTE A CADA CARRERA.<\/strong><\/span><\/p>\n<hr>\n<p><strong>Primera Etapa: VIRTUAL<\/strong><\/p>\n<hr>\n<p><strong>Paso 1: Completar el formulario de Google de la Preinscripci\u00f3n 2026<\/strong><\/p>\n<ul>\n<li>Para que la preinscripci\u00f3n salga bien es muy importante que complete el formulario con toda la informaci\u00f3n solicitada.<\/li>\n<li><strong>DATO MUY IMPORTANTE:<\/strong> Las cuatro carreras que se dictan en nuestro Instituto requieren <strong>CURSAR A CONTRATURNO, el Campo de la Pr\u00e1ctica Docente.<\/strong> O sea, que el:\n<ul>\n<li>Turno Ma\u00f1ana (solo el Profesorado de Educaci\u00f3n Primaria tiene cursada te\u00f3rica a la ma\u00f1ana) cursa Campo de la Pr\u00e1ctica Docente en el Turno Tarde (en primer a\u00f1o, un d\u00eda a la semana)<\/li>\n<li>Turno Tarde (solo el Profesorado de Educaci\u00f3n Primaria tiene cursada te\u00f3rica a la tarde) cursa Campo de la Pr\u00e1ctica Docente en el Turno Ma\u00f1ana (en primer a\u00f1o, un d\u00eda a la semana)<\/li>\n<li>Turno Vespertino (las cuatro carreras tienen cursada te\u00f3rica en dicho turno), cursa Campo de la Pr\u00e1ctica Docente en Turno Ma\u00f1ana o Turno Tarde, de acuerdo a disponibilidad de grupos y escuelas asociadas (en primer a\u00f1o, un d\u00eda a la semana).<\/li>\n<\/ul>\n<\/li>\n<\/ul>\n<hr>\n<p><strong>Paso 2: Publicaci\u00f3n de la n\u00f3mina de ingresantes.<\/strong><\/p>\n<ul>\n<li>Una vez que se hayan completado los cupos para cada una de las carreras, se ir\u00e1n publicando en esta p\u00e1gina web las listas con los ingresantes preinscriptos, en las pesta\u00f1as correspondientes a cada carrera.<\/li>\n<\/ul>\n<hr>\n<p><strong>Segunda Etapa: PRESENCIAL Y PERSONAL<\/strong><\/p>\n<p style=\"text-align: center;\">IR A LA SOLAPA DE INSCRPCI\u00d3N DEFINITIVA A PRIMER A\u00d1O CICLO LECTIVO 2026<\/p>\n<p><strong>RECORDAMOS QUE ES MUY IMPORTANTE MANTENERSE ATENTAS\/OS A LAS NOVEDADES QUE SE PUBLICAR\u00c1N EN ESTA P\u00c1GINA PARA NO PERDERSE NINGUNA INSTANCIA.<\/strong><\/p>\n<p><strong>&nbsp;\u00a1MUCHAS GRACIAS POR ELEGIRNOS!<\/strong><\/p>\n<p style=\"text-align: right;\"><strong>LA COMUNIDAD EDUCATIVA DEL ISFD N\u00b0112<\/strong><\/p>\n<h2 style=\"text-align: center;\"><strong>INSCRIPCI\u00d3N A PRIMER A\u00d1O- CICLO LECTIVO 2026-<\/strong><\/h2>\n<h2 style=\"text-align: center;\"><strong>SEGUNDA ETAPA: PERSONAL Y PRESENCIAL<\/strong><\/h2>\n<h2 style=\"text-align: center;\"><strong>CONVOCATORIA PARA LA ENTREGA DE DOCUMENTACI\u00d3N<\/strong><\/h2>\n<h2 style=\"text-align: center;\"><strong>&#8211; LEER CON MUCHA ATENCI\u00d3N HASTA EL FINAL-<\/strong><\/h2>\n<p><strong>Queremos agradecer a todas y todos los que eligen a nuestra instituci\u00f3n para formarse en el camino de la docencia. <\/strong><\/p>\n<p>Por eso queremos comunicarles que a la fecha se complet\u00f3 la disponibilidad de vacantes para el Profesorado de Educaci\u00f3n Inicial (320 vacantes) y el Profesorado de Educaci\u00f3n Primaria (280 vacantes).<\/p>\n<p>Los dem\u00e1s formularios contin\u00faan activos, hasta el cierre de la inscripci\u00f3n o hasta que se complete la disponibilidad de vacantes, lo que ocurra primero.&nbsp; Hay vacantes para el&nbsp;&nbsp; Profesorado de Educaci\u00f3n Especial y el Profesorado de Educaci\u00f3n Secundaria en F\u00edsica.<\/p>\n<p><strong>SOLO PARA ASPIRANTES QUE HICIERON LA PREINSCRIPCI\u00d3N <\/strong><\/p>\n<p><strong>En las fechas detalladas a continuaci\u00f3n se realizar\u00e1n las REUNIONES INFORMATIVAS DE CADA PROFESORADO y se recepcionar\u00e1 la documentaci\u00f3n en formato papel de quienes se preinscribieron.<\/strong><\/p>\n<p>La participaci\u00f3n es de car\u00e1cter obligatorio, ya que confirma la vacante en la carrera a la que se preinscribi\u00f3.<\/p>\n<p>En caso de no poder asistir la o el aspirante podr\u00e1 designar a otra persona para que participe del encuentro y presente la documentaci\u00f3n requerida, siempre que asista con una autorizaci\u00f3n firmada por la o el ingresante.<\/p>\n<p>En esta instancia, se corroborar\u00e1 la documentaci\u00f3n solicitada en el PASO 1 y otra que necesitan traer personalmente. Por lo tanto, deber\u00e1n contar con original y fotocopia de:<\/p>\n<ul>\n<li>DNI<\/li>\n<li>Partida de nacimiento<\/li>\n<li>2 fotos 4 x 4<\/li>\n<li>T\u00edtulo secundario. En caso de no tener a\u00fan el t\u00edtulo, puede presentar Constancia de T\u00edtulo en Tr\u00e1mite o Constancia General, aclarando las materias que adeuda.<\/li>\n<\/ul>\n<p>Toda la documentaci\u00f3n debe adjuntarse en un folio oficio con etiqueta.<\/p>\n<p>No olvidar una lapicera\/birome azul para completar lo que sea necesario y firmar.<\/p>\n<p>Si todo lo presentado es correcto, se corresponde con los requisitos pedidos y lo declarado en el formulario de preinscripci\u00f3n, se proceder\u00e1 a confirmar la inscripci\u00f3n, para cursar Primer A\u00f1o en el 2026.<\/p>\n<p>El d\u00eda del encuentro nos acompa\u00f1ar\u00e1 la <strong>ASOCIACI\u00d3N COOPERADORA DEL 112<\/strong>, para dialogar sobre las acciones que realiza en nuestro Instituto, la importancia de asociarse y de contribuir con el bono solidario para garantizar la calidad de la educaci\u00f3n brindada por nuestra instituci\u00f3n.<\/p>\n<p><strong>En este momento tambi\u00e9n podr\u00e1n comprar a la ASOCIACI\u00d3N COOPERADORA la LIBRETA DEL ESTUDIANTE, cuyo valor es de $20.000. Es el documento que van a necesitar a lo largo de toda su carrera para registrar su trayectoria acad\u00e9mica.<\/strong><\/p>\n<p><strong>&nbsp;<\/strong><\/p>\n","protected":false},"excerpt":{"rendered":"<p>Preinscripci\u00f3n 2026 &nbsp;TODAS LAS CARRERAS a partir del 10 de NOVIEMBRE de 2025, a las 08.00 Hs.&nbsp; se habilitar\u00e1, SOLO DE MODO VIRTUAL&nbsp;(HASTA QUE SE LAS \/LOS CONVOQUE A PRESENTAR EN FORMA PRESENCIAL Y PERSONAL LA DOCUMENTACI\u00d3N REQUERIDA no se deber\u00e1 concurrir al Instituto)&nbsp; &nbsp;INGRESO A PRIMER A\u00d1O 2026 La preinscripci\u00f3n a primer a\u00f1o se &#8230; <a title=\"PREINSCRIPCI\u00d3N 2026\" class=\"read-more\" href=\"https:\/\/isfd112-bue.infd.edu.ar\/sitio\/alumnado\/\" aria-label=\"More on PREINSCRIPCI\u00d3N 2026\">[+]<\/a><\/p>\n","protected":false},"author":5172,"featured_media":0,"parent":0,"menu_order":0,"comment_status":"closed","ping_status":"closed","template":"","meta":[],"acf":[],"_links":{"self":[{"href":"https:\/\/isfd112-bue.infd.edu.ar\/sitio\/wp-json\/wp\/v2\/pages\/4856"}],"collection":[{"href":"https:\/\/isfd112-bue.infd.edu.ar\/sitio\/wp-json\/wp\/v2\/pages"}],"about":[{"href":"https:\/\/isfd112-bue.infd.edu.ar\/sitio\/wp-json\/wp\/v2\/types\/page"}],"author":[{"embeddable":true,"href":"https:\/\/isfd112-bue.infd.edu.ar\/sitio\/wp-json\/wp\/v2\/users\/5172"}],"replies":[{"embeddable":true,"href":"https:\/\/isfd112-bue.infd.edu.ar\/sitio\/wp-json\/wp\/v2\/comments?post=4856"}],"version-history":[{"count":157,"href":"https:\/\/isfd112-bue.infd.edu.ar\/sitio\/wp-json\/wp\/v2\/pages\/4856\/revisions"}],"predecessor-version":[{"id":11538,"href":"https:\/\/isfd112-bue.infd.edu.ar\/sitio\/wp-json\/wp\/v2\/pages\/4856\/revisions\/11538"}],"wp:attachment":[{"href":"https:\/\/isfd112-bue.infd.edu.ar\/sitio\/wp-json\/wp\/v2\/media?parent=4856"}],"curies":[{"name":"wp","href":"https:\/\/api.w.org\/{rel}","templated":true}]}}