{"id":5488,"date":"2021-08-11T14:45:39","date_gmt":"2021-08-11T17:45:39","guid":{"rendered":"https:\/\/isfd112-bue.infd.edu.ar\/sitio\/?page_id=5488"},"modified":"2021-08-11T14:45:41","modified_gmt":"2021-08-11T17:45:41","slug":"pedido-de-titulos","status":"publish","type":"page","link":"https:\/\/isfd112-bue.infd.edu.ar\/sitio\/pedido-de-titulos\/","title":{"rendered":"PEDIDO DE T\u00cdTULOS"},"content":{"rendered":"\n<p><strong>La Direcci\u00f3n del Instituto 112 informa, ante el aislamiento social preventivo obligatorio,&nbsp;los pedidos de t\u00edtulos de los estudiantes egresados de nuestra instituci\u00f3n se realizar\u00e1n&nbsp;virtualmente, solo para aquellos que a\u00fan no lo solicitaron, para lo cual usted debe :<\/strong><\/p>\n\n\n\n<p><br><\/p>\n\n\n\n<ol type=\"1\"><li><em>Comunicarse a la direcci\u00f3n de correo&nbsp;<\/em><strong><em><a href=\"mailto:titulosisfd112@gmail.com\">titulosisfd112@gmail.com<\/a><\/em><\/strong><\/li><li><em>&nbsp;En el asunto del mail debe escribir Apellidos, Nombres &#8211; Pedido de T\u00edtulo<\/em>.<\/li><li><em>&nbsp;En el cuerpo del mail debe indicar: <\/em><em><\/em><ol><li><em>&nbsp;Apellidos. <\/em><em><\/em><\/li><\/ol><ol><li><em>Nombres.<\/em><em><\/em><\/li><\/ol><ol><li><em>DNI.<\/em><em><\/em><\/li><\/ol><ol><li><em>Carrera.<\/em><em><\/em><\/li><\/ol><ol><li><em>Fecha de egreso (\u00daLTIMA MATERIA)<\/em><em><\/em><\/li><\/ol><ol><li><em>Nombre del espacio curricular que rindi\u00f3 como \u00faltima materia. <\/em><em><\/em><\/li><\/ol><ol><li><em>Un celular de&nbsp;referencia.<\/em><em><\/em><\/li><\/ol><\/li><li><em>Adjuntar los siguientes documentos:<\/em><em><\/em><ol><li><em>Pedido de t\u00edtulo, (COMPLETO Y FIRMADO), correspondiente a su carrera <\/em>(EN PDF)<\/li><\/ol><ol><li><em>Declaraci\u00f3n Jurada, correspondiente a su carrera, (EN EXCEL)<\/em><em><\/em><\/li><\/ol><ol><li><em>Fotocopia de DNI<\/em> (EN PDF)<\/li><\/ol><ol><li><em>Fotocopia del T\u00edtulo secundario (LAS DOS CARILLAS)<\/em> (EN PDF)<\/li><\/ol><ol><li><em>Fotocopia de la Partida de nacimiento<\/em> (EN PDF)<\/li><\/ol><ol><li><em>Foto de la primera hoja de la libreta del estudiante<\/em>. (EN PDF)<\/li><\/ol><ol><li><em>Foto de la hoja de la libreta donde figura el fonoaudiol\u00f3gico aprobado.<\/em> (EN PDF)<em>&nbsp;<\/em><br><br><em><\/em><\/li><\/ol><\/li><\/ol>\n\n\n\n<p><em>La recepci\u00f3n de la documentaci\u00f3n ser\u00e1 condicional, cuando se regrese a la actividad normal&nbsp;en la instituci\u00f3n deber\u00e1n presentar los originales pedidos en los \u00edtems (a al g). Para ello se deben&nbsp;remitir a la encargada de recepci\u00f3n de pedido de t\u00edtulo Leiva, Marisa.<\/em><\/p>\n\n\n\n<hr class=\"wp-block-separator\"\/>\n\n\n\n<h2 class=\"has-text-align-center wp-block-heading\"><em><u>FORMULARIOS<\/u><\/em><\/h2>\n\n\n\n<hr class=\"wp-block-separator\"\/>\n\n\n\n<p class=\"has-text-align-center\">PROFESORADO DE EDUCACI\u00d3N ESPECIAL<\/p>\n\n\n\n<hr class=\"wp-block-separator\"\/>\n\n\n\n<div class=\"wp-block-file\"><a href=\"https:\/\/isfd112-bue.infd.edu.ar\/sitio\/wp-content\/uploads\/2021\/08\/PEDIDO-DE-TITULO-ESPECIAL.doc\">PEDIDO DE T\u00cdTULO ESPECIAL<\/a><a href=\"https:\/\/isfd112-bue.infd.edu.ar\/sitio\/wp-content\/uploads\/2021\/08\/PEDIDO-DE-TITULO-ESPECIAL.doc\" class=\"wp-block-file__button\" download>Descarga<\/a><\/div>\n\n\n\n<div class=\"wp-block-file\"><a href=\"https:\/\/isfd112-bue.infd.edu.ar\/sitio\/wp-content\/uploads\/2021\/08\/DECLARACION-JURADA-ESPECIAL.xls\">DECLARACI\u00d3N-JURADA-ESPECIAL<\/a><a href=\"https:\/\/isfd112-bue.infd.edu.ar\/sitio\/wp-content\/uploads\/2021\/08\/DECLARACION-JURADA-ESPECIAL.xls\" class=\"wp-block-file__button\" download>Descarga<\/a><\/div>\n\n\n\n<hr class=\"wp-block-separator\"\/>\n\n\n\n<p class=\"has-text-align-center\">PROFESORADO DE EDUCACI\u00d3N SECUNDARIA EN F\u00cdSICA<\/p>\n\n\n\n<hr class=\"wp-block-separator\"\/>\n\n\n\n<div class=\"wp-block-file\"><a href=\"https:\/\/isfd112-bue.infd.edu.ar\/sitio\/wp-content\/uploads\/2021\/08\/PEDIDO-DE-TITULO-FISICA.doc\">PEDIDO DE T\u00cdTULO F\u00cdSICA<\/a><a href=\"https:\/\/isfd112-bue.infd.edu.ar\/sitio\/wp-content\/uploads\/2021\/08\/PEDIDO-DE-TITULO-FISICA.doc\" class=\"wp-block-file__button\" download>Descarga<\/a><\/div>\n\n\n\n<div class=\"wp-block-file\"><a href=\"https:\/\/isfd112-bue.infd.edu.ar\/sitio\/wp-content\/uploads\/2021\/08\/DECLARACION-JURADA-FISICA.xls\">DECLARACI\u00d3N-JURADA-FISICA<\/a><a href=\"https:\/\/isfd112-bue.infd.edu.ar\/sitio\/wp-content\/uploads\/2021\/08\/DECLARACION-JURADA-FISICA.xls\" class=\"wp-block-file__button\" download>Descarga<\/a><\/div>\n\n\n\n<hr class=\"wp-block-separator\"\/>\n\n\n\n<p class=\"has-text-align-center\">PROFESORADO DE EDUCACI\u00d3N INICIAL<\/p>\n\n\n\n<hr class=\"wp-block-separator\"\/>\n\n\n\n<div class=\"wp-block-file\"><a href=\"https:\/\/isfd112-bue.infd.edu.ar\/sitio\/wp-content\/uploads\/2021\/08\/PEDIDO-DE-TITULO-INICIAL.doc\">PEDIDO DE T\u00cdTULO INICIAL<\/a><a href=\"https:\/\/isfd112-bue.infd.edu.ar\/sitio\/wp-content\/uploads\/2021\/08\/PEDIDO-DE-TITULO-INICIAL.doc\" class=\"wp-block-file__button\" download>Descarga<\/a><\/div>\n\n\n\n<div class=\"wp-block-file\"><a href=\"https:\/\/isfd112-bue.infd.edu.ar\/sitio\/wp-content\/uploads\/2021\/08\/DECLARACION-JURADA-INICIAL.xls\">DECLARACI\u00d3N-JURADA-INICIAL<\/a><a href=\"https:\/\/isfd112-bue.infd.edu.ar\/sitio\/wp-content\/uploads\/2021\/08\/DECLARACION-JURADA-INICIAL.xls\" class=\"wp-block-file__button\" download>Descarga<\/a><\/div>\n\n\n\n<hr class=\"wp-block-separator\"\/>\n\n\n\n<p class=\"has-text-align-center\">PROFESORADO DE EDUCACI\u00d3N PRIMARIA<\/p>\n\n\n\n<hr class=\"wp-block-separator\"\/>\n\n\n\n<div class=\"wp-block-file\"><a href=\"https:\/\/isfd112-bue.infd.edu.ar\/sitio\/wp-content\/uploads\/2021\/08\/PEDIDO-DE-TITULO-PRIMARIA.doc\">PEDIDO DE T\u00cdTULO PRIMARIA<\/a><a href=\"https:\/\/isfd112-bue.infd.edu.ar\/sitio\/wp-content\/uploads\/2021\/08\/PEDIDO-DE-TITULO-PRIMARIA.doc\" class=\"wp-block-file__button\" download>Descarga<\/a><\/div>\n\n\n\n<div class=\"wp-block-file\"><a href=\"https:\/\/isfd112-bue.infd.edu.ar\/sitio\/wp-content\/uploads\/2021\/08\/DECLARACION-JURADA-PRIMARIA.xls\">DECLARACI\u00d3N-JURADA-PRIMARIA<\/a><a href=\"https:\/\/isfd112-bue.infd.edu.ar\/sitio\/wp-content\/uploads\/2021\/08\/DECLARACION-JURADA-PRIMARIA.xls\" class=\"wp-block-file__button\" download>Descarga<\/a><\/div>\n\n\n\n<hr class=\"wp-block-separator\"\/>\n\n\n\n<p><em>Saludos cordiales<\/em><br><em><strong>Equipo Directivo del ISFD 112<\/strong><\/em><\/p>\n","protected":false},"excerpt":{"rendered":"<p>La Direcci\u00f3n del Instituto 112 informa, ante el aislamiento social preventivo obligatorio,&nbsp;los pedidos de t\u00edtulos de los estudiantes egresados de nuestra instituci\u00f3n se realizar\u00e1n&nbsp;virtualmente, solo para aquellos que a\u00fan no lo solicitaron, para lo cual usted debe : Comunicarse a la direcci\u00f3n de correo&nbsp;titulosisfd112@gmail.com &nbsp;En el asunto del mail debe escribir Apellidos, Nombres &#8211; Pedido &#8230; <a title=\"PEDIDO DE T\u00cdTULOS\" class=\"read-more\" href=\"https:\/\/isfd112-bue.infd.edu.ar\/sitio\/pedido-de-titulos\/\" aria-label=\"More on PEDIDO DE T\u00cdTULOS\">[+]<\/a><\/p>\n","protected":false},"author":5172,"featured_media":0,"parent":0,"menu_order":0,"comment_status":"closed","ping_status":"closed","template":"","meta":[],"acf":[],"_links":{"self":[{"href":"https:\/\/isfd112-bue.infd.edu.ar\/sitio\/wp-json\/wp\/v2\/pages\/5488"}],"collection":[{"href":"https:\/\/isfd112-bue.infd.edu.ar\/sitio\/wp-json\/wp\/v2\/pages"}],"about":[{"href":"https:\/\/isfd112-bue.infd.edu.ar\/sitio\/wp-json\/wp\/v2\/types\/page"}],"author":[{"embeddable":true,"href":"https:\/\/isfd112-bue.infd.edu.ar\/sitio\/wp-json\/wp\/v2\/users\/5172"}],"replies":[{"embeddable":true,"href":"https:\/\/isfd112-bue.infd.edu.ar\/sitio\/wp-json\/wp\/v2\/comments?post=5488"}],"version-history":[{"count":4,"href":"https:\/\/isfd112-bue.infd.edu.ar\/sitio\/wp-json\/wp\/v2\/pages\/5488\/revisions"}],"predecessor-version":[{"id":6512,"href":"https:\/\/isfd112-bue.infd.edu.ar\/sitio\/wp-json\/wp\/v2\/pages\/5488\/revisions\/6512"}],"wp:attachment":[{"href":"https:\/\/isfd112-bue.infd.edu.ar\/sitio\/wp-json\/wp\/v2\/media?parent=5488"}],"curies":[{"name":"wp","href":"https:\/\/api.w.org\/{rel}","templated":true}]}}