{"id":5634,"date":"2021-10-21T11:15:32","date_gmt":"2021-10-21T14:15:32","guid":{"rendered":"https:\/\/isfd112-bue.infd.edu.ar\/sitio\/?page_id=5634"},"modified":"2021-10-21T11:15:33","modified_gmt":"2021-10-21T14:15:33","slug":"centro-de-estudiantes","status":"publish","type":"page","link":"https:\/\/isfd112-bue.infd.edu.ar\/sitio\/centro-de-estudiantes\/","title":{"rendered":"Centro de Estudiantes"},"content":{"rendered":"\n<p>Aqu\u00ed encontrar\u00e1n la informaci\u00f3n actualizada del Centro de Estudiantes del ISFD 112<\/p>\n","protected":false},"excerpt":{"rendered":"<p>Aqu\u00ed encontrar\u00e1n la informaci\u00f3n actualizada del Centro de Estudiantes del ISFD 112<\/p>\n","protected":false},"author":7,"featured_media":0,"parent":0,"menu_order":0,"comment_status":"closed","ping_status":"closed","template":"","meta":[],"acf":[],"_links":{"self":[{"href":"https:\/\/isfd112-bue.infd.edu.ar\/sitio\/wp-json\/wp\/v2\/pages\/5634"}],"collection":[{"href":"https:\/\/isfd112-bue.infd.edu.ar\/sitio\/wp-json\/wp\/v2\/pages"}],"about":[{"href":"https:\/\/isfd112-bue.infd.edu.ar\/sitio\/wp-json\/wp\/v2\/types\/page"}],"author":[{"embeddable":true,"href":"https:\/\/isfd112-bue.infd.edu.ar\/sitio\/wp-json\/wp\/v2\/users\/7"}],"replies":[{"embeddable":true,"href":"https:\/\/isfd112-bue.infd.edu.ar\/sitio\/wp-json\/wp\/v2\/comments?post=5634"}],"version-history":[{"count":1,"href":"https:\/\/isfd112-bue.infd.edu.ar\/sitio\/wp-json\/wp\/v2\/pages\/5634\/revisions"}],"predecessor-version":[{"id":5636,"href":"https:\/\/isfd112-bue.infd.edu.ar\/sitio\/wp-json\/wp\/v2\/pages\/5634\/revisions\/5636"}],"wp:attachment":[{"href":"https:\/\/isfd112-bue.infd.edu.ar\/sitio\/wp-json\/wp\/v2\/media?parent=5634"}],"curies":[{"name":"wp","href":"https:\/\/api.w.org\/{rel}","templated":true}]}}