{"id":5648,"date":"2021-10-21T11:30:19","date_gmt":"2021-10-21T14:30:19","guid":{"rendered":"https:\/\/isfd112-bue.infd.edu.ar\/sitio\/?page_id=5648"},"modified":"2021-10-21T11:30:24","modified_gmt":"2021-10-21T14:30:24","slug":"asociacion-cooperadora","status":"publish","type":"page","link":"https:\/\/isfd112-bue.infd.edu.ar\/sitio\/asociacion-cooperadora\/","title":{"rendered":"Asociaci\u00f3n Cooperadora"},"content":{"rendered":"\n<p>Aqu\u00ed se actualizar\u00e1 toda la informaci\u00f3n de la Asociaci\u00f3n Cooperadora del ISFD 112<\/p>\n","protected":false},"excerpt":{"rendered":"<p>Aqu\u00ed se actualizar\u00e1 toda la informaci\u00f3n de la Asociaci\u00f3n Cooperadora del ISFD 112<\/p>\n","protected":false},"author":7,"featured_media":0,"parent":0,"menu_order":0,"comment_status":"closed","ping_status":"closed","template":"","meta":[],"acf":[],"_links":{"self":[{"href":"https:\/\/isfd112-bue.infd.edu.ar\/sitio\/wp-json\/wp\/v2\/pages\/5648"}],"collection":[{"href":"https:\/\/isfd112-bue.infd.edu.ar\/sitio\/wp-json\/wp\/v2\/pages"}],"about":[{"href":"https:\/\/isfd112-bue.infd.edu.ar\/sitio\/wp-json\/wp\/v2\/types\/page"}],"author":[{"embeddable":true,"href":"https:\/\/isfd112-bue.infd.edu.ar\/sitio\/wp-json\/wp\/v2\/users\/7"}],"replies":[{"embeddable":true,"href":"https:\/\/isfd112-bue.infd.edu.ar\/sitio\/wp-json\/wp\/v2\/comments?post=5648"}],"version-history":[{"count":1,"href":"https:\/\/isfd112-bue.infd.edu.ar\/sitio\/wp-json\/wp\/v2\/pages\/5648\/revisions"}],"predecessor-version":[{"id":5650,"href":"https:\/\/isfd112-bue.infd.edu.ar\/sitio\/wp-json\/wp\/v2\/pages\/5648\/revisions\/5650"}],"wp:attachment":[{"href":"https:\/\/isfd112-bue.infd.edu.ar\/sitio\/wp-json\/wp\/v2\/media?parent=5648"}],"curies":[{"name":"wp","href":"https:\/\/api.w.org\/{rel}","templated":true}]}}