{"id":6946,"date":"2022-03-19T11:14:58","date_gmt":"2022-03-19T14:14:58","guid":{"rendered":"https:\/\/isfd112-bue.infd.edu.ar\/sitio\/?page_id=6946"},"modified":"2023-03-15T11:49:45","modified_gmt":"2023-03-15T14:49:45","slug":"matriculacion-a-materias-ciclo-lectivo-2022","status":"publish","type":"page","link":"https:\/\/isfd112-bue.infd.edu.ar\/sitio\/matriculacion-a-materias-ciclo-lectivo-2022\/","title":{"rendered":"MATRICULACI\u00d3N A MATERIAS CICLO LECTIVO 2023"},"content":{"rendered":"\n<hr class=\"wp-block-separator has-alpha-channel-opacity\"\/>\n\n\n\n<p>Estimadxs estudiantes:<\/p>\n\n\n\n<p>Les comunicamos que, a partir del a\u00f1o 2022, iniciamos la utilizaci\u00f3n completa del sistema de gesti\u00f3n acad\u00e9mica (SADIS), para la matriculaci\u00f3n a las cursadas de las materias del ciclo lectivo 2022, de todas las carreras y turnos. Esto es para todos <strong>lxs estudiantes de 2\u00b0, 3\u00b0, 4\u00b0 y recursantes (ingresantes 2023 ya seran sido matriculados autom\u00e1ticamente en el sistema)<\/strong>. <\/p>\n\n\n\n<p>El plazo para realizar la matriculaci\u00f3n ser\u00e1 del<strong> (A CONFIRMAR)<\/strong><\/p>\n\n\n\n<p>Para matricularse deben seguir las indicaciones del siguiente tutorial<\/p>\n\n\n\n<p><a rel=\"noreferrer noopener\" href=\"https:\/\/isfd112-bue.infd.edu.ar\/sitio\/tutorial-sadis-estudiantes-matriculacion-2022\/\" target=\"_blank\"><mark style=\"background-color:rgba(0, 0, 0, 0)\" class=\"has-inline-color has-luminous-vivid-orange-color\">TUTORIAL PARA ESTUDIANTES &#8211; MATRICULACI\u00d3N A MATERIAS CICLO LECTIVO 202<\/mark><\/a>3                                                                               <mark style=\"background-color:rgba(0, 0, 0, 0)\" class=\"has-inline-color has-vivid-green-cyan-color\"> <\/mark><\/p>\n\n\n\n<p><mark style=\"background-color:rgba(0, 0, 0, 0)\" class=\"has-inline-color has-vivid-green-cyan-color\"><a rel=\"noreferrer noopener\" href=\"https:\/\/www.youtube.com\/watch?v=LKvlX8IDH8M\" target=\"_blank\">TUTORIAL EN FORMATO VIDEO<\/a><\/mark><\/p>\n\n\n\n<p><strong>Tutorial Estudiantes Matriculaci\u00f3n 2023<\/strong><\/p>\n\n\n\n<p>Algunas cuestiones a tener en cuenta: <\/p>\n\n\n\n<ul>\n<li>la matriculaci\u00f3n es tambi\u00e9n para todos las materias de Campos de la Pr\u00e1ctica de todos los a\u00f1os de todas las carreras (de ahora en m\u00e1s, todas las materias se deben matricular a trav\u00e9s de SADIS)<\/li>\n<\/ul>\n\n\n\n<p>Aprovechamos para aclarar algunas preguntas que les pueden surgir en el proceso:<\/p>\n\n\n\n<p><strong>\u00bfQu\u00e9 pasa si no me puedo inscribir?<\/strong><\/p>\n\n\n\n<p>Como estamos poniendo en marcha un nuevo sistema, es probable que surjan algunas dificultades, pero no se preocupen, ya que para resolver cualquier inconveniente que tengan, en su proceso de matriculaci\u00f3n, hemos conformado un Equipo de Reclamos.&nbsp;<\/p>\n\n\n\n<p><strong>\u00bfA d\u00f3nde env\u00edo el reclamo?<\/strong><\/p>\n\n\n\n<p>Los reclamos deber\u00e1n realizarse PERSONALMENTE, POR EL MOMENTO<\/p>\n\n\n\n<p><strong>DE CUALQUIER MANERA, NO SE PREOCUPEN, YA QUE GARANTIZAREMOS QUE TODXS SE PUEDAN MATRICULAR EN EL CURSO Y LAS MATERIAS QUE ELIJAN (siempre y cuando tengan las materias correlativas con cursadas aprobadas)<\/strong><\/p>\n\n\n\n<p><strong>Equipo de Conducci\u00f3n del ISFD 112.<\/strong><\/p>\n","protected":false},"excerpt":{"rendered":"<p>Estimadxs estudiantes: Les comunicamos que, a partir del a\u00f1o 2022, iniciamos la utilizaci\u00f3n completa del sistema de gesti\u00f3n acad\u00e9mica (SADIS), para la matriculaci\u00f3n a las cursadas de las materias del ciclo lectivo 2022, de todas las carreras y turnos. Esto es para todos lxs estudiantes de 2\u00b0, 3\u00b0, 4\u00b0 y recursantes (ingresantes 2023 ya seran &#8230; <a title=\"MATRICULACI\u00d3N A MATERIAS CICLO LECTIVO 2023\" class=\"read-more\" href=\"https:\/\/isfd112-bue.infd.edu.ar\/sitio\/matriculacion-a-materias-ciclo-lectivo-2022\/\" aria-label=\"More on MATRICULACI\u00d3N A MATERIAS CICLO LECTIVO 2023\">[+]<\/a><\/p>\n","protected":false},"author":2232,"featured_media":0,"parent":0,"menu_order":0,"comment_status":"closed","ping_status":"closed","template":"","meta":[],"acf":[],"_links":{"self":[{"href":"https:\/\/isfd112-bue.infd.edu.ar\/sitio\/wp-json\/wp\/v2\/pages\/6946"}],"collection":[{"href":"https:\/\/isfd112-bue.infd.edu.ar\/sitio\/wp-json\/wp\/v2\/pages"}],"about":[{"href":"https:\/\/isfd112-bue.infd.edu.ar\/sitio\/wp-json\/wp\/v2\/types\/page"}],"author":[{"embeddable":true,"href":"https:\/\/isfd112-bue.infd.edu.ar\/sitio\/wp-json\/wp\/v2\/users\/2232"}],"replies":[{"embeddable":true,"href":"https:\/\/isfd112-bue.infd.edu.ar\/sitio\/wp-json\/wp\/v2\/comments?post=6946"}],"version-history":[{"count":16,"href":"https:\/\/isfd112-bue.infd.edu.ar\/sitio\/wp-json\/wp\/v2\/pages\/6946\/revisions"}],"predecessor-version":[{"id":8165,"href":"https:\/\/isfd112-bue.infd.edu.ar\/sitio\/wp-json\/wp\/v2\/pages\/6946\/revisions\/8165"}],"wp:attachment":[{"href":"https:\/\/isfd112-bue.infd.edu.ar\/sitio\/wp-json\/wp\/v2\/media?parent=6946"}],"curies":[{"name":"wp","href":"https:\/\/api.w.org\/{rel}","templated":true}]}}