{"id":6953,"date":"2022-03-19T11:23:25","date_gmt":"2022-03-19T14:23:25","guid":{"rendered":"https:\/\/isfd112-bue.infd.edu.ar\/sitio\/?page_id=6953"},"modified":"2022-03-19T12:19:02","modified_gmt":"2022-03-19T15:19:02","slug":"tutorial-sadis-estudiantes-matriculacion-2022","status":"publish","type":"page","link":"https:\/\/isfd112-bue.infd.edu.ar\/sitio\/tutorial-sadis-estudiantes-matriculacion-2022\/","title":{"rendered":"Tutorial SADIS Estudiantes Matriculaci\u00f3n 2022"},"content":{"rendered":"\n<p><\/p>\n\n\n\n<p><strong>&nbsp;&nbsp;&nbsp;&nbsp;&nbsp;&nbsp;&nbsp;&nbsp;&nbsp;&nbsp;&nbsp;<\/strong><strong>&nbsp;&nbsp;&nbsp;&nbsp;&nbsp;&nbsp;&nbsp;ISFD 112&nbsp; &#8211; MATRICULACI\u00d3N A MATERIAS CICLO LECTIVO 2022<\/strong><\/p>\n\n\n\n<p><strong>Tutorial: C\u00f3mo matricularte para cursar materias en el ciclo lectivo 2022 (para todxs lxs estudiantes, excepto Ingresantes 2022)<\/strong><\/p>\n\n\n\n<p>La Matriculaci\u00f3n a se realizar\u00e1 a trav\u00e9s del nuevo sistema de gesti\u00f3n acad\u00e9mica SADIS desde el<strong> 22 de marzo al 30 de marzo de 2022&nbsp; (el sistema comenzar\u00e1 a funcionar a partir del 22 de marzo)<\/strong><\/p>\n\n\n\n<p>Para matricularte ten\u00e9s que ingresar a la p\u00e1gina web del instituto\u00a0en <a href=\"https:\/\/isfd112-bue.infd.edu.ar\/sitio\/acceso-a-sadis-estudiantes\/\" target=\"_blank\" rel=\"noreferrer noopener\">SADIS ESTUDIANTES<\/a>:<\/p>\n\n\n\n<figure class=\"wp-block-image\"><a href=\"https:\/\/isfd112-bue.infd.edu.ar\/sitio\/acceso-a-sadis-estudiantes\/\"><img decoding=\"async\" src=\"https:\/\/lh4.googleusercontent.com\/UKrvMcSunGf3aHkJanWMbO1QIf6DNbbrOKsWS6np6EZb9Bqf5Eq3MyU9eA-OMwCsLjHZ34CD95Twq2C14Tu1SlHq8NdkZkFZCxWBlQEs0l9rBNS11wT9NE1zyMLogXp0rH5qYk4B\" alt=\"D:\\Users\\ROBERTO\\Documents\\Unidad USB\\Inspecci\u00f3n regi\u00f3n 9\\112\\SADIS_LOGO_ESTUDIANTES.png\"\/><\/a><\/figure>\n\n\n\n<ol><li>A continuaci\u00f3n debes ingresar el<strong> DNI<\/strong> (en n\u00fameros y sin puntos). La clave es : <strong>1234<\/strong>  Luego te pide completar un c\u00f3digo Captcha y haces click en Ingresar<\/li><\/ol>\n\n\n\n<ol start=\"2\"><li>Una vez ingresado en el sistema debes seleccionar la opci\u00f3n<span class=\"has-inline-color has-vivid-red-color\"><strong> Matriculaci\u00f3n<\/strong> <\/span>y luego <strong><span class=\"has-inline-color has-vivid-red-color\">Matricularse a una materia<\/span><\/strong><\/li><\/ol>\n\n\n\n<ol start=\"3\"><li>&nbsp;Eliges del men\u00fa de materias disponibles las que quieres cursar (Debes prestar atenci\u00f3n a la secci\u00f3n que cursas: 1, 2, 3 o 4 seg\u00fan la carrera y turno)<\/li><\/ol>\n\n\n\n<p>Para chequear la inscripci\u00f3n eliges la Opci\u00f3n Cursadas y all\u00ed te aparecer\u00e1n todas las materias que te matriculaste para cursar en 2022<\/p>\n\n\n\n<p><\/p>\n\n\n\n<p>NOTA IMPORTANTE:&nbsp;<\/p>\n\n\n\n<p><strong>NO SE PREOCUPEN, YA QUE GARANTIZAREMOS QUE TODXS SE INSCRIBAN EN EL CURSO Y LAS MATERIAS QUE ELIJAN<\/strong><strong> (siempre y cuando tengan las materias correlativas con cursadas aprobadas)<\/strong><\/p>\n\n\n\n<p><strong>\u00bfQu\u00e9 pasa si no me puedo inscribir?<\/strong><\/p>\n\n\n\n<p>Como estamos poniendo en marcha un nuevo sistema, es probable que surjan algunas dificultades, pero no se preocupen, ya que para resolver cualquier inconveniente que tengan, en su proceso de matriculaci\u00f3n, hemos conformado un Equipo de Reclamos.&nbsp;<\/p>\n\n\n\n<p><strong>\u00bfA d\u00f3nde env\u00edo el reclamo?<\/strong><\/p>\n\n\n\n<p>Los reclamos deber\u00e1n realizarse a los siguientes correos, seg\u00fan la carrera que cursen:<\/p>\n\n\n\n<p><a href=\"mailto:sadisprimariatm112@gmail.com\">sadisprimariatm112@gmail.com<\/a><\/p>\n\n\n\n<p><a href=\"mailto:sadisprimariatv112@gmail.com\">sadisprimariatv112@gmail.com<\/a><\/p>\n\n\n\n<p><a href=\"mailto:sadisespecial112@gmail.com\">sadisespecial112@gmail.com<\/a><\/p>\n\n\n\n<p><a href=\"mailto:sadisinicial112@gmail.com\">sadisinicial112@gmail.com<\/a><\/p>\n\n\n\n<p><a href=\"mailto:sadisfisica112@gmail.com\">sadisfisica112@gmail.com<\/a><\/p>\n\n\n\n<p><strong>&nbsp;&nbsp;&nbsp;&nbsp;&nbsp;&nbsp;\u00bfQu\u00e9 datos debo escribir en el reclamo?<\/strong><\/p>\n\n\n\n<ul><li>Apellido y nombre<\/li><li>DNI<\/li><li>Carrera, Turno y Secci\u00f3n (ver cuadro de secciones por carrera)<\/li><li>Nombre completo de Materias en las que no te pudiste matricular<\/li><li>A\u00f1o en que empezaste a cursar en el ISFD 112<\/li><\/ul>\n\n\n\n<p><strong>\u00bfEn cu\u00e1nto tiempo recibir\u00e9 una respuesta?<\/strong><\/p>\n\n\n\n<p>El equipo de reclamos resolver\u00e1 tu situaci\u00f3n y te responder\u00e1 dentro de las<strong> 48 hs h\u00e1biles<\/strong><strong>.<\/strong><\/p>\n","protected":false},"excerpt":{"rendered":"<p>&nbsp;&nbsp;&nbsp;&nbsp;&nbsp;&nbsp;&nbsp;&nbsp;&nbsp;&nbsp;&nbsp;&nbsp;&nbsp;&nbsp;&nbsp;&nbsp;&nbsp;&nbsp;ISFD 112&nbsp; &#8211; MATRICULACI\u00d3N A MATERIAS CICLO LECTIVO 2022 Tutorial: C\u00f3mo matricularte para cursar materias en el ciclo lectivo 2022 (para todxs lxs estudiantes, excepto Ingresantes 2022) La Matriculaci\u00f3n a se realizar\u00e1 a trav\u00e9s del nuevo sistema de gesti\u00f3n acad\u00e9mica SADIS desde el 22 de marzo al 30 de marzo de 2022&nbsp; (el sistema comenzar\u00e1 &#8230; <a title=\"Tutorial SADIS Estudiantes Matriculaci\u00f3n 2022\" class=\"read-more\" href=\"https:\/\/isfd112-bue.infd.edu.ar\/sitio\/tutorial-sadis-estudiantes-matriculacion-2022\/\" aria-label=\"More on Tutorial SADIS Estudiantes Matriculaci\u00f3n 2022\">[+]<\/a><\/p>\n","protected":false},"author":2232,"featured_media":0,"parent":0,"menu_order":0,"comment_status":"closed","ping_status":"closed","template":"","meta":[],"acf":[],"_links":{"self":[{"href":"https:\/\/isfd112-bue.infd.edu.ar\/sitio\/wp-json\/wp\/v2\/pages\/6953"}],"collection":[{"href":"https:\/\/isfd112-bue.infd.edu.ar\/sitio\/wp-json\/wp\/v2\/pages"}],"about":[{"href":"https:\/\/isfd112-bue.infd.edu.ar\/sitio\/wp-json\/wp\/v2\/types\/page"}],"author":[{"embeddable":true,"href":"https:\/\/isfd112-bue.infd.edu.ar\/sitio\/wp-json\/wp\/v2\/users\/2232"}],"replies":[{"embeddable":true,"href":"https:\/\/isfd112-bue.infd.edu.ar\/sitio\/wp-json\/wp\/v2\/comments?post=6953"}],"version-history":[{"count":7,"href":"https:\/\/isfd112-bue.infd.edu.ar\/sitio\/wp-json\/wp\/v2\/pages\/6953\/revisions"}],"predecessor-version":[{"id":6970,"href":"https:\/\/isfd112-bue.infd.edu.ar\/sitio\/wp-json\/wp\/v2\/pages\/6953\/revisions\/6970"}],"wp:attachment":[{"href":"https:\/\/isfd112-bue.infd.edu.ar\/sitio\/wp-json\/wp\/v2\/media?parent=6953"}],"curies":[{"name":"wp","href":"https:\/\/api.w.org\/{rel}","templated":true}]}}