{"id":9965,"date":"2024-04-05T13:25:28","date_gmt":"2024-04-05T16:25:28","guid":{"rendered":"https:\/\/isfd112-bue.infd.edu.ar\/sitio\/?page_id=9965"},"modified":"2026-03-15T16:07:48","modified_gmt":"2026-03-15T19:07:48","slug":"equivalencias-internas-y-externas-2024","status":"publish","type":"page","link":"https:\/\/isfd112-bue.infd.edu.ar\/sitio\/equivalencias-internas-y-externas-2024\/","title":{"rendered":"Equivalencias 2026"},"content":{"rendered":"\n<p class=\"has-text-align-center has-accent-color has-text-color has-large-font-size\"><strong>PEDIDO DE EQUIVALENCIA AUTOM\u00c1TICA<\/strong><\/p>\n\n\n\n<hr class=\"wp-block-separator has-alpha-channel-opacity\"\/>\n\n\n\n<p><strong><u>CONSIDERACIONES GENERALES<\/u><\/strong><strong><u><\/u><\/strong><\/p>\n\n\n\n<p>Se otorgar\u00e1 equivalencia autom\u00e1tica cuando se trate de unidades curriculares con la&nbsp;misma denominaci\u00f3n y contenidos en los planes de estudio de las carreras vigentes en Institutos de Formaci\u00f3n Docente de&nbsp;la jurisdicci\u00f3n (Provincia de Buenos Aires).<\/p>\n\n\n\n<p><strong>Pautas para la solicitud y acreditaci\u00f3n de unidades curriculares por equivalencia&nbsp;autom\u00e1tica<\/strong><\/p>\n\n\n\n<p>Para solicitar la acreditaci\u00f3n por equivalencia, la\/el estudiante deber\u00e1:<strong><\/strong><\/p>\n\n\n\n<ol type=\"1\" start=\"1\">\n<li>Solicitar mediante nota firmada la\/s equivalencia\/s autom\u00e1tica\/s 2026\n<ul>\n<li>Bajar nota a un dispositivo (celular &#8211; Tablet &#8211; pc) <\/li>\n\n\n\n<li>Completarla, imprimirla, firmarla manualmente y entregarla en preceptor\u00eda de la carrera y turno en los siguientes d\u00edas y horarios:                                                                                                                                                                                                               <\/li>\n\n\n\n<li>&#8211; Turno Ma\u00f1ana &#8211; Martes, mi\u00e9rcoles y jueves de 9 a 11 hs.<\/li>\n\n\n\n<li>&#8211; Turno Tarde &#8211; Martes, mi\u00e9rcoles y jueves de 13.30 a 15.30 hs.<\/li>\n\n\n\n<li>&#8211; Turno Vespertino: Martes, mi\u00e9rcoles y jueves de 18.30 a 20.30 hs.                        <\/li>\n<\/ul>\n<\/li>\n<\/ol>\n\n\n\n<div class=\"wp-block-file\"><a id=\"wp-block-file--media-93e4c3d0-4e32-43fc-9ab4-ced500a59d57\" href=\"https:\/\/isfd112-bue.infd.edu.ar\/sitio\/wp-content\/uploads\/2026\/03\/SOLICITUD-DE-EQUIVALENCIA-AUTOMATICA-1-2026.doc\">SOLICITUD-DE-EQUIVALENCIA-AUTOMATICA-1 2026<\/a><a href=\"https:\/\/isfd112-bue.infd.edu.ar\/sitio\/wp-content\/uploads\/2026\/03\/SOLICITUD-DE-EQUIVALENCIA-AUTOMATICA-1-2026.doc\" class=\"wp-block-file__button wp-element-button\" download aria-describedby=\"wp-block-file--media-93e4c3d0-4e32-43fc-9ab4-ced500a59d57\">Descarga<\/a><\/div>\n\n\n\n<ol type=\"1\" start=\"1\">\n<li>Acompa\u00f1ar la solicitud con el certificado anal\u00edtico total o parcial de estudios realizados en institutos de formaci\u00f3n docente de la Provincia de Buenos Aires.<\/li>\n\n\n\n<li>Se dar\u00e1 reconocimiento de equivalencias autom\u00e1tica de unidades curriculares acreditadas en el mismo o en otro instituto de formaci\u00f3n docente de la Provincia de Buenos Aires.<\/li>\n\n\n\n<li>Cursar la unidad curricular cuya acreditaci\u00f3n se solicita por equivalencia, hasta tanto se le confirme fehacientemente que se le otorg\u00f3 lo solicitado.<\/li>\n<\/ol>\n\n\n\n<hr class=\"wp-block-separator has-alpha-channel-opacity\"\/>\n\n\n\n<p class=\"has-text-align-left\"><strong>LA SOLICITUD DE EQUIVALENCIAS SE REALIZA PARA UNIDADES CURRICULARES DE 1\u00b0 A 4\u00b0 A\u00d1O EN UN MISMO PEDIDO (POR CAMBIOS EN LA NORMATIVA, YA NO SE RECLAMAN A\u00d1O POR A\u00d1O).<\/strong><\/p>\n\n\n\n<p><strong>EL PEDIDO DE EQUIVALENCIAS 2026<\/strong>&nbsp;<strong>SE EFECTUAR\u00c1 ENTRE LOS D\u00cdAS 16\/03\/2026 Y el 30\/04\/2026<\/strong>.<\/p>\n\n\n\n<p><strong>LAS RESPUESTAS A LOS PEDIDOS SE REALIZAR\u00c1N EN LOS 10 D\u00cdAS H\u00c1BILES POSTERIORES A LA ENTREGA Y REVISI\u00d3N DE LA DOCUMENTACI\u00d3N REQUERIDA<\/strong>.<\/p>\n\n\n\n<p><strong>POR FAVOR<\/strong> <strong>ENTREGAR LA DOCUMENTACI\u00d3N PEDIDA EN UN FOLIO<\/strong>. <\/p>\n\n\n\n<p><strong>CUALQUIER<\/strong> <strong>CONSULTA POR FAVOR ACERCARSE A PRECEPTORIA DE CADA CARRERA Y TURNO EN LOS HORARIOS PREVIAMENTE MENCIONADOS<\/strong><\/p>\n\n\n\n<p class=\"has-text-align-center\"><\/p>\n","protected":false},"excerpt":{"rendered":"<p>PEDIDO DE EQUIVALENCIA AUTOM\u00c1TICA CONSIDERACIONES GENERALES Se otorgar\u00e1 equivalencia autom\u00e1tica cuando se trate de unidades curriculares con la&nbsp;misma denominaci\u00f3n y contenidos en los planes de estudio de las carreras vigentes en Institutos de Formaci\u00f3n Docente de&nbsp;la jurisdicci\u00f3n (Provincia de Buenos Aires). Pautas para la solicitud y acreditaci\u00f3n de unidades curriculares por equivalencia&nbsp;autom\u00e1tica Para solicitar la &#8230; <a title=\"Equivalencias 2026\" class=\"read-more\" href=\"https:\/\/isfd112-bue.infd.edu.ar\/sitio\/equivalencias-internas-y-externas-2024\/\" aria-label=\"More on Equivalencias 2026\">[+]<\/a><\/p>\n","protected":false},"author":5172,"featured_media":0,"parent":0,"menu_order":0,"comment_status":"closed","ping_status":"closed","template":"","meta":[],"acf":[],"_links":{"self":[{"href":"https:\/\/isfd112-bue.infd.edu.ar\/sitio\/wp-json\/wp\/v2\/pages\/9965"}],"collection":[{"href":"https:\/\/isfd112-bue.infd.edu.ar\/sitio\/wp-json\/wp\/v2\/pages"}],"about":[{"href":"https:\/\/isfd112-bue.infd.edu.ar\/sitio\/wp-json\/wp\/v2\/types\/page"}],"author":[{"embeddable":true,"href":"https:\/\/isfd112-bue.infd.edu.ar\/sitio\/wp-json\/wp\/v2\/users\/5172"}],"replies":[{"embeddable":true,"href":"https:\/\/isfd112-bue.infd.edu.ar\/sitio\/wp-json\/wp\/v2\/comments?post=9965"}],"version-history":[{"count":10,"href":"https:\/\/isfd112-bue.infd.edu.ar\/sitio\/wp-json\/wp\/v2\/pages\/9965\/revisions"}],"predecessor-version":[{"id":12377,"href":"https:\/\/isfd112-bue.infd.edu.ar\/sitio\/wp-json\/wp\/v2\/pages\/9965\/revisions\/12377"}],"wp:attachment":[{"href":"https:\/\/isfd112-bue.infd.edu.ar\/sitio\/wp-json\/wp\/v2\/media?parent=9965"}],"curies":[{"name":"wp","href":"https:\/\/api.w.org\/{rel}","templated":true}]}}